{"id":44769,"date":"2021-03-21T12:53:18","date_gmt":"2021-03-21T11:53:18","guid":{"rendered":"https:\/\/nabytoklaguna.sk\/sk\/?post_type=product&#038;p=44769"},"modified":"2024-04-11T15:07:43","modified_gmt":"2024-04-11T13:07:43","slug":"art-elb-delta-skrina-so-zrkadlom","status":"publish","type":"product","link":"https:\/\/nabytoklaguna.sk\/sk\/produkt\/art-elb-delta-skrina-so-zrkadlom\/","title":{"rendered":"Elb DELTA skri\u0148a biela\/biely lesk"},"content":{"rendered":"<p>Modern\u00e9 skrine DELTA si z\u00edskaj\u00fa v\u0161etk\u00fdch milovn\u00edkov modern\u00e9ho dizajnu. Skri\u0148a m\u00e1 ve\u013ek\u00fd \u00falo\u017en\u00fd priestor, pri\u010dom vn\u00fatro skrine tvor\u00ed jedna \u0161atn\u00edkov\u00e1 a druh\u00e1 policov\u00e1 polovica. Skri\u0148a m\u00e1 posuvn\u00e9 dvere a zrkadlo. R\u00e1my na dver\u00e1ch, ako aj vodiace li\u0161ty s\u00fa vytvoren\u00e9 z hlin\u00edka.<\/p>\n<p>Farebn\u00e9 prevedenie:biela\/biely lesk<\/p>\n<p>Na v\u00fdber s\u00fa tri rozmery skrine<\/p>\n<p>\u0160xHxV:<\/p>\n<ul>\n<li>221x61x210 cm<\/li>\n<li>200x61x210 cm<\/li>\n<li>180x61x210 cm<\/li>\n<\/ul>\n","protected":false},"excerpt":{"rendered":"<p>Modern\u00e9 skrine DELTA si z\u00edskaj\u00fa v\u0161etk\u00fdch milovn\u00edkov modern\u00e9ho dizajnu. Skri\u0148a m\u00e1 ve\u013ek\u00fd \u00falo\u017en\u00fd priestor, pri\u010dom vn\u00fatro skrine tvor\u00ed jedna \u0161atn\u00edkov\u00e1 a druh\u00e1 policov\u00e1 polovica. Skri\u0148a m\u00e1 posuvn\u00e9 dvere a zrkadlo. R\u00e1my na dver\u00e1ch, ako aj vodiace li\u0161ty s\u00fa vytvoren\u00e9 z hlin\u00edka. Farebn\u00e9 prevedenie:biela\/biely lesk Na v\u00fdber s\u00fa tri rozmery skrine \u0160xHxV: 221x61x210 cm 200x61x210 cm&#8230;<\/p>\n","protected":false},"featured_media":64595,"comment_status":"closed","ping_status":"closed","template":"","meta":{"_seopress_robots_primary_cat":"223","_seopress_titles_title":"","_seopress_titles_desc":"","_seopress_robots_index":""},"product_brand":[],"product_cat":[1585,223,225],"product_tag":[],"class_list":{"0":"post-44769","1":"product","2":"type-product","3":"status-publish","4":"has-post-thumbnail","6":"product_cat-s-posuvnymi-dverami","7":"product_cat-spalne","8":"product_cat-skrine","10":"first","11":"onbackorder","12":"shipping-taxable","13":"purchasable","14":"product-type-variable"},"_links":{"self":[{"href":"https:\/\/nabytoklaguna.sk\/sk\/wp-json\/wp\/v2\/product\/44769","targetHints":{"allow":["GET"]}}],"collection":[{"href":"https:\/\/nabytoklaguna.sk\/sk\/wp-json\/wp\/v2\/product"}],"about":[{"href":"https:\/\/nabytoklaguna.sk\/sk\/wp-json\/wp\/v2\/types\/product"}],"replies":[{"embeddable":true,"href":"https:\/\/nabytoklaguna.sk\/sk\/wp-json\/wp\/v2\/comments?post=44769"}],"wp:featuredmedia":[{"embeddable":true,"href":"https:\/\/nabytoklaguna.sk\/sk\/wp-json\/wp\/v2\/media\/64595"}],"wp:attachment":[{"href":"https:\/\/nabytoklaguna.sk\/sk\/wp-json\/wp\/v2\/media?parent=44769"}],"wp:term":[{"taxonomy":"product_brand","embeddable":true,"href":"https:\/\/nabytoklaguna.sk\/sk\/wp-json\/wp\/v2\/product_brand?post=44769"},{"taxonomy":"product_cat","embeddable":true,"href":"https:\/\/nabytoklaguna.sk\/sk\/wp-json\/wp\/v2\/product_cat?post=44769"},{"taxonomy":"product_tag","embeddable":true,"href":"https:\/\/nabytoklaguna.sk\/sk\/wp-json\/wp\/v2\/product_tag?post=44769"}],"curies":[{"name":"wp","href":"https:\/\/api.w.org\/{rel}","templated":true}]}}