{"id":44827,"date":"2021-03-21T12:53:18","date_gmt":"2021-03-21T11:53:18","guid":{"rendered":"https:\/\/nabytoklaguna.sk\/sk\/?post_type=product&#038;p=44827"},"modified":"2025-03-31T14:06:49","modified_gmt":"2025-03-31T12:06:49","slug":"castel-obyvacia-stena","status":"publish","type":"product","link":"https:\/\/nabytoklaguna.sk\/sk\/produkt\/castel-obyvacia-stena\/","title":{"rendered":"STEL ob\u00fdvacia stena"},"content":{"rendered":"<p><strong>N\u00e1bytok\u00a0 STEL<\/strong> je vyroben\u00fd z kvalitn\u00fdch materi\u00e1lov. Ve\u013ek\u00fdm plus s\u00fa ABS hrany. Nev\u0161edn\u00fd detail tejto ob\u00fdvacej izby dod\u00e1vaj\u00fa kovov\u00e9 \u00fachytky. Farebn\u00e9 prevedenie: sonoma svetla a MDF sonoma h\u013euzovka(truffel). K stene sa d\u00e1 doobjedna\u0165 aj LED osvetlenie za pr\u00edplatok<\/p>\n<p><strong><span style=\"font-size: 15.008px;\">Z jednotliv\u00fdch komponentov si m\u00f4\u017ete vysklada\u0165 ob\u00fdvaciu izbu pod\u013ea Va\u0161\u00edch predst\u00e1v<\/span><\/strong><\/p>\n<ul>\n<li>vitr\u00edna CAS 04\/S (\u0161\/h\/v)(v cm) 55x43x201cm<\/li>\n<li>vitr\u00edna CAS 06\/S (\u0161\/h\/v)(v cm) 85x43x133cm<strong>\u00a0<\/strong><\/li>\n<li>komoda CAS 09 (\u0161\/h\/v)(v cm) 138x43x94cm<\/li>\n<li>skri\u0148a 2D CAS 01 (\u0161\/h\/v)(v cm) 92x66x201cm<\/li>\n<li>TV stol\u00edk CAS 13 (\u0161\/h\/v)(v cm) 138x43x52cm<\/li>\n<li>stol\u00edk CAS 14 (\u0161\/h\/v)(v cm) 115x64x46cm<\/li>\n<li>polica CAS 16 (\u0161\/h\/v)(v cm) 138x21x24cm<\/li>\n<li>polica CAS 17 (\u0161\/h\/v)(v cm) 92x21x24cm<strong>\u00a0<\/strong><\/li>\n<li>vitr\u00edna CAS 02\/S (\u0161\/h\/v)(v cm) 85x43x201 cm<\/li>\n<li>skrinka CAS\u00a0 03 L\/P (\u0161\/h\/v)(v cm) 55\/43\/201cm<\/li>\n<li>komoda CAS 05 (\u0161\/h\/v)(v cm) 92x43x133cm<\/li>\n<li>komoda CAS 08 (\u0161\/h\/v)(v cm) 165x43x94 cm<\/li>\n<li>komoda CAS 10 (\u0161\/h\/v)(v cm) 138x43x94 cm<\/li>\n<li>komoda CAS 11 (\u0161\/h\/v)(v cm) 92x43x94 cm<\/li>\n<\/ul>\n<div id=\"jp-relatedposts\" class=\"jp-relatedposts\"><\/div>\n","protected":false},"excerpt":{"rendered":"<p>N\u00e1bytok\u00a0 STEL je vyroben\u00fd z kvalitn\u00fdch materi\u00e1lov. Ve\u013ek\u00fdm plus s\u00fa ABS hrany. Nev\u0161edn\u00fd detail tejto ob\u00fdvacej izby dod\u00e1vaj\u00fa kovov\u00e9 \u00fachytky. Farebn\u00e9 prevedenie: sonoma svetla a MDF sonoma h\u013euzovka(truffel). K stene sa d\u00e1 doobjedna\u0165 aj LED osvetlenie za pr\u00edplatok Z jednotliv\u00fdch komponentov si m\u00f4\u017ete vysklada\u0165 ob\u00fdvaciu izbu pod\u013ea Va\u0161\u00edch predst\u00e1v vitr\u00edna CAS 04\/S (\u0161\/h\/v)(v cm) 55x43x201cm&#8230;<\/p>\n","protected":false},"featured_media":56989,"comment_status":"closed","ping_status":"closed","template":"","meta":{"_seopress_robots_primary_cat":"182","_seopress_titles_title":"","_seopress_titles_desc":"","_seopress_robots_index":""},"product_brand":[],"product_cat":[182,183],"product_tag":[],"class_list":{"0":"post-44827","1":"product","2":"type-product","3":"status-publish","4":"has-post-thumbnail","6":"product_cat-obyvacie-steny","7":"product_cat-sektorove-obyvacie-steny","8":"pa_typ-produktu-komoda-cas-05","9":"pa_typ-produktu-komoda-cas-08","10":"pa_typ-produktu-komoda-cas-09","11":"pa_typ-produktu-komoda-cas-10","12":"pa_typ-produktu-komoda-cas-11","13":"pa_typ-produktu-polica-cas-15","14":"pa_typ-produktu-polica-cas-16","15":"pa_typ-produktu-polica-cas-17","16":"pa_typ-produktu-rtv-stolik-cas-13","17":"pa_typ-produktu-skrina-2d-cas-01","18":"pa_typ-produktu-skrinka-cas-03-l-p","19":"pa_typ-produktu-stolik-cas-14","20":"pa_typ-produktu-tv-stolik-cas-12","21":"pa_typ-produktu-vitrina-cas-02-s","22":"pa_typ-produktu-vitrina-cas-04-s","23":"pa_typ-produktu-vitrina-cas-06-s","25":"first","26":"onbackorder","27":"shipping-taxable","28":"purchasable","29":"product-type-variable"},"_links":{"self":[{"href":"https:\/\/nabytoklaguna.sk\/sk\/wp-json\/wp\/v2\/product\/44827","targetHints":{"allow":["GET"]}}],"collection":[{"href":"https:\/\/nabytoklaguna.sk\/sk\/wp-json\/wp\/v2\/product"}],"about":[{"href":"https:\/\/nabytoklaguna.sk\/sk\/wp-json\/wp\/v2\/types\/product"}],"replies":[{"embeddable":true,"href":"https:\/\/nabytoklaguna.sk\/sk\/wp-json\/wp\/v2\/comments?post=44827"}],"wp:featuredmedia":[{"embeddable":true,"href":"https:\/\/nabytoklaguna.sk\/sk\/wp-json\/wp\/v2\/media\/56989"}],"wp:attachment":[{"href":"https:\/\/nabytoklaguna.sk\/sk\/wp-json\/wp\/v2\/media?parent=44827"}],"wp:term":[{"taxonomy":"product_brand","embeddable":true,"href":"https:\/\/nabytoklaguna.sk\/sk\/wp-json\/wp\/v2\/product_brand?post=44827"},{"taxonomy":"product_cat","embeddable":true,"href":"https:\/\/nabytoklaguna.sk\/sk\/wp-json\/wp\/v2\/product_cat?post=44827"},{"taxonomy":"product_tag","embeddable":true,"href":"https:\/\/nabytoklaguna.sk\/sk\/wp-json\/wp\/v2\/product_tag?post=44827"}],"curies":[{"name":"wp","href":"https:\/\/api.w.org\/{rel}","templated":true}]}}