{"id":45243,"date":"2021-03-21T12:53:18","date_gmt":"2021-03-21T11:53:18","guid":{"rendered":"https:\/\/nabytoklaguna.sk\/sk\/?post_type=product&#038;p=45243"},"modified":"2025-03-18T10:23:08","modified_gmt":"2025-03-18T09:23:08","slug":"silk-obyvacia-stena","status":"publish","type":"product","link":"https:\/\/nabytoklaguna.sk\/sk\/produkt\/silk-obyvacia-stena\/","title":{"rendered":"W LK ob\u00fdvacia stena"},"content":{"rendered":"<p>Ob\u00fdvacia stena<strong> W LK<\/strong> vo modernom sivom farebnom preveden\u00ed je <strong>vhodn\u00e1 do ka\u017edej modernej dom\u00e1cnosti.<\/strong> Ob\u00fdvacia stena p\u00f4sob\u00ed moderne a luxusne z\u00e1rove\u0148 v\u010faka<strong> farebnej kombin\u00e1ci\u00ed antracit+dub wotan alebo biely mat +biely lesk\u00a0<\/strong>, a <strong>push click otv\u00e1raniu<\/strong>. <strong>Vitr\u00edny s bielym LED<\/strong> osvetlen\u00edm dodaj\u00fa ob\u00fdvacej stene <strong>elegantn\u00fd vzh\u013ead.<\/strong>\u00a0<strong><br \/>\n<\/strong><\/p>\n<p>&nbsp;<\/p>\n<p>Mo\u017enos\u0165 objednania komody za cenu cenu 309 EUR( v pr\u00edpade z\u00e1ujmu sta\u010d\u00ed vlo\u017ei\u0165 pozn\u00e1mku)<\/p>\n<p>&nbsp;<\/p>\n<p><strong>Rozmery<\/strong>: \u0160xHxV\u00a0 \u00a0 240x40x150 cm<\/p>\n<p><strong>Farebn\u00e9 prevedenie<\/strong>: antracit\/dub wotan,\u00a0 \u00a0 alebo biely mat\/ biely lesk<\/p>\n<p><strong>Materi\u00e1l<\/strong>: LTD \/ MDF \/ sklo<\/p>\n","protected":false},"excerpt":{"rendered":"<p>Ob\u00fdvacia stena W LK vo modernom sivom farebnom preveden\u00ed je vhodn\u00e1 do ka\u017edej modernej dom\u00e1cnosti. Ob\u00fdvacia stena p\u00f4sob\u00ed moderne a luxusne z\u00e1rove\u0148 v\u010faka farebnej kombin\u00e1ci\u00ed antracit+dub wotan alebo biely mat +biely lesk\u00a0, a push click otv\u00e1raniu. Vitr\u00edny s bielym LED osvetlen\u00edm dodaj\u00fa ob\u00fdvacej stene elegantn\u00fd vzh\u013ead.\u00a0 &nbsp; Mo\u017enos\u0165 objednania komody za cenu cenu 309 EUR(&#8230;<\/p>\n","protected":false},"featured_media":45247,"comment_status":"closed","ping_status":"closed","template":"","meta":{"_seopress_robots_primary_cat":"182","_seopress_titles_title":"","_seopress_titles_desc":"","_seopress_robots_index":""},"product_brand":[],"product_cat":[182,251],"product_tag":[],"class_list":{"0":"post-45243","1":"product","2":"type-product","3":"status-publish","4":"has-post-thumbnail","6":"product_cat-obyvacie-steny","7":"product_cat-steny","9":"first","10":"onbackorder","11":"shipping-taxable","12":"purchasable","13":"product-type-variable"},"_links":{"self":[{"href":"https:\/\/nabytoklaguna.sk\/sk\/wp-json\/wp\/v2\/product\/45243","targetHints":{"allow":["GET"]}}],"collection":[{"href":"https:\/\/nabytoklaguna.sk\/sk\/wp-json\/wp\/v2\/product"}],"about":[{"href":"https:\/\/nabytoklaguna.sk\/sk\/wp-json\/wp\/v2\/types\/product"}],"replies":[{"embeddable":true,"href":"https:\/\/nabytoklaguna.sk\/sk\/wp-json\/wp\/v2\/comments?post=45243"}],"wp:featuredmedia":[{"embeddable":true,"href":"https:\/\/nabytoklaguna.sk\/sk\/wp-json\/wp\/v2\/media\/45247"}],"wp:attachment":[{"href":"https:\/\/nabytoklaguna.sk\/sk\/wp-json\/wp\/v2\/media?parent=45243"}],"wp:term":[{"taxonomy":"product_brand","embeddable":true,"href":"https:\/\/nabytoklaguna.sk\/sk\/wp-json\/wp\/v2\/product_brand?post=45243"},{"taxonomy":"product_cat","embeddable":true,"href":"https:\/\/nabytoklaguna.sk\/sk\/wp-json\/wp\/v2\/product_cat?post=45243"},{"taxonomy":"product_tag","embeddable":true,"href":"https:\/\/nabytoklaguna.sk\/sk\/wp-json\/wp\/v2\/product_tag?post=45243"}],"curies":[{"name":"wp","href":"https:\/\/api.w.org\/{rel}","templated":true}]}}