{"id":45534,"date":"2021-03-21T12:53:18","date_gmt":"2021-03-21T11:53:18","guid":{"rendered":"https:\/\/nabytoklaguna.sk\/sk\/?post_type=product&#038;p=45534"},"modified":"2025-06-03T14:19:26","modified_gmt":"2025-06-03T12:19:26","slug":"tempo-kondela-lanza-prave-prevedenie","status":"publish","type":"product","link":"https:\/\/nabytoklaguna.sk\/sk\/produkt\/tempo-kondela-lanza-prave-prevedenie\/","title":{"rendered":"K LANZA"},"content":{"rendered":"<p>Potrebujete nov\u00fa sedaciu s\u00fapravu? Sedacia s\u00faprava <strong>LANZA<\/strong> je novinkou na trhu a svoj\u00edm dizajnom ur\u010dite zapadne do V\u00e1\u0161ho interi\u00e9ru. Pon\u00faka V\u00e1m pohodln\u00e9 sedenie a to v\u010faka <strong>pru\u017eine FALISTA<\/strong>(Pru\u017eina Falista je tvarovan\u00e1 do podoby\u00a0vlnovky, \u010do pozit\u00edvne vpl\u00fdva na\u00a0pru\u017enos\u0165 a teda aj na m\u00e4kkos\u0165 seda\u010dky) a <strong>HR pen<\/strong>e(HR PUR pena m\u00e1 oproti klasickej PUR pene vy\u0161\u0161iu tuhos\u0165, lep\u0161iu kvalitu). T\u00e1to kombin\u00e1cia zabezpe\u010duje maxim\u00e1lne <strong>pohodlie<\/strong> pri seden\u00ed a taktie\u017e <strong>predl\u017euje \u017eivotnos\u0165<\/strong> sedacej s\u00fapravy. <strong>Polohovacie z\u00e1hlavn\u00edky<\/strong> pridaj\u00fa na relaxe,ktor\u00fd si zasl\u00fa\u017eit po n\u00e1ro\u010dnom dni. Jednoduch\u00fdmi krokmi sedaciu s\u00fapravu rozlo\u017e\u00edte a sprav\u00edte z nej plochu na pr\u00edle\u017eitostn\u00e9 spanie. Deky \u010di veci, ktor\u00e9 potrebujete ma\u0165 po ruke odlo\u017e\u00edte do <strong>\u00falo\u017en\u00e9ho priestoru<\/strong>, ktor\u00fdm sedacia s\u00faprava disponuje. Ur\u010dite ocen\u00edte<strong> dve taburetky,ktor\u00e9 n\u00e1jdete v opierke na ruky<\/strong>(rozmer taburetka-\u0160xHxV:40x34x43 cm) Mo\u017enos\u0165 v\u00fdberu prav\u00e9ho alebo \u013eav\u00e9ho prevedenia. Sedacia s\u00faprava je celo\u010dal\u00fanen\u00e1, je mo\u017en\u00e9 ju umiestni\u0165 do priestoru<\/p>\n<p>Zobrazen\u00e1 sedacia s\u00faprava je v l\u00e1tke <strong>PRESTON<\/strong> 22 kvalitn\u00e1 po\u0165ahov\u00e1 l\u00e1tka s <strong>efektom br\u00fasenej ko\u017ee<\/strong>. T\u00e1to l\u00e1tka je ve\u013emi pr\u00edjemna na dotyk, pevn\u00e1 s vysokou oderuschopnos\u0165ou a p\u00edlingom. Vank\u00fa\u0161e-l\u00e1tka Jasmine svetlofialov\u00e1 62.<\/p>\n<p>Mo\u017enos\u0165 objednania v 4 farebn\u00fdch prevedeniach l\u00e1tky Preston a Jasmine za cenu: 1.542 \u20ac. Dodacia doba je 8-10 t\u00fd\u017ed\u0148ov<\/p>\n<h3 class=\"page-product-heading\">VLASTNOSTI<\/h3>\n<table class=\"table-data-sheet\">\n<tbody>\n<tr class=\"odd\">\n<td>H\u013abka<\/td>\n<td>220 cm<\/td>\n<\/tr>\n<tr class=\"even\">\n<td>\u0160\u00edrka<\/td>\n<td>275 cm<\/td>\n<\/tr>\n<tr class=\"odd\">\n<td>V\u00fd\u0161ka<\/td>\n<td>85-100 cm<\/td>\n<\/tr>\n<tr class=\"even\">\n<td>Vhodn\u00e1 miestnos\u0165<\/td>\n<td>ob\u00fdva\u010dka, spolo\u010densk\u00e1 miestnos\u0165, hotely, kaviarne<\/td>\n<\/tr>\n<tr class=\"odd\">\n<td>Typ n\u00e1bytku<\/td>\n<td>rohov\u00e1 sedacia s\u00faprava<\/td>\n<\/tr>\n<tr class=\"even\">\n<td>\u0160t\u00fdl n\u00e1bytku<\/td>\n<td>modern\u00fd<\/td>\n<\/tr>\n<tr class=\"odd\">\n<td>Z\u00e1ruka<\/td>\n<td>2 roky<\/td>\n<\/tr>\n<tr class=\"even\">\n<td>Sp\u00f4sob dodania<\/td>\n<td>demont v dvoch bal\u00edkoch<\/td>\n<\/tr>\n<tr class=\"odd\">\n<td>Hmotnos\u0165<\/td>\n<td>120 kg<\/td>\n<\/tr>\n<tr class=\"even\">\n<td>\u00dalo\u017en\u00fd priestor<\/td>\n<td>\u00e1no<\/td>\n<\/tr>\n<tr class=\"odd\">\n<td>Rohov\u00e9 prevedenie<\/td>\n<td>\u00e1no<\/td>\n<\/tr>\n<tr class=\"even\">\n<td>V\u00fd\u0161ka sed\u00e1ka<\/td>\n<td>43 cm<\/td>\n<\/tr>\n<tr class=\"odd\">\n<td>V\u00fd\u0161ka zadn\u00e9ho \u010dela<\/td>\n<td>max. 100cm<\/td>\n<\/tr>\n<tr class=\"even\">\n<td>Mo\u017enos\u0165 rozkladania<\/td>\n<td>\u00e1no<\/td>\n<\/tr>\n<tr class=\"odd\">\n<td>Plocha na spanie:<\/td>\n<td>120x190cm<\/td>\n<\/tr>\n<tr class=\"even\">\n<td>Kon\u0161trukcia<\/td>\n<td>DTD<\/td>\n<\/tr>\n<tr class=\"odd\">\n<td>N\u00f4\u017eky<\/td>\n<td>kov<\/td>\n<\/tr>\n<tr class=\"even\">\n<td>Obsahuje vank\u00fa\u0161e<\/td>\n<td>\u00e1no<\/td>\n<\/tr>\n<tr class=\"odd\">\n<td>Nastavenie opierok<\/td>\n<td>\u00e1no<\/td>\n<\/tr>\n<tr class=\"even\">\n<td>V\u00fdpl\u0148 seda\u010dky<\/td>\n<td>pena+ pru\u017eina<\/td>\n<\/tr>\n<\/tbody>\n<\/table>\n","protected":false},"excerpt":{"rendered":"<p>Potrebujete nov\u00fa sedaciu s\u00fapravu? Sedacia s\u00faprava LANZA je novinkou na trhu a svoj\u00edm dizajnom ur\u010dite zapadne do V\u00e1\u0161ho interi\u00e9ru. Pon\u00faka V\u00e1m pohodln\u00e9 sedenie a to v\u010faka pru\u017eine FALISTA(Pru\u017eina Falista je tvarovan\u00e1 do podoby\u00a0vlnovky, \u010do pozit\u00edvne vpl\u00fdva na\u00a0pru\u017enos\u0165 a teda aj na m\u00e4kkos\u0165 seda\u010dky) a HR pene(HR PUR pena m\u00e1 oproti klasickej PUR pene vy\u0161\u0161iu tuhos\u0165,&#8230;<\/p>\n","protected":false},"featured_media":90106,"comment_status":"closed","ping_status":"closed","template":"","meta":{"_seopress_robots_primary_cat":"140","_seopress_titles_title":"","_seopress_titles_desc":"","_seopress_robots_index":""},"product_brand":[],"product_cat":[255,140],"product_tag":[],"class_list":{"0":"post-45534","1":"product","2":"type-product","3":"status-publish","4":"has-post-thumbnail","6":"product_cat-rohove-supravy","7":"product_cat-sedacie-supravy","9":"first","10":"onbackorder","11":"shipping-taxable","12":"purchasable","13":"product-type-variable"},"_links":{"self":[{"href":"https:\/\/nabytoklaguna.sk\/sk\/wp-json\/wp\/v2\/product\/45534","targetHints":{"allow":["GET"]}}],"collection":[{"href":"https:\/\/nabytoklaguna.sk\/sk\/wp-json\/wp\/v2\/product"}],"about":[{"href":"https:\/\/nabytoklaguna.sk\/sk\/wp-json\/wp\/v2\/types\/product"}],"replies":[{"embeddable":true,"href":"https:\/\/nabytoklaguna.sk\/sk\/wp-json\/wp\/v2\/comments?post=45534"}],"wp:featuredmedia":[{"embeddable":true,"href":"https:\/\/nabytoklaguna.sk\/sk\/wp-json\/wp\/v2\/media\/90106"}],"wp:attachment":[{"href":"https:\/\/nabytoklaguna.sk\/sk\/wp-json\/wp\/v2\/media?parent=45534"}],"wp:term":[{"taxonomy":"product_brand","embeddable":true,"href":"https:\/\/nabytoklaguna.sk\/sk\/wp-json\/wp\/v2\/product_brand?post=45534"},{"taxonomy":"product_cat","embeddable":true,"href":"https:\/\/nabytoklaguna.sk\/sk\/wp-json\/wp\/v2\/product_cat?post=45534"},{"taxonomy":"product_tag","embeddable":true,"href":"https:\/\/nabytoklaguna.sk\/sk\/wp-json\/wp\/v2\/product_tag?post=45534"}],"curies":[{"name":"wp","href":"https:\/\/api.w.org\/{rel}","templated":true}]}}