{"id":46289,"date":"2021-03-21T12:53:18","date_gmt":"2021-03-21T11:53:18","guid":{"rendered":"https:\/\/nabytoklaguna.sk\/sk\/?post_type=product&#038;p=46289"},"modified":"2025-02-25T10:21:06","modified_gmt":"2025-02-25T09:21:06","slug":"tempo-kondela-milo","status":"publish","type":"product","link":"https:\/\/nabytoklaguna.sk\/sk\/produkt\/tempo-kondela-milo\/","title":{"rendered":"K MILO"},"content":{"rendered":"<p><strong>Modern\u00fd<\/strong> a rozkladac\u00ed<strong> 3-sed MILO<\/strong> dod\u00e1 v\u00e1\u0161mu interi\u00e9ru jedine\u010dn\u00fd n\u00e1dych. V\u010faka rozkladacej funkcii <strong>3-sed MILO<\/strong> poskytne dostatok miesta pre pohodln\u00e9<strong> pr\u00edle\u017eitostn\u00e9 spanie<\/strong> s plochou 190&#215;122 cm.<\/p>\n<p>K 3-sedu je mo\u017en\u00e9 doobjedna\u0165<strong> kreslo a taburet<\/strong><\/p>\n<p><strong>Materi\u00e1l:<\/strong> korpus \u0161enil Berlin 3 + sedenie Savana 25 hned\u00e1, Savana 25 + vank\u00fa\u0161e vzor Rose 14<\/p>\n<p>Rozmery (cm): \u0160xHxV: 3-sed: 221x91x90<\/p>\n<p>Plocha na spanie (cm): 190&#215;122<\/p>\n<p>V\u00fd\u0161ka x h\u013abka sedu (cm): 40&#215;60<\/p>\n<p>Kreslo (cm): \u0160xHxV: 79x78x85<\/p>\n<p>Mo\u017enos\u0165 individu\u00e1lnych objedn\u00e1vok v 12 odtie\u0148och l\u00e1tky Savana.<\/p>\n","protected":false},"excerpt":{"rendered":"<p>Modern\u00fd a rozkladac\u00ed 3-sed MILO dod\u00e1 v\u00e1\u0161mu interi\u00e9ru jedine\u010dn\u00fd n\u00e1dych. V\u010faka rozkladacej funkcii 3-sed MILO poskytne dostatok miesta pre pohodln\u00e9 pr\u00edle\u017eitostn\u00e9 spanie s plochou 190&#215;122 cm. K 3-sedu je mo\u017en\u00e9 doobjedna\u0165 kreslo a taburet Materi\u00e1l: korpus \u0161enil Berlin 3 + sedenie Savana 25 hned\u00e1, Savana 25 + vank\u00fa\u0161e vzor Rose 14 Rozmery (cm): \u0160xHxV: 3-sed:&#8230;<\/p>\n","protected":false},"featured_media":91129,"comment_status":"closed","ping_status":"closed","template":"","meta":{"_seopress_robots_primary_cat":"140","_seopress_titles_title":"","_seopress_titles_desc":"","_seopress_robots_index":""},"product_brand":[],"product_cat":[140,231],"product_tag":[],"class_list":{"0":"post-46289","1":"product","2":"type-product","3":"status-publish","4":"has-post-thumbnail","6":"product_cat-sedacie-supravy","7":"product_cat-kresla","8":"pa_typ-produktu-3sed","9":"pa_typ-produktu-kreslo","10":"pa_typ-produktu-taburetka","12":"first","13":"onbackorder","14":"shipping-taxable","15":"purchasable","16":"product-type-variable"},"_links":{"self":[{"href":"https:\/\/nabytoklaguna.sk\/sk\/wp-json\/wp\/v2\/product\/46289","targetHints":{"allow":["GET"]}}],"collection":[{"href":"https:\/\/nabytoklaguna.sk\/sk\/wp-json\/wp\/v2\/product"}],"about":[{"href":"https:\/\/nabytoklaguna.sk\/sk\/wp-json\/wp\/v2\/types\/product"}],"replies":[{"embeddable":true,"href":"https:\/\/nabytoklaguna.sk\/sk\/wp-json\/wp\/v2\/comments?post=46289"}],"wp:featuredmedia":[{"embeddable":true,"href":"https:\/\/nabytoklaguna.sk\/sk\/wp-json\/wp\/v2\/media\/91129"}],"wp:attachment":[{"href":"https:\/\/nabytoklaguna.sk\/sk\/wp-json\/wp\/v2\/media?parent=46289"}],"wp:term":[{"taxonomy":"product_brand","embeddable":true,"href":"https:\/\/nabytoklaguna.sk\/sk\/wp-json\/wp\/v2\/product_brand?post=46289"},{"taxonomy":"product_cat","embeddable":true,"href":"https:\/\/nabytoklaguna.sk\/sk\/wp-json\/wp\/v2\/product_cat?post=46289"},{"taxonomy":"product_tag","embeddable":true,"href":"https:\/\/nabytoklaguna.sk\/sk\/wp-json\/wp\/v2\/product_tag?post=46289"}],"curies":[{"name":"wp","href":"https:\/\/api.w.org\/{rel}","templated":true}]}}