{"id":46486,"date":"2021-03-21T12:53:18","date_gmt":"2021-03-21T11:53:18","guid":{"rendered":"https:\/\/nabytoklaguna.sk\/sk\/?post_type=product&#038;p=46486"},"modified":"2025-02-13T13:29:22","modified_gmt":"2025-02-13T12:29:22","slug":"tempo-kondela-polaris-new","status":"publish","type":"product","link":"https:\/\/nabytoklaguna.sk\/sk\/produkt\/tempo-kondela-polaris-new\/","title":{"rendered":"TK POLARIS NEW"},"content":{"rendered":"<p>[youtube https:\/\/www.youtube.com\/watch?v=PldEwe9FGN0]<\/p>\n<p>Praktick\u00e1 rohov\u00e1 sedacia s\u00faprava POLARIS NEW sa hod\u00ed do ka\u017edej modernej dom\u00e1cnosti. Sedacia s\u00faprava je univerz\u00e1lne, tak\u017ee si ju pod\u013ea potreby posklad\u00e1te do \u013eavej alebo pravej strany. S\u00fa\u010das\u0165ou sedacej s\u00fapravy s\u00fa 3 ve\u013ek\u00e9 a 2 mal\u00e9 vank\u00fa\u0161e, ktor\u00e9 zabezpe\u010dia pohodlie pre va\u0161u chrbticu. Funkcia rozkladania poskytne pre pr\u00edle\u017eitostn\u00e9 spanie plochu na spanie s rozmermi 135&#215;192 cm. Ur\u010dite ocen\u00edte aj praktick\u00fd \u00falo\u017en\u00fd priestor, ktor\u00fd m\u00f4\u017eete vyu\u017ei\u0165 na odkladanie sez\u00f3nnych diek \u010di prikr\u00fdvok. Svoj\u00edm u\u017e\u00edvate\u013eom poskytuje pr\u00edjemn\u00e9 sedenie, ktor\u00e9ho jadro tvor\u00ed molitan.<\/p>\n<h3 class=\"page-product-heading\">VLASTNOSTI<\/h3>\n<table class=\"table-data-sheet\" style=\"width: 100%; height: 1019px;\">\n<tbody>\n<tr class=\"odd\" style=\"height: 51px;\">\n<td style=\"height: 51px;\">H\u013abka<\/td>\n<td style=\"height: 51px;\">142 cm<\/td>\n<\/tr>\n<tr class=\"even\" style=\"height: 51px;\">\n<td style=\"height: 51px;\">\u0160\u00edrka<\/td>\n<td style=\"height: 51px;\">192 cm<\/td>\n<\/tr>\n<tr class=\"odd\" style=\"height: 51px;\">\n<td style=\"height: 51px;\">V\u00fd\u0161ka<\/td>\n<td style=\"height: 51px;\">68\/78 cm<\/td>\n<\/tr>\n<tr class=\"even\" style=\"height: 51px;\">\n<td style=\"height: 51px;\">Vhodn\u00e1 miestnos\u0165<\/td>\n<td style=\"height: 51px;\">ob\u00fdva\u010dka, spolo\u010densk\u00e1 miestnos\u0165, hotely, kaviarne<\/td>\n<\/tr>\n<tr class=\"odd\" style=\"height: 51px;\">\n<td style=\"height: 51px;\">Typ n\u00e1bytku<\/td>\n<td style=\"height: 51px;\">rohov\u00e1 sedacia s\u00faprava<\/td>\n<\/tr>\n<tr class=\"even\" style=\"height: 51px;\">\n<td style=\"height: 51px;\">\u0160t\u00fdl n\u00e1bytku<\/td>\n<td style=\"height: 51px;\">modern\u00fd<\/td>\n<\/tr>\n<tr class=\"odd\" style=\"height: 51px;\">\n<td style=\"height: 51px;\">Z\u00e1ruka<\/td>\n<td style=\"height: 51px;\">2 roky<\/td>\n<\/tr>\n<tr class=\"even\" style=\"height: 51px;\">\n<td style=\"height: 51px;\">Sp\u00f4sob dodania<\/td>\n<td style=\"height: 51px;\">demont v dvoch bal\u00edkoch<\/td>\n<\/tr>\n<tr class=\"odd\" style=\"height: 51px;\">\n<td style=\"height: 51px;\">Hmotnos\u0165<\/td>\n<td style=\"height: 51px;\">110 kg<\/td>\n<\/tr>\n<tr class=\"even\" style=\"height: 51px;\">\n<td style=\"height: 51px;\">\u00dalo\u017en\u00fd priestor<\/td>\n<td style=\"height: 51px;\">\u00e1no<\/td>\n<\/tr>\n<tr class=\"odd\" style=\"height: 51px;\">\n<td style=\"height: 51px;\">Rohov\u00e9 prevedenie<\/td>\n<td style=\"height: 51px;\">\u00e1no<\/td>\n<\/tr>\n<tr class=\"even\" style=\"height: 51px;\">\n<td style=\"height: 51px;\">V\u00fd\u0161ka sed\u00e1ka<\/td>\n<td style=\"height: 51px;\">40 cm<\/td>\n<\/tr>\n<tr class=\"odd\" style=\"height: 51px;\">\n<td style=\"height: 51px;\">V\u00fd\u0161ka zadn\u00e9ho \u010dela<\/td>\n<td style=\"height: 51px;\">max. 82 cm<\/td>\n<\/tr>\n<tr class=\"even\" style=\"height: 51px;\">\n<td style=\"height: 51px;\">Mo\u017enos\u0165 rozkladania<\/td>\n<td style=\"height: 51px;\">\u00e1no<\/td>\n<\/tr>\n<tr class=\"odd\" style=\"height: 51px;\">\n<td style=\"height: 51px;\">Plocha na spanie<\/td>\n<td style=\"height: 51px;\">135\u00d7192cm<\/td>\n<\/tr>\n<tr class=\"even\" style=\"height: 51px;\">\n<td style=\"height: 51px;\">Kon\u0161trukcia<\/td>\n<td style=\"height: 51px;\">DTD<\/td>\n<\/tr>\n<tr class=\"odd\" style=\"height: 51px;\">\n<td style=\"height: 51px;\"><\/td>\n<td style=\"height: 51px;\"><\/td>\n<\/tr>\n<tr class=\"even\" style=\"height: 51px;\">\n<td style=\"height: 51px;\">Obsahuje vank\u00fa\u0161e<\/td>\n<td style=\"height: 51px;\">\u00e1no<\/td>\n<\/tr>\n<tr class=\"odd\" style=\"height: 51px;\">\n<td style=\"height: 51px;\">Nastavenie opierok<\/td>\n<td style=\"height: 51px;\">nie<\/td>\n<\/tr>\n<tr class=\"even\" style=\"height: 50px;\">\n<td style=\"height: 50px;\">V\u00fdpl\u0148 seda\u010dky<\/td>\n<td style=\"height: 50px;\">pena+ pru\u017eina<\/td>\n<\/tr>\n<\/tbody>\n<\/table>\n","protected":false},"excerpt":{"rendered":"<p>[youtube https:\/\/www.youtube.com\/watch?v=PldEwe9FGN0] Praktick\u00e1 rohov\u00e1 sedacia s\u00faprava POLARIS NEW sa hod\u00ed do ka\u017edej modernej dom\u00e1cnosti. Sedacia s\u00faprava je univerz\u00e1lne, tak\u017ee si ju pod\u013ea potreby posklad\u00e1te do \u013eavej alebo pravej strany. S\u00fa\u010das\u0165ou sedacej s\u00fapravy s\u00fa 3 ve\u013ek\u00e9 a 2 mal\u00e9 vank\u00fa\u0161e, ktor\u00e9 zabezpe\u010dia pohodlie pre va\u0161u chrbticu. Funkcia rozkladania poskytne pre pr\u00edle\u017eitostn\u00e9 spanie plochu na spanie s&#8230;<\/p>\n","protected":false},"featured_media":91009,"comment_status":"closed","ping_status":"closed","template":"","meta":{"_seopress_robots_primary_cat":"140","_seopress_titles_title":"","_seopress_titles_desc":"","_seopress_robots_index":""},"product_brand":[],"product_cat":[255,140],"product_tag":[],"class_list":{"0":"post-46486","1":"product","2":"type-product","3":"status-publish","4":"has-post-thumbnail","6":"product_cat-rohove-supravy","7":"product_cat-sedacie-supravy","9":"first","10":"onbackorder","11":"shipping-taxable","12":"purchasable","13":"product-type-variable"},"_links":{"self":[{"href":"https:\/\/nabytoklaguna.sk\/sk\/wp-json\/wp\/v2\/product\/46486","targetHints":{"allow":["GET"]}}],"collection":[{"href":"https:\/\/nabytoklaguna.sk\/sk\/wp-json\/wp\/v2\/product"}],"about":[{"href":"https:\/\/nabytoklaguna.sk\/sk\/wp-json\/wp\/v2\/types\/product"}],"replies":[{"embeddable":true,"href":"https:\/\/nabytoklaguna.sk\/sk\/wp-json\/wp\/v2\/comments?post=46486"}],"wp:featuredmedia":[{"embeddable":true,"href":"https:\/\/nabytoklaguna.sk\/sk\/wp-json\/wp\/v2\/media\/91009"}],"wp:attachment":[{"href":"https:\/\/nabytoklaguna.sk\/sk\/wp-json\/wp\/v2\/media?parent=46486"}],"wp:term":[{"taxonomy":"product_brand","embeddable":true,"href":"https:\/\/nabytoklaguna.sk\/sk\/wp-json\/wp\/v2\/product_brand?post=46486"},{"taxonomy":"product_cat","embeddable":true,"href":"https:\/\/nabytoklaguna.sk\/sk\/wp-json\/wp\/v2\/product_cat?post=46486"},{"taxonomy":"product_tag","embeddable":true,"href":"https:\/\/nabytoklaguna.sk\/sk\/wp-json\/wp\/v2\/product_tag?post=46486"}],"curies":[{"name":"wp","href":"https:\/\/api.w.org\/{rel}","templated":true}]}}