{"id":46552,"date":"2021-03-21T12:53:18","date_gmt":"2021-03-21T11:53:18","guid":{"rendered":"https:\/\/nabytoklaguna.sk\/sk\/?post_type=product&#038;p=46552"},"modified":"2025-07-02T16:05:19","modified_gmt":"2025-07-02T14:05:19","slug":"k-angel","status":"publish","type":"product","link":"https:\/\/nabytoklaguna.sk\/sk\/produkt\/k-angel\/","title":{"rendered":"K ANGEL"},"content":{"rendered":"<p>Elegantn\u00fd sektorov\u00fd n\u00e1bytok vhodn\u00fd na zariadenie detsk\u00fdch \u010di \u0161tudentsk\u00fdch izieb. Vhodn\u00e9 aj do sp\u00e1ln\u00ed. Na v\u00fdrobu bola pou\u017eit\u00e1 DTD laminovan\u00e1 vo farebnom preveden\u00ed biela craft.<\/p>\n<p>Cena za komplet(skri\u0148a 3D+poste\u013e 160&#215;200+ 2x no\u010dn\u00fd stol\u00edk)<\/p>\n<p>Typ 10 Skri\u0148a 1D3S &#8211;\u00a0<b style=\"font-size: 15.008px;\">Rozmery (\u0160xHxV):<\/b><span style=\"font-size: 15.008px;\">\u00a056&#215;40,2&#215;190,5 cm<br \/>\n<\/span><span style=\"font-size: 15.008px;\">Typ 11 Reg\u00e1l 3S &#8211;\u00a0<\/span><b style=\"font-size: 15.008px;\">Rozmery (\u0160xHxV):<\/b><span style=\"font-size: 15.008px;\">\u00a056&#215;40,2&#215;190,5 cm<br \/>\n<\/span>Typ 20 Skri\u0148a 2D2S &#8211;\u00a0<b style=\"font-size: 15.008px;\">Rozmery (\u0160xHxV):<\/b><span style=\"font-size: 15.008px;\">\u00a084&#215;58,2&#215;190,5 cm<br \/>\n<\/span>Typ 21 Rohov\u00e1 skri\u0148a 2D &#8211;\u00a0<b style=\"font-size: 15.008px;\">Rozmery (\u0160xHxV):<\/b><span style=\"font-size: 15.008px;\">\u00a096x96x190,5 cm<br \/>\n<\/span>Typ 22 Skri\u0148a 3D &#8211;\u00a0<b style=\"font-size: 15.008px;\">Rozmery (\u0160xHxV):<\/b><span style=\"font-size: 15.008px;\">\u00a0220,1x60x207,5 cm<br \/>\n<\/span>Typ 31 Komoda 3D1S &#8211;\u00a0<b style=\"font-size: 15.008px;\">Rozmery (\u0160xHxV):<\/b><span style=\"font-size: 15.008px;\">\u00a084&#215;40,2&#215;130,7 cm<br \/>\n<\/span>Typ 32 Komoda 3S &#8211;\u00a0<b style=\"font-size: 15.008px;\">Rozmery (\u0160xHxV):<\/b><span style=\"font-size: 15.008px;\">\u00a084&#215;40,2&#215;130,7 cm<br \/>\n<\/span>Typ 33 Komoda 4D2S &#8211;\u00a0<b style=\"font-size: 15.008px;\">Rozmery (\u0160xHxV):<\/b><span style=\"font-size: 15.008px;\">\u00a084&#215;40,2&#215;116,3 cm<br \/>\n<\/span>Typ 35 Komoda 1D3S &#8211;\u00a0<b style=\"font-size: 15.008px;\">Rozmery (\u0160xHxV):<\/b><span style=\"font-size: 15.008px;\">\u00a056&#215;40,2&#215;116,3 cm<br \/>\n<\/span>Typ 41\u00a0 Komoda 1D5S &#8211;\u00a0<b style=\"font-size: 15.008px;\">Rozmery (\u0160xHxV):<\/b><span style=\"font-size: 15.008px;\">\u00a0118,7&#215;40,2&#215;76,5 cm<br \/>\n<\/span>Typ 42 Komoda 2D6S &#8211;\u00a0<b style=\"font-size: 15.008px;\">Rozmery (\u0160xHxV):<\/b><span style=\"font-size: 15.008px;\">\u00a0118,7&#215;40,2&#215;76,5 cm<br \/>\n<\/span>Typ 43 Komoda 5S &#8211;\u00a0<b style=\"font-size: 15.008px;\">Rozmery (\u0160xHxV):<\/b><span style=\"font-size: 15.008px;\">\u00a084&#215;40,2&#215;76,5 cm<br \/>\n<\/span>Typ 44 Komoda 1S &#8211;\u00a0<b style=\"font-size: 15.008px;\">Rozmery (\u0160xHxV):<\/b><span style=\"font-size: 15.008px;\">\u00a084x40x76,5 cm<br \/>\n<\/span>Typ 60 Polica 1S &#8211;\u00a0<b style=\"font-size: 15.008px;\">Rozmery (\u0160xHxV):<\/b><span style=\"font-size: 15.008px;\">\u00a0118,7&#215;25,2&#215;83,2 cm<br \/>\n<\/span>Typ 61 Polica 118 &#8211;\u00a0<b style=\"font-size: 15.008px;\">Rozmery (\u0160xHxV):<\/b><span style=\"font-size: 15.008px;\">\u00a0118x25x21,6 cm<br \/>\n<\/span>Typ 62 Polica 84 &#8211;\u00a0<b style=\"font-size: 15.008px;\">Rozmery (\u0160xHxV):<\/b><span style=\"font-size: 15.008px;\">\u00a084x25x21,6 cm<br \/>\n<\/span>Typ 80 PC st\u00f4l 3S &#8211;\u00a0<b style=\"font-size: 15.008px;\">Rozmery (\u0160xHxV):<\/b><span style=\"font-size: 15.008px;\">\u00a0118,7x60x76,5 cm<br \/>\n<\/span>Typ 90 Poste\u013e 90&#215;200 s \u00falo\u017en\u00fdm priestorom &#8211;\u00a0<b style=\"font-size: 15.008px;\">Rozmery (\u0160xHxV):<\/b><span style=\"font-size: 15.008px;\"> 95,8&#215;206,1&#215;80,5 cm, bez matraca a ro\u0161tu<br \/>\n<\/span>Typ 92 Poste\u013e 160&#215;200 &#8211;\u00a0<b style=\"font-size: 15.008px;\">Rozmery (\u0160xHxV):<\/b><span style=\"font-size: 15.008px;\"> 166,4x218x91,5 cm, bez matraca a ro\u0161tu<br \/>\n<\/span>Typ 93 Poste\u013e 180&#215;200 &#8211;\u00a0<b style=\"font-size: 15.008px;\">Rozmery (\u0160xHxV):<\/b><span style=\"font-size: 15.008px;\">\u00a0186,4x218x91,5 cm,\u00a0<\/span><b style=\"font-size: 15.008px;\">Rozmery plochy na spanie:<\/b><span style=\"font-size: 15.008px;\">\u00a0180&#215;200 cm,\u00a0<\/span><b style=\"font-size: 15.008px;\">V\u00fd\u0161ka po ro\u0161t:<\/b><span style=\"font-size: 15.008px;\"> 40 cm, bez matraca a ro\u0161tu<br \/>\n<\/span>Typ 95 No\u010dn\u00fd stol\u00edk 1S &#8211;\u00a0<b style=\"font-size: 15.008px;\">Rozmery (\u0160xHxV):<\/b><span style=\"font-size: 15.008px;\">\u00a049,1&#215;40,2&#215;37,6 cm<br \/>\n<\/span>Typ 96 \u00dalo\u017en\u00fd priestor pod poste\u013e &#8211;\u00a0<b style=\"font-size: 15.008px;\">Rozmery (\u0160xHxV):<\/b><span style=\"font-size: 15.008px;\">\u00a066,1&#215;199,9&#215;23 cm<br \/>\n<\/span><\/p>\n<p><iframe loading=\"lazy\" title=\"ANGEL , sektor , Tempo Kondela , www.temponabytok.sk\" width=\"980\" height=\"551\" src=\"https:\/\/www.youtube.com\/embed\/E_lcRmrwmv0?feature=oembed&#038;enablejsapi=1&#038;origin=https:\/\/nabytoklaguna.sk\" frameborder=\"0\" allow=\"accelerometer; autoplay; clipboard-write; encrypted-media; gyroscope; picture-in-picture; web-share\" referrerpolicy=\"strict-origin-when-cross-origin\" allowfullscreen><\/iframe><\/p>\n<p>&nbsp;<\/p>\n","protected":false},"excerpt":{"rendered":"<p>Elegantn\u00fd sektorov\u00fd n\u00e1bytok vhodn\u00fd na zariadenie detsk\u00fdch \u010di \u0161tudentsk\u00fdch izieb. Vhodn\u00e9 aj do sp\u00e1ln\u00ed. Na v\u00fdrobu bola pou\u017eit\u00e1 DTD laminovan\u00e1 vo farebnom preveden\u00ed biela craft. Cena za komplet(skri\u0148a 3D+poste\u013e 160&#215;200+ 2x no\u010dn\u00fd stol\u00edk) Typ 10 Skri\u0148a 1D3S &#8211;\u00a0Rozmery (\u0160xHxV):\u00a056&#215;40,2&#215;190,5 cm Typ 11 Reg\u00e1l 3S &#8211;\u00a0Rozmery (\u0160xHxV):\u00a056&#215;40,2&#215;190,5 cm Typ 20 Skri\u0148a 2D2S &#8211;\u00a0Rozmery (\u0160xHxV):\u00a084&#215;58,2&#215;190,5 cm Typ&#8230;<\/p>\n","protected":false},"featured_media":70938,"comment_status":"closed","ping_status":"closed","template":"","meta":{"_seopress_robots_primary_cat":"209","_seopress_titles_title":"","_seopress_titles_desc":"","_seopress_robots_index":""},"product_brand":[],"product_cat":[209],"product_tag":[],"class_list":{"0":"post-46552","1":"product","2":"type-product","3":"status-publish","4":"has-post-thumbnail","6":"product_cat-detske-izby","7":"pa_typ-produktu-spalnovy-komplet","8":"pa_typ-produktu-typ-10-skrina-1d3s","9":"pa_typ-produktu-typ-11-regal-3s","10":"pa_typ-produktu-typ-20skrina-2d2s","11":"pa_typ-produktu-typ-21-rohova-skrina-2d","12":"pa_typ-produktu-typ-22-skrina-3d","13":"pa_typ-produktu-typ-31-komoda-3d1s","14":"pa_typ-produktu-typ-32-komoda-3s","15":"pa_typ-produktu-typ-33-komoda-4d2s","16":"pa_typ-produktu-typ-35-komoda-1d3s","17":"pa_typ-produktu-typ-41-komoda-1d5s","18":"pa_typ-produktu-typ-42-komoda-2d6s","19":"pa_typ-produktu-typ-43-komoda-5s","20":"pa_typ-produktu-typ-44-komoda-1s","21":"pa_typ-produktu-typ-60-polica-1s","22":"pa_typ-produktu-typ-61-polica-118","23":"pa_typ-produktu-typ-62-polica-84","24":"pa_typ-produktu-typ-80-pc-stol-3s","25":"pa_typ-produktu-typ-90-postel-90x200-s-uloznym-priestorom","26":"pa_typ-produktu-typ-92-postel-160x200","27":"pa_typ-produktu-typ-93-postel-180x200","28":"pa_typ-produktu-typ-95-nocny-stolik-1s","29":"pa_typ-produktu-typ-96-ulozny-priestor-pod-postel","31":"first","32":"onbackorder","33":"shipping-taxable","34":"purchasable","35":"product-type-variable"},"_links":{"self":[{"href":"https:\/\/nabytoklaguna.sk\/sk\/wp-json\/wp\/v2\/product\/46552","targetHints":{"allow":["GET"]}}],"collection":[{"href":"https:\/\/nabytoklaguna.sk\/sk\/wp-json\/wp\/v2\/product"}],"about":[{"href":"https:\/\/nabytoklaguna.sk\/sk\/wp-json\/wp\/v2\/types\/product"}],"replies":[{"embeddable":true,"href":"https:\/\/nabytoklaguna.sk\/sk\/wp-json\/wp\/v2\/comments?post=46552"}],"wp:featuredmedia":[{"embeddable":true,"href":"https:\/\/nabytoklaguna.sk\/sk\/wp-json\/wp\/v2\/media\/70938"}],"wp:attachment":[{"href":"https:\/\/nabytoklaguna.sk\/sk\/wp-json\/wp\/v2\/media?parent=46552"}],"wp:term":[{"taxonomy":"product_brand","embeddable":true,"href":"https:\/\/nabytoklaguna.sk\/sk\/wp-json\/wp\/v2\/product_brand?post=46552"},{"taxonomy":"product_cat","embeddable":true,"href":"https:\/\/nabytoklaguna.sk\/sk\/wp-json\/wp\/v2\/product_cat?post=46552"},{"taxonomy":"product_tag","embeddable":true,"href":"https:\/\/nabytoklaguna.sk\/sk\/wp-json\/wp\/v2\/product_tag?post=46552"}],"curies":[{"name":"wp","href":"https:\/\/api.w.org\/{rel}","templated":true}]}}