{"id":4660,"date":"2021-02-13T11:35:32","date_gmt":"2021-02-13T10:35:32","guid":{"rendered":"http:\/\/nabytoklaguna.sk\/sk\/?post_type=product&#038;p=4660"},"modified":"2024-12-18T10:42:40","modified_gmt":"2024-12-18T09:42:40","slug":"modena-240","status":"publish","type":"product","link":"https:\/\/nabytoklaguna.sk\/sk\/produkt\/modena-240\/","title":{"rendered":"MODENA 240"},"content":{"rendered":"<p><strong>Kuchynsk\u00e1 linka MODENA <\/strong>zaujme <strong>nad\u010dasov\u00fdm<\/strong> farebn\u00fdm preveden\u00edm s d\u00f4razom na kontrast<strong>. <\/strong>\u00a0Vyzna\u010duje sa <strong>vysokou kvalitou<\/strong> za rozumn\u00fa cenu. Skrinky s\u00fa vyroben\u00e9 z kvalitnej odolnej laminovanej drevotriesky s<strong> ABS<\/strong> hranou. Z\u00e1suvky s\u00fa kovov\u00e9 <strong>METABOXY<\/strong> s pevn\u00fdm dnom z DTDL. Horn\u00e9 v\u00fdklopn\u00e9 skrinky maj\u00fa<strong> plynov\u00e9 piesty<\/strong>.\u00a0 Pracovn\u00e1 doska nie je v cene, mo\u017eno doobjedna\u0165.<\/p>\n<p>Dod\u00e1van\u00e9 v demonte<\/p>\n","protected":false},"excerpt":{"rendered":"<p>Kuchynsk\u00e1 linka MODENA zaujme nad\u010dasov\u00fdm farebn\u00fdm preveden\u00edm s d\u00f4razom na kontrast. \u00a0Vyzna\u010duje sa vysokou kvalitou za rozumn\u00fa cenu. Skrinky s\u00fa vyroben\u00e9 z kvalitnej odolnej laminovanej drevotriesky s ABS hranou. Z\u00e1suvky s\u00fa kovov\u00e9 METABOXY s pevn\u00fdm dnom z DTDL. Horn\u00e9 v\u00fdklopn\u00e9 skrinky maj\u00fa plynov\u00e9 piesty.\u00a0 Pracovn\u00e1 doska nie je v cene, mo\u017eno doobjedna\u0165. Dod\u00e1van\u00e9 v demonte<\/p>\n","protected":false},"featured_media":81129,"comment_status":"closed","ping_status":"closed","template":"","meta":{"_seopress_robots_primary_cat":"177","_seopress_titles_title":"","_seopress_titles_desc":"","_seopress_robots_index":""},"product_brand":[],"product_cat":[177],"product_tag":[],"class_list":{"0":"post-4660","1":"product","2":"type-product","3":"status-publish","4":"has-post-thumbnail","6":"product_cat-kuchyne-top","8":"first","9":"instock","10":"shipping-taxable","11":"purchasable","12":"product-type-variable"},"_links":{"self":[{"href":"https:\/\/nabytoklaguna.sk\/sk\/wp-json\/wp\/v2\/product\/4660","targetHints":{"allow":["GET"]}}],"collection":[{"href":"https:\/\/nabytoklaguna.sk\/sk\/wp-json\/wp\/v2\/product"}],"about":[{"href":"https:\/\/nabytoklaguna.sk\/sk\/wp-json\/wp\/v2\/types\/product"}],"replies":[{"embeddable":true,"href":"https:\/\/nabytoklaguna.sk\/sk\/wp-json\/wp\/v2\/comments?post=4660"}],"wp:featuredmedia":[{"embeddable":true,"href":"https:\/\/nabytoklaguna.sk\/sk\/wp-json\/wp\/v2\/media\/81129"}],"wp:attachment":[{"href":"https:\/\/nabytoklaguna.sk\/sk\/wp-json\/wp\/v2\/media?parent=4660"}],"wp:term":[{"taxonomy":"product_brand","embeddable":true,"href":"https:\/\/nabytoklaguna.sk\/sk\/wp-json\/wp\/v2\/product_brand?post=4660"},{"taxonomy":"product_cat","embeddable":true,"href":"https:\/\/nabytoklaguna.sk\/sk\/wp-json\/wp\/v2\/product_cat?post=4660"},{"taxonomy":"product_tag","embeddable":true,"href":"https:\/\/nabytoklaguna.sk\/sk\/wp-json\/wp\/v2\/product_tag?post=4660"}],"curies":[{"name":"wp","href":"https:\/\/api.w.org\/{rel}","templated":true}]}}