{"id":46795,"date":"2021-06-22T12:53:18","date_gmt":"2021-06-22T10:53:18","guid":{"rendered":"https:\/\/nabytoklaguna.sk\/sk\/?post_type=product&#038;p=46795"},"modified":"2026-03-10T11:09:20","modified_gmt":"2026-03-10T10:09:20","slug":"diana","status":"publish","type":"product","link":"https:\/\/nabytoklaguna.sk\/sk\/produkt\/diana\/","title":{"rendered":"DIANA"},"content":{"rendered":"<p>Ob\u00fdvacia stena <strong>DIANA<\/strong> v trendovom preveden\u00ed <strong>biela s vysok\u00fdm leskom<\/strong> z kvalitnej laminovanej drevotriesky s presklenou vitr\u00ednou sa stane ozdobou Va\u0161ej ob\u00fdva\u010dky. <strong>\u010cierne or\u00e1movanie skla<\/strong> vitr\u00edny pod\u010diarkuje modern\u00fd vzh\u013ead tejto ob\u00fdvacej zostavy.<\/p>\n<p>Rozmery (\u0160xVxH): 210x220x44 cm.<\/p>\n<p>K ob\u00fdvacej stene je mo\u017en\u00e9 dok\u00fapi\u0165 LED osvetlenie za cenu 39,- eur, ktor\u00e9 navod\u00ed pr\u00edjemn\u00fa atmosf\u00e9ru v miestnosti.<\/p>\n<p>Dod\u00e1van\u00e9 v demonte.<\/p>\n<p>&nbsp;<\/p>\n<p>Rozmery<\/p>\n<p>Vitrina: (\u0160xV): 80&#215;110 cm<\/p>\n<p>Skrinka visiaca:(\u0160xV): 39,5x109cm<\/p>\n<p>Poli\u010dka (\u0160xV): 90&#215;39,5 cm<\/p>\n<p>RTV stolik(\u0160xV): 130x30cm<\/p>\n<p>&nbsp;<\/p>\n","protected":false},"excerpt":{"rendered":"<p>Ob\u00fdvacia stena DIANA v trendovom preveden\u00ed biela s vysok\u00fdm leskom z kvalitnej laminovanej drevotriesky s presklenou vitr\u00ednou sa stane ozdobou Va\u0161ej ob\u00fdva\u010dky. \u010cierne or\u00e1movanie skla vitr\u00edny pod\u010diarkuje modern\u00fd vzh\u013ead tejto ob\u00fdvacej zostavy. Rozmery (\u0160xVxH): 210x220x44 cm. K ob\u00fdvacej stene je mo\u017en\u00e9 dok\u00fapi\u0165 LED osvetlenie za cenu 39,- eur, ktor\u00e9 navod\u00ed pr\u00edjemn\u00fa atmosf\u00e9ru v miestnosti. Dod\u00e1van\u00e9&#8230;<\/p>\n","protected":false},"featured_media":113177,"comment_status":"closed","ping_status":"closed","template":"","meta":{"_seopress_robots_primary_cat":"251","_seopress_titles_title":"","_seopress_titles_desc":"","_seopress_robots_index":""},"product_brand":[],"product_cat":[182,251],"product_tag":[],"class_list":{"0":"post-46795","1":"product","2":"type-product","3":"status-publish","4":"has-post-thumbnail","6":"product_cat-obyvacie-steny","7":"product_cat-steny","9":"first","10":"outofstock","11":"shipping-taxable","12":"purchasable","13":"product-type-variable"},"_links":{"self":[{"href":"https:\/\/nabytoklaguna.sk\/sk\/wp-json\/wp\/v2\/product\/46795","targetHints":{"allow":["GET"]}}],"collection":[{"href":"https:\/\/nabytoklaguna.sk\/sk\/wp-json\/wp\/v2\/product"}],"about":[{"href":"https:\/\/nabytoklaguna.sk\/sk\/wp-json\/wp\/v2\/types\/product"}],"replies":[{"embeddable":true,"href":"https:\/\/nabytoklaguna.sk\/sk\/wp-json\/wp\/v2\/comments?post=46795"}],"wp:featuredmedia":[{"embeddable":true,"href":"https:\/\/nabytoklaguna.sk\/sk\/wp-json\/wp\/v2\/media\/113177"}],"wp:attachment":[{"href":"https:\/\/nabytoklaguna.sk\/sk\/wp-json\/wp\/v2\/media?parent=46795"}],"wp:term":[{"taxonomy":"product_brand","embeddable":true,"href":"https:\/\/nabytoklaguna.sk\/sk\/wp-json\/wp\/v2\/product_brand?post=46795"},{"taxonomy":"product_cat","embeddable":true,"href":"https:\/\/nabytoklaguna.sk\/sk\/wp-json\/wp\/v2\/product_cat?post=46795"},{"taxonomy":"product_tag","embeddable":true,"href":"https:\/\/nabytoklaguna.sk\/sk\/wp-json\/wp\/v2\/product_tag?post=46795"}],"curies":[{"name":"wp","href":"https:\/\/api.w.org\/{rel}","templated":true}]}}