{"id":46841,"date":"2021-03-21T12:53:18","date_gmt":"2021-03-21T11:53:18","guid":{"rendered":"https:\/\/nabytoklaguna.sk\/sk\/?post_type=product&#038;p=46841"},"modified":"2024-03-21T14:09:36","modified_gmt":"2024-03-21T13:09:36","slug":"tempo-kondela-fosil","status":"publish","type":"product","link":"https:\/\/nabytoklaguna.sk\/sk\/produkt\/tempo-kondela-fosil\/","title":{"rendered":"TK FOSIL"},"content":{"rendered":"<p><b>Mas\u00edvne drevo<\/b> patr\u00ed medzi najob\u013e\u00fabenej\u0161ie materi\u00e1ly na v\u00fdrobu n\u00e1bytku. V interi\u00e9ri p\u00f4sob\u00ed <b>\u00fatulne a hrejivo<\/b>. M\u00e1 svoju\u00a0<b>romantiku a eleganciu<\/b>, je\u00a0<b>trv\u00e1cny a dlhovek\u00fd<\/b>. Mas\u00edvny n\u00e1bytok sa d\u00e1 aj po mnoh\u00fdch rokoch renovova\u0165, a tak si zachov\u00e1va a zvy\u0161uje hodnotu.\u00a0<b>No\u010dn\u00fd stol\u00edk FOSIL<\/b>\u00a0v jednoduchom dizajne oh\u00fari\u00a0<b>prec\u00edznym spracovan\u00edm<\/b>. Poskytuje\u00a0<b>otvoren\u00fd \u00falo\u017en\u00fd priestor<\/b>, stol\u00edk p\u00f4sob\u00ed\u00a0<b>vzdu\u0161ne<\/b>\u00a0a ni\u010d sa v\u00e1m v \u0148om nestrat\u00ed. Vyroben\u00fd je z\u00a0<b>mas\u00edvneho borovicov\u00e9ho dreva<\/b>. Jeho kvalitu a\u00a0<b>pevnos\u0165<\/b>\u00a0ocen\u00edte aj po dlh\u00fdch rokoch jeho vernej slu\u017eby. Osobit\u00fd charakter mu dod\u00e1va\u00a0<b>neutr\u00e1lna biela<\/b> farba, alebo aj pr\u00edrodn\u00e9 prevedenie. FOSIL je tak vhodn\u00fd <b>do ak\u00e9hoko\u013evek interi\u00e9ru<\/b>.<\/p>\n<div class=\"text\">\n<ul>\n<li><b>Materi\u00e1l:<\/b>\u00a0mas\u00edvne borovicov\u00e9 drevo<\/li>\n<li><b>Farba:<\/b> biela, pr\u00edrodn\u00e1<\/li>\n<li><b>Rozmery (\u0160xHxV):\u00a0<\/b>38x32x47 cm<\/li>\n<li><b>V\u00fd\u0161ka no\u017ei\u010diek:<\/b>\u00a045 cm<\/li>\n<li><b>Hr\u00fabka materi\u00e1lu n\u00f4h (\u0160xH):<\/b>\u00a040&#215;40 mm<\/li>\n<li>Otvoren\u00fd \u00falo\u017en\u00fd priestor<\/li>\n<li>V balen\u00ed 1 ks<\/li>\n<li>Dod\u00e1van\u00e9 v demonte<\/li>\n<\/ul>\n<\/div>\n","protected":false},"excerpt":{"rendered":"<p>Mas\u00edvne drevo patr\u00ed medzi najob\u013e\u00fabenej\u0161ie materi\u00e1ly na v\u00fdrobu n\u00e1bytku. V interi\u00e9ri p\u00f4sob\u00ed \u00fatulne a hrejivo. M\u00e1 svoju\u00a0romantiku a eleganciu, je\u00a0trv\u00e1cny a dlhovek\u00fd. Mas\u00edvny n\u00e1bytok sa d\u00e1 aj po mnoh\u00fdch rokoch renovova\u0165, a tak si zachov\u00e1va a zvy\u0161uje hodnotu.\u00a0No\u010dn\u00fd stol\u00edk FOSIL\u00a0v jednoduchom dizajne oh\u00fari\u00a0prec\u00edznym spracovan\u00edm. Poskytuje\u00a0otvoren\u00fd \u00falo\u017en\u00fd priestor, stol\u00edk p\u00f4sob\u00ed\u00a0vzdu\u0161ne\u00a0a ni\u010d sa v\u00e1m v \u0148om nestrat\u00ed&#8230;.<\/p>\n","protected":false},"featured_media":46847,"comment_status":"closed","ping_status":"closed","template":"","meta":{"_seopress_robots_primary_cat":"224","_seopress_titles_title":"","_seopress_titles_desc":"","_seopress_robots_index":""},"product_brand":[],"product_cat":[224],"product_tag":[],"class_list":{"0":"post-46841","1":"product","2":"type-product","3":"status-publish","4":"has-post-thumbnail","6":"product_cat-nocne-stoliky","7":"pa_farba-biela","8":"pa_farba-prirodna","10":"first","11":"onbackorder","12":"shipping-taxable","13":"purchasable","14":"product-type-variable"},"_links":{"self":[{"href":"https:\/\/nabytoklaguna.sk\/sk\/wp-json\/wp\/v2\/product\/46841","targetHints":{"allow":["GET"]}}],"collection":[{"href":"https:\/\/nabytoklaguna.sk\/sk\/wp-json\/wp\/v2\/product"}],"about":[{"href":"https:\/\/nabytoklaguna.sk\/sk\/wp-json\/wp\/v2\/types\/product"}],"replies":[{"embeddable":true,"href":"https:\/\/nabytoklaguna.sk\/sk\/wp-json\/wp\/v2\/comments?post=46841"}],"wp:featuredmedia":[{"embeddable":true,"href":"https:\/\/nabytoklaguna.sk\/sk\/wp-json\/wp\/v2\/media\/46847"}],"wp:attachment":[{"href":"https:\/\/nabytoklaguna.sk\/sk\/wp-json\/wp\/v2\/media?parent=46841"}],"wp:term":[{"taxonomy":"product_brand","embeddable":true,"href":"https:\/\/nabytoklaguna.sk\/sk\/wp-json\/wp\/v2\/product_brand?post=46841"},{"taxonomy":"product_cat","embeddable":true,"href":"https:\/\/nabytoklaguna.sk\/sk\/wp-json\/wp\/v2\/product_cat?post=46841"},{"taxonomy":"product_tag","embeddable":true,"href":"https:\/\/nabytoklaguna.sk\/sk\/wp-json\/wp\/v2\/product_tag?post=46841"}],"curies":[{"name":"wp","href":"https:\/\/api.w.org\/{rel}","templated":true}]}}