{"id":46960,"date":"2021-03-21T12:53:18","date_gmt":"2021-03-21T11:53:18","guid":{"rendered":"https:\/\/nabytoklaguna.sk\/sk\/?post_type=product&#038;p=46960"},"modified":"2025-05-26T14:04:22","modified_gmt":"2025-05-26T12:04:22","slug":"tempo-kondela-tamora","status":"publish","type":"product","link":"https:\/\/nabytoklaguna.sk\/sk\/produkt\/tempo-kondela-tamora\/","title":{"rendered":"K TAMORA"},"content":{"rendered":"<p>Jednoduch\u00e1 a elegantn\u00e1 stoli\u010dka TAMORA V\u00e1m dopraje pohodlie pri nede\u013enom obede \u010di k\u00e1ve. Je prec\u00edzne spracovan\u00e1 z kvalitn\u00fdch materi\u00e1lov kovu+plastu, Sedacia \u010das\u0165 je \u010dal\u00fanen\u00e1 odolnou a pr\u00edjemnou ekoko\u017eou s extra m\u00e4kk\u00fdm sedadlom.<\/p>\n<p><strong>VLASTNOSTI<\/strong><\/p>\n<div class=\"text\">\n<ul>\n<li><b>Materi\u00e1l:\u00a0<\/b>ekoko\u017ea\/plast\/kov<\/li>\n<li><b>Farba:\u00a0<\/b>\u010dierna, biela<\/li>\n<li><b>Rozmery(\u0160xHxV):\u00a0<\/b>48x57x83 cm<\/li>\n<li><b>V\u00fd\u0161ka sedu:<\/b>\u00a049 cm<\/li>\n<li><b>H\u013abka sedu:<\/b>\u00a043 cm<\/li>\n<li><b>Nosnos\u0165:<\/b>\u00a0110 kg<\/li>\n<li>M\u00e4kk\u00e1 vlo\u017eka v sedacej \u010dasti<\/li>\n<li>Dod\u00e1van\u00e9 v demonte<\/li>\n<\/ul>\n<\/div>\n","protected":false},"excerpt":{"rendered":"<p>Jednoduch\u00e1 a elegantn\u00e1 stoli\u010dka TAMORA V\u00e1m dopraje pohodlie pri nede\u013enom obede \u010di k\u00e1ve. Je prec\u00edzne spracovan\u00e1 z kvalitn\u00fdch materi\u00e1lov kovu+plastu, Sedacia \u010das\u0165 je \u010dal\u00fanen\u00e1 odolnou a pr\u00edjemnou ekoko\u017eou s extra m\u00e4kk\u00fdm sedadlom. VLASTNOSTI Materi\u00e1l:\u00a0ekoko\u017ea\/plast\/kov Farba:\u00a0\u010dierna, biela Rozmery(\u0160xHxV):\u00a048x57x83 cm V\u00fd\u0161ka sedu:\u00a049 cm H\u013abka sedu:\u00a043 cm Nosnos\u0165:\u00a0110 kg M\u00e4kk\u00e1 vlo\u017eka v sedacej \u010dasti Dod\u00e1van\u00e9 v demonte<\/p>\n","protected":false},"featured_media":46964,"comment_status":"closed","ping_status":"closed","template":"","meta":{"_seopress_robots_primary_cat":"237","_seopress_titles_title":"","_seopress_titles_desc":"","_seopress_robots_index":""},"product_brand":[],"product_cat":[237],"product_tag":[],"class_list":{"0":"post-46960","1":"product","2":"type-product","3":"status-publish","4":"has-post-thumbnail","6":"product_cat-stolicky","8":"first","9":"onbackorder","10":"shipping-taxable","11":"purchasable","12":"product-type-variable"},"_links":{"self":[{"href":"https:\/\/nabytoklaguna.sk\/sk\/wp-json\/wp\/v2\/product\/46960","targetHints":{"allow":["GET"]}}],"collection":[{"href":"https:\/\/nabytoklaguna.sk\/sk\/wp-json\/wp\/v2\/product"}],"about":[{"href":"https:\/\/nabytoklaguna.sk\/sk\/wp-json\/wp\/v2\/types\/product"}],"replies":[{"embeddable":true,"href":"https:\/\/nabytoklaguna.sk\/sk\/wp-json\/wp\/v2\/comments?post=46960"}],"wp:featuredmedia":[{"embeddable":true,"href":"https:\/\/nabytoklaguna.sk\/sk\/wp-json\/wp\/v2\/media\/46964"}],"wp:attachment":[{"href":"https:\/\/nabytoklaguna.sk\/sk\/wp-json\/wp\/v2\/media?parent=46960"}],"wp:term":[{"taxonomy":"product_brand","embeddable":true,"href":"https:\/\/nabytoklaguna.sk\/sk\/wp-json\/wp\/v2\/product_brand?post=46960"},{"taxonomy":"product_cat","embeddable":true,"href":"https:\/\/nabytoklaguna.sk\/sk\/wp-json\/wp\/v2\/product_cat?post=46960"},{"taxonomy":"product_tag","embeddable":true,"href":"https:\/\/nabytoklaguna.sk\/sk\/wp-json\/wp\/v2\/product_tag?post=46960"}],"curies":[{"name":"wp","href":"https:\/\/api.w.org\/{rel}","templated":true}]}}