{"id":47241,"date":"2021-03-21T12:53:18","date_gmt":"2021-03-21T11:53:18","guid":{"rendered":"https:\/\/nabytoklaguna.sk\/sk\/?post_type=product&#038;p=47241"},"modified":"2025-11-11T16:57:33","modified_gmt":"2025-11-11T15:57:33","slug":"k-madora","status":"publish","type":"product","link":"https:\/\/nabytoklaguna.sk\/sk\/produkt\/k-madora\/","title":{"rendered":"K MADORA"},"content":{"rendered":"<p><b>Stoli\u010dky<\/b>\u00a0m\u00f4\u017eu by\u0165 nen\u00e1padn\u00e9 alebo, pr\u00e1ve naopak, zauj\u00edmav\u00e9 a v\u00fdrazn\u00e9 tak, aby p\u00fatali pozornos\u0165. Je u\u017e len na v\u00e1s, \u010domu d\u00e1te prednos\u0165. Nen\u00e1padn\u00e1 a elegantn\u00e1 je aj jed\u00e1lensk\u00e1 stoli\u010dka<b>\u00a0MADORA<\/b>, ktor\u00e1 je vyroben\u00e1 z\u00a0<b>l\u00e1tky<\/b>\u00a0v\u00a0<b>sivom odtieni, s <\/b><b>chr\u00f3mov\u00fdmi no\u017ei\u010dkami <\/b>zabezpe\u010duj\u00fa stabilitu stoli\u010dky. L\u00e1tka je zauj\u00edmav\u00e1 <b>efektom br\u00fasenej ko\u017ee<\/b>. Tento typ stoli\u010dky m\u00e1\u00a0<b>jednoduch\u00fa kon\u0161trukciu<\/b>, a okrem toho je tie\u017e pohodln\u00e1 a flexibiln\u00e1. S v\u00fd\u0161kou\u00a0<b>sedu a\u017e 48 cm<\/b> sa budete c\u00edti\u0165 pri stole pohodlne a z\u00edskate pocit d\u00f4le\u017eitosti.<\/p>\n<p>VLASTNOSTI<\/p>\n<div class=\"text\">\n<ul>\n<li><b>Materi\u00e1l:<\/b>\u00a0l\u00e1tka s efektom br\u00fasenej ko\u017ee\/chr\u00f3m<\/li>\n<li><b>Farba:<\/b>\u00a0siv\u00e1<\/li>\n<li><b>Rozmery (\u0160xHxV):<\/b>\u00a054x60x87 cm<\/li>\n<li><b>V\u00fd\u0161ka sedu:<\/b>\u00a048 cm<\/li>\n<li><b>H\u013abka sedu:<\/b>\u00a054 cm<\/li>\n<li><b>Nosnos\u0165:<\/b>\u00a0110 kg<\/li>\n<li>Dod\u00e1van\u00e9 v demonte<\/li>\n<\/ul>\n<\/div>\n","protected":false},"excerpt":{"rendered":"<p>Stoli\u010dky\u00a0m\u00f4\u017eu by\u0165 nen\u00e1padn\u00e9 alebo, pr\u00e1ve naopak, zauj\u00edmav\u00e9 a v\u00fdrazn\u00e9 tak, aby p\u00fatali pozornos\u0165. Je u\u017e len na v\u00e1s, \u010domu d\u00e1te prednos\u0165. Nen\u00e1padn\u00e1 a elegantn\u00e1 je aj jed\u00e1lensk\u00e1 stoli\u010dka\u00a0MADORA, ktor\u00e1 je vyroben\u00e1 z\u00a0l\u00e1tky\u00a0v\u00a0sivom odtieni, s chr\u00f3mov\u00fdmi no\u017ei\u010dkami zabezpe\u010duj\u00fa stabilitu stoli\u010dky. L\u00e1tka je zauj\u00edmav\u00e1 efektom br\u00fasenej ko\u017ee. Tento typ stoli\u010dky m\u00e1\u00a0jednoduch\u00fa kon\u0161trukciu, a okrem toho je tie\u017e&#8230;<\/p>\n","protected":false},"featured_media":47244,"comment_status":"closed","ping_status":"closed","template":"","meta":{"_seopress_robots_primary_cat":"237","_seopress_titles_title":"","_seopress_titles_desc":"","_seopress_robots_index":""},"product_brand":[],"product_cat":[239,237],"product_tag":[],"class_list":{"0":"post-47241","1":"product","2":"type-product","3":"status-publish","4":"has-post-thumbnail","6":"product_cat-kovove-stolicky","7":"product_cat-stolicky","8":"pa_farba-hneda","9":"pa_farba-siva","11":"first","12":"onbackorder","13":"shipping-taxable","14":"purchasable","15":"product-type-variable"},"_links":{"self":[{"href":"https:\/\/nabytoklaguna.sk\/sk\/wp-json\/wp\/v2\/product\/47241","targetHints":{"allow":["GET"]}}],"collection":[{"href":"https:\/\/nabytoklaguna.sk\/sk\/wp-json\/wp\/v2\/product"}],"about":[{"href":"https:\/\/nabytoklaguna.sk\/sk\/wp-json\/wp\/v2\/types\/product"}],"replies":[{"embeddable":true,"href":"https:\/\/nabytoklaguna.sk\/sk\/wp-json\/wp\/v2\/comments?post=47241"}],"wp:featuredmedia":[{"embeddable":true,"href":"https:\/\/nabytoklaguna.sk\/sk\/wp-json\/wp\/v2\/media\/47244"}],"wp:attachment":[{"href":"https:\/\/nabytoklaguna.sk\/sk\/wp-json\/wp\/v2\/media?parent=47241"}],"wp:term":[{"taxonomy":"product_brand","embeddable":true,"href":"https:\/\/nabytoklaguna.sk\/sk\/wp-json\/wp\/v2\/product_brand?post=47241"},{"taxonomy":"product_cat","embeddable":true,"href":"https:\/\/nabytoklaguna.sk\/sk\/wp-json\/wp\/v2\/product_cat?post=47241"},{"taxonomy":"product_tag","embeddable":true,"href":"https:\/\/nabytoklaguna.sk\/sk\/wp-json\/wp\/v2\/product_tag?post=47241"}],"curies":[{"name":"wp","href":"https:\/\/api.w.org\/{rel}","templated":true}]}}