{"id":47314,"date":"2021-03-21T12:53:18","date_gmt":"2021-03-21T11:53:18","guid":{"rendered":"https:\/\/nabytoklaguna.sk\/sk\/?post_type=product&#038;p=47314"},"modified":"2025-11-18T15:07:52","modified_gmt":"2025-11-18T14:07:52","slug":"k-saloma-new","status":"publish","type":"product","link":"https:\/\/nabytoklaguna.sk\/sk\/produkt\/k-saloma-new\/","title":{"rendered":"K SALOMA NEW"},"content":{"rendered":"<p>Modern\u00e1 jed\u00e1lensk\u00e1 stoli\u010dka je vhodn\u00e1 do modernej \u010di tradi\u010dnej dom\u00e1cnosti. \u010cal\u00fanen\u00e1 je kvalitnou l\u00e1tkou v kombin\u00e1cii s ekoko\u017eou. Na elegancii prid\u00e1vaj\u00fa zauj\u00edmavo tvarovan\u00e9 chr\u00f3movan\u00e9 no\u017ei\u010dky. Stoli\u010dka sa vyr\u00e1ba vo viacer\u00fdch farebn\u00fdch prevedeniach a tak ju ur\u010dite dolad\u00edte k svojmu interi\u00e9ru<\/p>\n<p>VLASTNOSTI<\/p>\n<div class=\"text\">\n<ul>\n<li><b>Materi\u00e1l:<\/b>\u00a0l\u00e1tka\/ekoko\u017ea\/chr\u00f3m<\/li>\n<li><b>Farba:<\/b> b\u00e9\u017eov\u00e1\/b\u00e9\u017eov\u00e1, mentolov\u00e1\/siv\u00e1, tmavosiv\u00e1\/biela, hned\u00e1\/b\u00e9\u017eov\u00e1, svetlosiv\u00e1\/tmavosiv\u00e1<\/li>\n<li><b>Rozmery (\u0160xHxV):<\/b>\u00a042&#215;56,5&#215;105 cm<\/li>\n<li><b>V\u00fd\u0161ka sedu:\u00a0<\/b>45 cm<\/li>\n<li><b>H\u013abka sedu:\u00a0<\/b>43 cm<\/li>\n<li><b>Nosnos\u0165:<\/b>\u00a0110 kg<\/li>\n<li>Dod\u00e1van\u00e9 v demonte.<\/li>\n<\/ul>\n<\/div>\n","protected":false},"excerpt":{"rendered":"<p>Modern\u00e1 jed\u00e1lensk\u00e1 stoli\u010dka je vhodn\u00e1 do modernej \u010di tradi\u010dnej dom\u00e1cnosti. \u010cal\u00fanen\u00e1 je kvalitnou l\u00e1tkou v kombin\u00e1cii s ekoko\u017eou. Na elegancii prid\u00e1vaj\u00fa zauj\u00edmavo tvarovan\u00e9 chr\u00f3movan\u00e9 no\u017ei\u010dky. Stoli\u010dka sa vyr\u00e1ba vo viacer\u00fdch farebn\u00fdch prevedeniach a tak ju ur\u010dite dolad\u00edte k svojmu interi\u00e9ru VLASTNOSTI Materi\u00e1l:\u00a0l\u00e1tka\/ekoko\u017ea\/chr\u00f3m Farba: b\u00e9\u017eov\u00e1\/b\u00e9\u017eov\u00e1, mentolov\u00e1\/siv\u00e1, tmavosiv\u00e1\/biela, hned\u00e1\/b\u00e9\u017eov\u00e1, svetlosiv\u00e1\/tmavosiv\u00e1 Rozmery (\u0160xHxV):\u00a042&#215;56,5&#215;105 cm V\u00fd\u0161ka sedu:\u00a045 cm H\u013abka&#8230;<\/p>\n","protected":false},"featured_media":92752,"comment_status":"closed","ping_status":"closed","template":"","meta":{"_seopress_robots_primary_cat":"237","_seopress_titles_title":"","_seopress_titles_desc":"","_seopress_robots_index":""},"product_brand":[],"product_cat":[239,237],"product_tag":[],"class_list":{"0":"post-47314","1":"product","2":"type-product","3":"status-publish","4":"has-post-thumbnail","6":"product_cat-kovove-stolicky","7":"product_cat-stolicky","9":"first","10":"onbackorder","11":"shipping-taxable","12":"purchasable","13":"product-type-variable"},"_links":{"self":[{"href":"https:\/\/nabytoklaguna.sk\/sk\/wp-json\/wp\/v2\/product\/47314","targetHints":{"allow":["GET"]}}],"collection":[{"href":"https:\/\/nabytoklaguna.sk\/sk\/wp-json\/wp\/v2\/product"}],"about":[{"href":"https:\/\/nabytoklaguna.sk\/sk\/wp-json\/wp\/v2\/types\/product"}],"replies":[{"embeddable":true,"href":"https:\/\/nabytoklaguna.sk\/sk\/wp-json\/wp\/v2\/comments?post=47314"}],"wp:featuredmedia":[{"embeddable":true,"href":"https:\/\/nabytoklaguna.sk\/sk\/wp-json\/wp\/v2\/media\/92752"}],"wp:attachment":[{"href":"https:\/\/nabytoklaguna.sk\/sk\/wp-json\/wp\/v2\/media?parent=47314"}],"wp:term":[{"taxonomy":"product_brand","embeddable":true,"href":"https:\/\/nabytoklaguna.sk\/sk\/wp-json\/wp\/v2\/product_brand?post=47314"},{"taxonomy":"product_cat","embeddable":true,"href":"https:\/\/nabytoklaguna.sk\/sk\/wp-json\/wp\/v2\/product_cat?post=47314"},{"taxonomy":"product_tag","embeddable":true,"href":"https:\/\/nabytoklaguna.sk\/sk\/wp-json\/wp\/v2\/product_tag?post=47314"}],"curies":[{"name":"wp","href":"https:\/\/api.w.org\/{rel}","templated":true}]}}