{"id":47422,"date":"2021-03-21T12:53:18","date_gmt":"2021-03-21T11:53:18","guid":{"rendered":"https:\/\/nabytoklaguna.sk\/sk\/?post_type=product&#038;p=47422"},"modified":"2025-09-23T11:44:26","modified_gmt":"2025-09-23T09:44:26","slug":"tomy-new","status":"publish","type":"product","link":"https:\/\/nabytoklaguna.sk\/sk\/produkt\/tomy-new\/","title":{"rendered":"K TOMY NEW"},"content":{"rendered":"<p>Jed\u00e1lensk\u00fd st\u00f4l, materi\u00e1l: DTD laminovan\u00fd, prevedenie: biela, plocha stola 140&#215;80 cm je vhodn\u00e1 pre 4-6 os\u00f4b alebo plocha stola 160&#215;90 cm je vhodn\u00e1 pre 6-8 os\u00f4b. Rozmer: (\u0160xDxV) 140x80x75 cm alebo 160x90x75 cm.<\/p>\n<p>Dod\u00e1van\u00e9 v demonte<\/p>\n","protected":false},"excerpt":{"rendered":"<p>Jed\u00e1lensk\u00fd st\u00f4l, materi\u00e1l: DTD laminovan\u00fd, prevedenie: biela, plocha stola 140&#215;80 cm je vhodn\u00e1 pre 4-6 os\u00f4b alebo plocha stola 160&#215;90 cm je vhodn\u00e1 pre 6-8 os\u00f4b. Rozmer: (\u0160xDxV) 140x80x75 cm alebo 160x90x75 cm. Dod\u00e1van\u00e9 v demonte<\/p>\n","protected":false},"featured_media":47425,"comment_status":"closed","ping_status":"closed","template":"","meta":{"_seopress_robots_primary_cat":"243","_seopress_titles_title":"","_seopress_titles_desc":"","_seopress_robots_index":""},"product_brand":[],"product_cat":[4720,244,243],"product_tag":[],"class_list":{"0":"post-47422","1":"product","2":"type-product","3":"status-publish","4":"has-post-thumbnail","6":"product_cat-jedalenske-stoly-stoly","7":"product_cat-drevene-stoly","8":"product_cat-stoly","10":"first","11":"onbackorder","12":"shipping-taxable","13":"purchasable","14":"product-type-variable"},"_links":{"self":[{"href":"https:\/\/nabytoklaguna.sk\/sk\/wp-json\/wp\/v2\/product\/47422","targetHints":{"allow":["GET"]}}],"collection":[{"href":"https:\/\/nabytoklaguna.sk\/sk\/wp-json\/wp\/v2\/product"}],"about":[{"href":"https:\/\/nabytoklaguna.sk\/sk\/wp-json\/wp\/v2\/types\/product"}],"replies":[{"embeddable":true,"href":"https:\/\/nabytoklaguna.sk\/sk\/wp-json\/wp\/v2\/comments?post=47422"}],"wp:featuredmedia":[{"embeddable":true,"href":"https:\/\/nabytoklaguna.sk\/sk\/wp-json\/wp\/v2\/media\/47425"}],"wp:attachment":[{"href":"https:\/\/nabytoklaguna.sk\/sk\/wp-json\/wp\/v2\/media?parent=47422"}],"wp:term":[{"taxonomy":"product_brand","embeddable":true,"href":"https:\/\/nabytoklaguna.sk\/sk\/wp-json\/wp\/v2\/product_brand?post=47422"},{"taxonomy":"product_cat","embeddable":true,"href":"https:\/\/nabytoklaguna.sk\/sk\/wp-json\/wp\/v2\/product_cat?post=47422"},{"taxonomy":"product_tag","embeddable":true,"href":"https:\/\/nabytoklaguna.sk\/sk\/wp-json\/wp\/v2\/product_tag?post=47422"}],"curies":[{"name":"wp","href":"https:\/\/api.w.org\/{rel}","templated":true}]}}