{"id":47432,"date":"2021-03-21T12:53:18","date_gmt":"2021-03-21T11:53:18","guid":{"rendered":"https:\/\/nabytoklaguna.sk\/sk\/?post_type=product&#038;p=47432"},"modified":"2025-10-07T13:44:25","modified_gmt":"2025-10-07T11:44:25","slug":"kraz","status":"publish","type":"product","link":"https:\/\/nabytoklaguna.sk\/sk\/produkt\/kraz\/","title":{"rendered":"K KRAZ"},"content":{"rendered":"<p>Jed\u00e1lensk\u00fd st\u00f4l, materi\u00e1l: DTD laminovan\u00e1, ABS hrany, prevedenie: biela\/\u010dierna alebo dub sonoma, rozmery: \u0160xVxH: 120x75x80 cm alebo 80x75x80, vhodn\u00fd pre 4 osoby.<\/p>\n<p>Dod\u00e1van\u00e9 v demonte<\/p>\n<p>&nbsp;<\/p>\n","protected":false},"excerpt":{"rendered":"<p>Jed\u00e1lensk\u00fd st\u00f4l, materi\u00e1l: DTD laminovan\u00e1, ABS hrany, prevedenie: biela\/\u010dierna alebo dub sonoma, rozmery: \u0160xVxH: 120x75x80 cm alebo 80x75x80, vhodn\u00fd pre 4 osoby. Dod\u00e1van\u00e9 v demonte &nbsp;<\/p>\n","protected":false},"featured_media":47437,"comment_status":"closed","ping_status":"closed","template":"","meta":{"_seopress_robots_primary_cat":"243","_seopress_titles_title":"","_seopress_titles_desc":"","_seopress_robots_index":""},"product_brand":[],"product_cat":[4719,244,243],"product_tag":[],"class_list":{"0":"post-47432","1":"product","2":"type-product","3":"status-publish","4":"has-post-thumbnail","6":"product_cat-jedalenske-stoly","7":"product_cat-drevene-stoly","8":"product_cat-stoly","10":"first","11":"onbackorder","12":"shipping-taxable","13":"purchasable","14":"product-type-variable"},"_links":{"self":[{"href":"https:\/\/nabytoklaguna.sk\/sk\/wp-json\/wp\/v2\/product\/47432","targetHints":{"allow":["GET"]}}],"collection":[{"href":"https:\/\/nabytoklaguna.sk\/sk\/wp-json\/wp\/v2\/product"}],"about":[{"href":"https:\/\/nabytoklaguna.sk\/sk\/wp-json\/wp\/v2\/types\/product"}],"replies":[{"embeddable":true,"href":"https:\/\/nabytoklaguna.sk\/sk\/wp-json\/wp\/v2\/comments?post=47432"}],"wp:featuredmedia":[{"embeddable":true,"href":"https:\/\/nabytoklaguna.sk\/sk\/wp-json\/wp\/v2\/media\/47437"}],"wp:attachment":[{"href":"https:\/\/nabytoklaguna.sk\/sk\/wp-json\/wp\/v2\/media?parent=47432"}],"wp:term":[{"taxonomy":"product_brand","embeddable":true,"href":"https:\/\/nabytoklaguna.sk\/sk\/wp-json\/wp\/v2\/product_brand?post=47432"},{"taxonomy":"product_cat","embeddable":true,"href":"https:\/\/nabytoklaguna.sk\/sk\/wp-json\/wp\/v2\/product_cat?post=47432"},{"taxonomy":"product_tag","embeddable":true,"href":"https:\/\/nabytoklaguna.sk\/sk\/wp-json\/wp\/v2\/product_tag?post=47432"}],"curies":[{"name":"wp","href":"https:\/\/api.w.org\/{rel}","templated":true}]}}