{"id":47506,"date":"2021-03-21T12:53:18","date_gmt":"2021-03-21T11:53:18","guid":{"rendered":"https:\/\/nabytoklaguna.sk\/sk\/?post_type=product&#038;p=47506"},"modified":"2025-10-28T11:20:42","modified_gmt":"2025-10-28T10:20:42","slug":"k-terkan","status":"publish","type":"product","link":"https:\/\/nabytoklaguna.sk\/sk\/produkt\/k-terkan\/","title":{"rendered":"K TERKAN"},"content":{"rendered":"<p>Barov\u00e1 stoli\u010dka s oto\u010dn\u00fdm v\u00fd\u0161kovo nastavite\u013en\u00fdm sedadlom, prevedenie: \u010dierna alebo siv\u00e1 l\u00e1tka + kovov\u00e1 podstava \u010diernej farby, \u0160xHxV: 47,5x51x84 &#8211; 105 cm, v\u00fd\u0161ka sedenia: 62 &#8211; 73 cm.<\/p>\n<p>Oto\u010dn\u00e9 sedadlo<\/p>\n<p>Nastavenie v\u00fd\u0161ky<\/p>\n<p>Dod\u00e1van\u00e9 v demonte<\/p>\n","protected":false},"excerpt":{"rendered":"<p>Barov\u00e1 stoli\u010dka s oto\u010dn\u00fdm v\u00fd\u0161kovo nastavite\u013en\u00fdm sedadlom, prevedenie: \u010dierna alebo siv\u00e1 l\u00e1tka + kovov\u00e1 podstava \u010diernej farby, \u0160xHxV: 47,5x51x84 &#8211; 105 cm, v\u00fd\u0161ka sedenia: 62 &#8211; 73 cm. Oto\u010dn\u00e9 sedadlo Nastavenie v\u00fd\u0161ky Dod\u00e1van\u00e9 v demonte<\/p>\n","protected":false},"featured_media":47509,"comment_status":"closed","ping_status":"closed","template":"","meta":{"_seopress_robots_primary_cat":"241","_seopress_titles_title":"","_seopress_titles_desc":"","_seopress_robots_index":""},"product_brand":[],"product_cat":[241],"product_tag":[],"class_list":{"0":"post-47506","1":"product","2":"type-product","3":"status-publish","4":"has-post-thumbnail","6":"product_cat-barove-stolicky","7":"pa_farba-cierna-2","8":"pa_farba-konakova","9":"pa_farba-siva","11":"first","12":"onbackorder","13":"shipping-taxable","14":"purchasable","15":"product-type-variable"},"_links":{"self":[{"href":"https:\/\/nabytoklaguna.sk\/sk\/wp-json\/wp\/v2\/product\/47506","targetHints":{"allow":["GET"]}}],"collection":[{"href":"https:\/\/nabytoklaguna.sk\/sk\/wp-json\/wp\/v2\/product"}],"about":[{"href":"https:\/\/nabytoklaguna.sk\/sk\/wp-json\/wp\/v2\/types\/product"}],"replies":[{"embeddable":true,"href":"https:\/\/nabytoklaguna.sk\/sk\/wp-json\/wp\/v2\/comments?post=47506"}],"wp:featuredmedia":[{"embeddable":true,"href":"https:\/\/nabytoklaguna.sk\/sk\/wp-json\/wp\/v2\/media\/47509"}],"wp:attachment":[{"href":"https:\/\/nabytoklaguna.sk\/sk\/wp-json\/wp\/v2\/media?parent=47506"}],"wp:term":[{"taxonomy":"product_brand","embeddable":true,"href":"https:\/\/nabytoklaguna.sk\/sk\/wp-json\/wp\/v2\/product_brand?post=47506"},{"taxonomy":"product_cat","embeddable":true,"href":"https:\/\/nabytoklaguna.sk\/sk\/wp-json\/wp\/v2\/product_cat?post=47506"},{"taxonomy":"product_tag","embeddable":true,"href":"https:\/\/nabytoklaguna.sk\/sk\/wp-json\/wp\/v2\/product_tag?post=47506"}],"curies":[{"name":"wp","href":"https:\/\/api.w.org\/{rel}","templated":true}]}}