{"id":47576,"date":"2021-03-21T12:53:18","date_gmt":"2021-03-21T11:53:18","guid":{"rendered":"https:\/\/nabytoklaguna.sk\/sk\/?post_type=product&#038;p=47576"},"modified":"2026-01-12T13:47:45","modified_gmt":"2026-01-12T12:47:45","slug":"k-brany","status":"publish","type":"product","link":"https:\/\/nabytoklaguna.sk\/sk\/produkt\/k-brany\/","title":{"rendered":"K BRANY new"},"content":{"rendered":"<p>Vychutnajte si va\u0161e drinky s rodinou alebo priate\u013emi pri novom\u00a0<b>barovom stole<\/b>. Barov\u00fd st\u00f4l sa hod\u00ed do ka\u017edej miestnosti, kde potrebujete u\u0161etri\u0165 \u010do najviac miesta. Modern\u00fd\u00a0<b>oto\u010dn\u00fd barov\u00fd st\u00f4l<\/b>\u00a0s\u00a0<b>nastavite\u013enou v\u00fd\u0161kou BRANY 2 NEW<\/b>\u00a0zaru\u010dene vyu\u017eijete pri najr\u00f4znej\u0161\u00edch spolo\u010densk\u00fdch udalostiach. Vhodn\u00fd\u00a0<b>nielen pre dom\u00e1cnosti<\/b>, jeho kvality ocen\u00edte aj\u00a0<b>v re\u0161taura\u010dn\u00fdch zariadeniach, cukr\u00e1rniach a baroch<\/b>. Komer\u010dn\u00e9 firmy aj \u00farady ho \u010dasto umiest\u0148uj\u00fa\u00a0<b>do spolo\u010densk\u00fdch priestorov a \u010dak\u00e1rni<\/b>, s\u00fa ur\u010den\u00e9 pre ich z\u00e1kazn\u00edkov a klientov ako napr. plocha na vyplnenie dokumentov \u010di odlo\u017eenie si poh\u00e1ra s n\u00e1pojom. Na\u00a0<b>pevnej nohe z chr\u00f3mu<\/b>\u00a0je polo\u017een\u00e1 doska z\u00a0<b>MDF<\/b>. Pomocou p\u00e1\u010dky st\u00f4l jednoducho nastav\u00edte\u00a0<b>na v\u00fd\u0161ku 85,5-105,5 cm<\/b>.<\/p>\n<ul>\n<li><b>Rozmery (\u0160xHxV):<\/b>\u00a060x60x85,5-105,5 cm<\/li>\n<li>Nosnos\u0165: 100 kg<\/li>\n<\/ul>\n<p>Dod\u00e1van\u00e9 v demonte<\/p>\n","protected":false},"excerpt":{"rendered":"<p>Vychutnajte si va\u0161e drinky s rodinou alebo priate\u013emi pri novom\u00a0barovom stole. Barov\u00fd st\u00f4l sa hod\u00ed do ka\u017edej miestnosti, kde potrebujete u\u0161etri\u0165 \u010do najviac miesta. Modern\u00fd\u00a0oto\u010dn\u00fd barov\u00fd st\u00f4l\u00a0s\u00a0nastavite\u013enou v\u00fd\u0161kou BRANY 2 NEW\u00a0zaru\u010dene vyu\u017eijete pri najr\u00f4znej\u0161\u00edch spolo\u010densk\u00fdch udalostiach. Vhodn\u00fd\u00a0nielen pre dom\u00e1cnosti, jeho kvality ocen\u00edte aj\u00a0v re\u0161taura\u010dn\u00fdch zariadeniach, cukr\u00e1rniach a baroch. Komer\u010dn\u00e9 firmy aj \u00farady ho \u010dasto umiest\u0148uj\u00fa\u00a0do&#8230;<\/p>\n","protected":false},"featured_media":47579,"comment_status":"closed","ping_status":"closed","template":"","meta":{"_seopress_robots_primary_cat":"3670","_seopress_titles_title":"","_seopress_titles_desc":"","_seopress_robots_index":""},"product_brand":[],"product_cat":[245,243],"product_tag":[],"class_list":{"0":"post-47576","1":"product","2":"type-product","3":"status-publish","4":"has-post-thumbnail","6":"product_cat-kovove-stoly","7":"product_cat-stoly","8":"pa_farba-biela","9":"pa_farba-cierna-2","11":"first","12":"onbackorder","13":"shipping-taxable","14":"purchasable","15":"product-type-variable"},"_links":{"self":[{"href":"https:\/\/nabytoklaguna.sk\/sk\/wp-json\/wp\/v2\/product\/47576","targetHints":{"allow":["GET"]}}],"collection":[{"href":"https:\/\/nabytoklaguna.sk\/sk\/wp-json\/wp\/v2\/product"}],"about":[{"href":"https:\/\/nabytoklaguna.sk\/sk\/wp-json\/wp\/v2\/types\/product"}],"replies":[{"embeddable":true,"href":"https:\/\/nabytoklaguna.sk\/sk\/wp-json\/wp\/v2\/comments?post=47576"}],"wp:featuredmedia":[{"embeddable":true,"href":"https:\/\/nabytoklaguna.sk\/sk\/wp-json\/wp\/v2\/media\/47579"}],"wp:attachment":[{"href":"https:\/\/nabytoklaguna.sk\/sk\/wp-json\/wp\/v2\/media?parent=47576"}],"wp:term":[{"taxonomy":"product_brand","embeddable":true,"href":"https:\/\/nabytoklaguna.sk\/sk\/wp-json\/wp\/v2\/product_brand?post=47576"},{"taxonomy":"product_cat","embeddable":true,"href":"https:\/\/nabytoklaguna.sk\/sk\/wp-json\/wp\/v2\/product_cat?post=47576"},{"taxonomy":"product_tag","embeddable":true,"href":"https:\/\/nabytoklaguna.sk\/sk\/wp-json\/wp\/v2\/product_tag?post=47576"}],"curies":[{"name":"wp","href":"https:\/\/api.w.org\/{rel}","templated":true}]}}