{"id":47736,"date":"2021-03-21T12:53:18","date_gmt":"2021-03-21T11:53:18","guid":{"rendered":"https:\/\/nabytoklaguna.sk\/sk\/?post_type=product&#038;p=47736"},"modified":"2023-01-11T10:28:59","modified_gmt":"2023-01-11T09:28:59","slug":"tempo-kondela-baki","status":"publish","type":"product","link":"https:\/\/nabytoklaguna.sk\/sk\/produkt\/tempo-kondela-baki\/","title":{"rendered":"TK BAKI"},"content":{"rendered":"<p>Viac\u00fa\u010delov\u00fd reg\u00e1l vyu\u017eite\u013en\u00fd najm\u00e4 ako kni\u017enica s \u00f4smimi, \u0161iestimi alebo \u0161tyrmi poli\u010dkami.<\/p>\n<ul>\n<li><b>Materi\u00e1l:\u00a0<\/b>DTD laminovan\u00e1<\/li>\n<li><b>Farba:<\/b>\u00a0biela<\/li>\n<li><b>Rozmery Typ 1\u00a0(\u0160xHxV):<\/b>\u00a043x20x143,5 cm<\/li>\n<li><b>Rozmery Typ 2 (\u0160xHxV):\u00a0<\/b>43x20x115 cm<\/li>\n<li><b>Rozmery Typ 3 (\u0160xHxV):<\/b>\u00a043x20x86,4 cm<\/li>\n<li><b>Nosnos\u0165 reg\u00e1lu:<\/b>\u00a024 kg, 18 kg, 12 kg<\/li>\n<\/ul>\n","protected":false},"excerpt":{"rendered":"<p>Viac\u00fa\u010delov\u00fd reg\u00e1l vyu\u017eite\u013en\u00fd najm\u00e4 ako kni\u017enica s \u00f4smimi, \u0161iestimi alebo \u0161tyrmi poli\u010dkami. Materi\u00e1l:\u00a0DTD laminovan\u00e1 Farba:\u00a0biela Rozmery Typ 1\u00a0(\u0160xHxV):\u00a043x20x143,5 cm Rozmery Typ 2 (\u0160xHxV):\u00a043x20x115 cm Rozmery Typ 3 (\u0160xHxV):\u00a043x20x86,4 cm Nosnos\u0165 reg\u00e1lu:\u00a024 kg, 18 kg, 12 kg<\/p>\n","protected":false},"featured_media":47740,"comment_status":"closed","ping_status":"closed","template":"","meta":{"_seopress_robots_primary_cat":"1062","_seopress_titles_title":"","_seopress_titles_desc":"","_seopress_robots_index":""},"product_brand":[],"product_cat":[1062],"product_tag":[],"class_list":{"0":"post-47736","1":"product","2":"type-product","3":"status-publish","4":"has-post-thumbnail","6":"product_cat-regaly-police","7":"pa_typ-produktu-typ-1","8":"pa_typ-produktu-typ-2","9":"pa_typ-produktu-typ-3","11":"first","12":"onbackorder","13":"shipping-taxable","14":"purchasable","15":"product-type-variable"},"_links":{"self":[{"href":"https:\/\/nabytoklaguna.sk\/sk\/wp-json\/wp\/v2\/product\/47736","targetHints":{"allow":["GET"]}}],"collection":[{"href":"https:\/\/nabytoklaguna.sk\/sk\/wp-json\/wp\/v2\/product"}],"about":[{"href":"https:\/\/nabytoklaguna.sk\/sk\/wp-json\/wp\/v2\/types\/product"}],"replies":[{"embeddable":true,"href":"https:\/\/nabytoklaguna.sk\/sk\/wp-json\/wp\/v2\/comments?post=47736"}],"wp:featuredmedia":[{"embeddable":true,"href":"https:\/\/nabytoklaguna.sk\/sk\/wp-json\/wp\/v2\/media\/47740"}],"wp:attachment":[{"href":"https:\/\/nabytoklaguna.sk\/sk\/wp-json\/wp\/v2\/media?parent=47736"}],"wp:term":[{"taxonomy":"product_brand","embeddable":true,"href":"https:\/\/nabytoklaguna.sk\/sk\/wp-json\/wp\/v2\/product_brand?post=47736"},{"taxonomy":"product_cat","embeddable":true,"href":"https:\/\/nabytoklaguna.sk\/sk\/wp-json\/wp\/v2\/product_cat?post=47736"},{"taxonomy":"product_tag","embeddable":true,"href":"https:\/\/nabytoklaguna.sk\/sk\/wp-json\/wp\/v2\/product_tag?post=47736"}],"curies":[{"name":"wp","href":"https:\/\/api.w.org\/{rel}","templated":true}]}}