{"id":47961,"date":"2021-06-22T12:53:18","date_gmt":"2021-06-22T10:53:18","guid":{"rendered":"https:\/\/nabytoklaguna.sk\/sk\/?post_type=product&#038;p=47961"},"modified":"2025-12-22T11:48:17","modified_gmt":"2025-12-22T10:48:17","slug":"obyvacia-stena-margaret","status":"publish","type":"product","link":"https:\/\/nabytoklaguna.sk\/sk\/produkt\/obyvacia-stena-margaret\/","title":{"rendered":"MARGARET"},"content":{"rendered":"<p>Ob\u00fdvacia stena <strong>MARGARET<\/strong> je <span style=\"font-size: 15.008px;\">vyroben\u00e1<\/span>\u00a0z kvalitn\u00e9ho DTD <span style=\"font-size: 15.008px;\">materi\u00e1lu vo\u00a0<\/span>farebnom <span style=\"font-size: 15.008px;\">preveden\u00ed<\/span>: biela s vysok\u00fdm leskom, rozmery ob\u00fdvacej steny s\u00fa\u00a0 (\u0160xVxH) 200x190x42 cm.\u00a0 V\u00fd\u0161ka RTV stol\u00edka je\u00a0 42,5 cm.\u00a0 Ku ob\u00fdvacej stene si m\u00f4\u017ete dok\u00fapi\u0165 LED osvetlenie v cene 39\u20ac.<\/p>\n<p>Dod\u00e1van\u00e9 v demonte.<\/p>\n","protected":false},"excerpt":{"rendered":"<p>Ob\u00fdvacia stena MARGARET je vyroben\u00e1\u00a0z kvalitn\u00e9ho DTD materi\u00e1lu vo\u00a0farebnom preveden\u00ed: biela s vysok\u00fdm leskom, rozmery ob\u00fdvacej steny s\u00fa\u00a0 (\u0160xVxH) 200x190x42 cm.\u00a0 V\u00fd\u0161ka RTV stol\u00edka je\u00a0 42,5 cm.\u00a0 Ku ob\u00fdvacej stene si m\u00f4\u017ete dok\u00fapi\u0165 LED osvetlenie v cene 39\u20ac. Dod\u00e1van\u00e9 v demonte.<\/p>\n","protected":false},"featured_media":73287,"comment_status":"closed","ping_status":"closed","template":"","meta":{"_seopress_robots_primary_cat":"251","_seopress_titles_title":"","_seopress_titles_desc":"","_seopress_robots_index":""},"product_brand":[],"product_cat":[182,251],"product_tag":[],"class_list":{"0":"post-47961","1":"product","2":"type-product","3":"status-publish","4":"has-post-thumbnail","6":"product_cat-obyvacie-steny","7":"product_cat-steny","9":"first","10":"onbackorder","11":"sale","12":"shipping-taxable","13":"purchasable","14":"product-type-variable"},"_links":{"self":[{"href":"https:\/\/nabytoklaguna.sk\/sk\/wp-json\/wp\/v2\/product\/47961","targetHints":{"allow":["GET"]}}],"collection":[{"href":"https:\/\/nabytoklaguna.sk\/sk\/wp-json\/wp\/v2\/product"}],"about":[{"href":"https:\/\/nabytoklaguna.sk\/sk\/wp-json\/wp\/v2\/types\/product"}],"replies":[{"embeddable":true,"href":"https:\/\/nabytoklaguna.sk\/sk\/wp-json\/wp\/v2\/comments?post=47961"}],"wp:featuredmedia":[{"embeddable":true,"href":"https:\/\/nabytoklaguna.sk\/sk\/wp-json\/wp\/v2\/media\/73287"}],"wp:attachment":[{"href":"https:\/\/nabytoklaguna.sk\/sk\/wp-json\/wp\/v2\/media?parent=47961"}],"wp:term":[{"taxonomy":"product_brand","embeddable":true,"href":"https:\/\/nabytoklaguna.sk\/sk\/wp-json\/wp\/v2\/product_brand?post=47961"},{"taxonomy":"product_cat","embeddable":true,"href":"https:\/\/nabytoklaguna.sk\/sk\/wp-json\/wp\/v2\/product_cat?post=47961"},{"taxonomy":"product_tag","embeddable":true,"href":"https:\/\/nabytoklaguna.sk\/sk\/wp-json\/wp\/v2\/product_tag?post=47961"}],"curies":[{"name":"wp","href":"https:\/\/api.w.org\/{rel}","templated":true}]}}