{"id":48970,"date":"2021-03-21T12:53:18","date_gmt":"2021-03-21T11:53:18","guid":{"rendered":"https:\/\/nabytoklaguna.sk\/sk\/?post_type=product&#038;p=48970"},"modified":"2025-02-25T10:16:16","modified_gmt":"2025-02-25T09:16:16","slug":"tv-5010","status":"publish","type":"product","link":"https:\/\/nabytoklaguna.sk\/sk\/produkt\/tv-5010\/","title":{"rendered":"AUT TV-5010 kreslo"},"content":{"rendered":"<p><strong>Relaxa\u010dn\u00e9 kreslo s taburetom<\/strong>\u00a0 v retro \u0161t\u00fdle. Pre maxim\u00e1lny komfort je kreslo <strong>polohovate\u013en\u00e9<\/strong>, pod\u013ea potreby je ale mo\u017en\u00e9 polohovanie zafixova\u0165 ve\u013ekou areta\u010dnou skrutkou umiestnenou pod sed\u00e1kom kresla. V\u010faka tvrden\u00e9mu <strong>kovov\u00e9mu r\u00e1mu<\/strong> \u010diernej farby, ktor\u00fd je pevne uchyten\u00fd na kovovom pieste je kreslo oto\u010dn\u00e9.<\/p>\n<p><strong>Dokonal\u00fa stabilitu<\/strong> zabezpe\u010duje hviezdicov\u00e1 podno\u017e z mas\u00edvneho dreva.<\/p>\n<p><strong>Mo\u017enos\u0165 v\u00fdberu farebn\u00e9ho prevedenia<\/strong>: l\u00e1tka siv\u00e1, l\u00e1tka hned\u00e1 s imit\u00e1ciou br\u00fasenej ko\u017ee alebo l\u00e1tka cappucino. Nosnos\u0165 kresla 110kg. Dod\u00e1van\u00e9 v demonte<\/p>\n<p>ROZMERY<\/p>\n<p><strong>Kreslo<\/strong><\/p>\n<p>\u0160\u00edrka: 80 cm<\/p>\n<p>H\u013abka: 80-100 cm<\/p>\n<p>V\u00fd\u0161ka: 104 cm<\/p>\n<p>H\u013abka sedu: 51cm<\/p>\n<p>V\u00fd\u0161ka sedu: 47 cm<\/p>\n<p><strong>Taburet<\/strong><\/p>\n<p>Rozmer: 47x39x37cm<\/p>\n","protected":false},"excerpt":{"rendered":"<p>Relaxa\u010dn\u00e9 kreslo s taburetom\u00a0 v retro \u0161t\u00fdle. Pre maxim\u00e1lny komfort je kreslo polohovate\u013en\u00e9, pod\u013ea potreby je ale mo\u017en\u00e9 polohovanie zafixova\u0165 ve\u013ekou areta\u010dnou skrutkou umiestnenou pod sed\u00e1kom kresla. V\u010faka tvrden\u00e9mu kovov\u00e9mu r\u00e1mu \u010diernej farby, ktor\u00fd je pevne uchyten\u00fd na kovovom pieste je kreslo oto\u010dn\u00e9. Dokonal\u00fa stabilitu zabezpe\u010duje hviezdicov\u00e1 podno\u017e z mas\u00edvneho dreva. Mo\u017enos\u0165 v\u00fdberu farebn\u00e9ho prevedenia:&#8230;<\/p>\n","protected":false},"featured_media":79356,"comment_status":"closed","ping_status":"closed","template":"","meta":{"_seopress_robots_primary_cat":"231","_seopress_titles_title":"","_seopress_titles_desc":"","_seopress_robots_index":""},"product_brand":[],"product_cat":[231],"product_tag":[],"class_list":{"0":"post-48970","1":"product","2":"type-product","3":"status-publish","4":"has-post-thumbnail","6":"product_cat-kresla","8":"first","9":"onbackorder","10":"shipping-taxable","11":"purchasable","12":"product-type-variable"},"_links":{"self":[{"href":"https:\/\/nabytoklaguna.sk\/sk\/wp-json\/wp\/v2\/product\/48970","targetHints":{"allow":["GET"]}}],"collection":[{"href":"https:\/\/nabytoklaguna.sk\/sk\/wp-json\/wp\/v2\/product"}],"about":[{"href":"https:\/\/nabytoklaguna.sk\/sk\/wp-json\/wp\/v2\/types\/product"}],"replies":[{"embeddable":true,"href":"https:\/\/nabytoklaguna.sk\/sk\/wp-json\/wp\/v2\/comments?post=48970"}],"wp:featuredmedia":[{"embeddable":true,"href":"https:\/\/nabytoklaguna.sk\/sk\/wp-json\/wp\/v2\/media\/79356"}],"wp:attachment":[{"href":"https:\/\/nabytoklaguna.sk\/sk\/wp-json\/wp\/v2\/media?parent=48970"}],"wp:term":[{"taxonomy":"product_brand","embeddable":true,"href":"https:\/\/nabytoklaguna.sk\/sk\/wp-json\/wp\/v2\/product_brand?post=48970"},{"taxonomy":"product_cat","embeddable":true,"href":"https:\/\/nabytoklaguna.sk\/sk\/wp-json\/wp\/v2\/product_cat?post=48970"},{"taxonomy":"product_tag","embeddable":true,"href":"https:\/\/nabytoklaguna.sk\/sk\/wp-json\/wp\/v2\/product_tag?post=48970"}],"curies":[{"name":"wp","href":"https:\/\/api.w.org\/{rel}","templated":true}]}}