{"id":49055,"date":"2021-03-21T12:53:18","date_gmt":"2021-03-21T11:53:18","guid":{"rendered":"https:\/\/nabytoklaguna.sk\/sk\/?post_type=product&#038;p=49055"},"modified":"2026-01-15T00:56:35","modified_gmt":"2026-01-14T23:56:35","slug":"ka-f05","status":"publish","type":"product","link":"https:\/\/nabytoklaguna.sk\/sk\/produkt\/ka-f05\/","title":{"rendered":"KA-F05"},"content":{"rendered":"<p>Luxusn\u00e9 kancel\u00e1rska kreslo \u010dal\u00fanen\u00e9 l\u00e1tkou s \u010diernymi detailmi. Stoli\u010dka m\u00e1 \u0161portov\u00fd vzh\u013ead. Operadlo polohovacie 90\u00b0-180\u00b0 a hojdac\u00ed mechanizmus zabezpe\u010d\u00ed komfrort pri seden\u00ed. Bedrov\u00fd vank\u00fa\u0161\u00edk i vank\u00fa\u0161ik za hlavou je odn\u00edmate\u013en\u00fd. Stoli\u010dka m\u00e1 nastavite\u013en\u00e9 podr\u00fa\u010dky, plastov\u00fd kr\u00ed\u017e a pogumovan\u00e9 kolieska, ktor\u00e9 chr\u00e1nia podlahu pred po\u0161koden\u00edm. Nosnos\u0165 130 Kg<\/p>\n<p>Stoli\u010dka sa vyr\u00e1ba vo farebnom preveden\u00ed siv\u00e1<\/p>\n<p>ROZMER<\/p>\n<table>\n<tbody>\n<tr>\n<td class=\"popis\">\u0160\u00edrka sedu:<\/td>\n<td>53 cm<\/td>\n<\/tr>\n<tr>\n<td class=\"popis\">Hlbka sedu:<\/td>\n<td>47 cm<\/td>\n<\/tr>\n<tr>\n<td class=\"popis\">V\u00fd\u0161ka sedu:<\/td>\n<td>44-52 cm<\/td>\n<\/tr>\n<tr>\n<td class=\"popis\">Nosnost (kg):<\/td>\n<td>130<\/td>\n<\/tr>\n<tr>\n<td class=\"popis\">\u0160\u00edrka (cm):<\/td>\n<td>69<\/td>\n<\/tr>\n<tr>\n<td class=\"popis\">Hlbka (cm):<\/td>\n<td>67<\/td>\n<\/tr>\n<tr>\n<td class=\"popis\">V\u00fd\u0161ka (cm):<\/td>\n<td>124-132<\/td>\n<\/tr>\n<\/tbody>\n<\/table>\n","protected":false},"excerpt":{"rendered":"<p>Luxusn\u00e9 kancel\u00e1rska kreslo \u010dal\u00fanen\u00e9 l\u00e1tkou s \u010diernymi detailmi. Stoli\u010dka m\u00e1 \u0161portov\u00fd vzh\u013ead. Operadlo polohovacie 90\u00b0-180\u00b0 a hojdac\u00ed mechanizmus zabezpe\u010d\u00ed komfrort pri seden\u00ed. Bedrov\u00fd vank\u00fa\u0161\u00edk i vank\u00fa\u0161ik za hlavou je odn\u00edmate\u013en\u00fd. Stoli\u010dka m\u00e1 nastavite\u013en\u00e9 podr\u00fa\u010dky, plastov\u00fd kr\u00ed\u017e a pogumovan\u00e9 kolieska, ktor\u00e9 chr\u00e1nia podlahu pred po\u0161koden\u00edm. Nosnos\u0165 130 Kg Stoli\u010dka sa vyr\u00e1ba vo farebnom preveden\u00ed siv\u00e1 ROZMER&#8230;<\/p>\n","protected":false},"featured_media":124925,"comment_status":"closed","ping_status":"closed","template":"","meta":{"_seopress_robots_primary_cat":"242","_seopress_titles_title":"","_seopress_titles_desc":"","_seopress_robots_index":""},"product_brand":[],"product_cat":[242],"product_tag":[],"class_list":{"0":"post-49055","1":"product","2":"type-product","3":"status-publish","4":"has-post-thumbnail","6":"product_cat-kancelarske-stolicky","7":"pa_farba-grey","9":"first","10":"instock","11":"shipping-taxable","12":"purchasable","13":"product-type-variable"},"_links":{"self":[{"href":"https:\/\/nabytoklaguna.sk\/sk\/wp-json\/wp\/v2\/product\/49055","targetHints":{"allow":["GET"]}}],"collection":[{"href":"https:\/\/nabytoklaguna.sk\/sk\/wp-json\/wp\/v2\/product"}],"about":[{"href":"https:\/\/nabytoklaguna.sk\/sk\/wp-json\/wp\/v2\/types\/product"}],"replies":[{"embeddable":true,"href":"https:\/\/nabytoklaguna.sk\/sk\/wp-json\/wp\/v2\/comments?post=49055"}],"wp:featuredmedia":[{"embeddable":true,"href":"https:\/\/nabytoklaguna.sk\/sk\/wp-json\/wp\/v2\/media\/124925"}],"wp:attachment":[{"href":"https:\/\/nabytoklaguna.sk\/sk\/wp-json\/wp\/v2\/media?parent=49055"}],"wp:term":[{"taxonomy":"product_brand","embeddable":true,"href":"https:\/\/nabytoklaguna.sk\/sk\/wp-json\/wp\/v2\/product_brand?post=49055"},{"taxonomy":"product_cat","embeddable":true,"href":"https:\/\/nabytoklaguna.sk\/sk\/wp-json\/wp\/v2\/product_cat?post=49055"},{"taxonomy":"product_tag","embeddable":true,"href":"https:\/\/nabytoklaguna.sk\/sk\/wp-json\/wp\/v2\/product_tag?post=49055"}],"curies":[{"name":"wp","href":"https:\/\/api.w.org\/{rel}","templated":true}]}}