{"id":49447,"date":"2021-03-21T12:53:18","date_gmt":"2021-03-21T11:53:18","guid":{"rendered":"https:\/\/nabytoklaguna.sk\/sk\/?post_type=product&#038;p=49447"},"modified":"2025-06-02T12:44:47","modified_gmt":"2025-06-02T10:44:47","slug":"napoli","status":"publish","type":"product","link":"https:\/\/nabytoklaguna.sk\/sk\/produkt\/napoli\/","title":{"rendered":"STG NAPOLI"},"content":{"rendered":"<div id=\"product-description\" class=\"product-body__specification__description\">\n<div class=\"product-body__specification__description__desc-cont\">\n<div id=\"full-product-description\">\n<p><strong>\u0160t\u00fdlov\u00e1 sedacia<\/strong> s\u00faprava <strong>NAPOLI\u00a0 U<\/strong>\u00a0 je vhodn\u00e1 najm\u00e4 do v\u00e4\u010d\u0161\u00edch priestorov. Sedacia s\u00faprava\u00a0 <strong>NAPOLI U\u00a0 m\u00e1 \u00falo\u017en\u00fd priestor<\/strong> vo forme z\u00e1suvky na jednej strane seda\u010dky a <strong>dizajnov\u00fa a osvetlen\u00fa poli\u010dku<\/strong> na druhej strane.<strong> Polohovate\u013en\u00e9 z\u00e1hlavky<\/strong> v\u00e1m zaru\u010dia pohodlie a komfort, ktor\u00e9ho sa nebudete chcie\u0165 vzda\u0165. V\u00fdpl\u0148 seda\u010dky tvoria pru\u017einy <strong>faliste<\/strong>, no\u017ei\u010dky s\u00fa chr\u00f3mov\u00e9. V\u00fd\u0161ka sedenia je 45 cm.<\/p>\n<p>Mo\u017enos\u0165 v\u00fdberu prav\u00e9ho alebo \u013eav\u00e9ho prevedenia. Taktie\u017e je mo\u017en\u00e9 vybra\u0165 variantu bez rozkladu alebo s rozkladom.<\/p>\n<p><strong>VZORKOVN\u00cdK L\u00c1TOK<\/strong><\/p>\n<p><a href=\"https:\/\/nabytoklaguna.sk\/sk\/wp-content\/uploads\/2021\/02\/STG-Potahove-latky.pdf\"><img loading=\"lazy\" decoding=\"async\" class=\"alignnone wp-image-100592 size-full\" src=\"https:\/\/nabytoklaguna.sk\/sk\/wp-content\/uploads\/2021\/01\/tlacidlo-vzorkovnik-latok-2.jpg\" alt=\"tlacidlo vzorkovnik latok (2)\" width=\"100\" height=\"100\" \/>Ceny s\u00fa platn\u00e9 pre l\u00e1tky v cenovej skupine 0.<\/a><\/p>\n<h3 class=\"page-product-heading\">VLASTNOSTI<\/h3>\n<table class=\"table-data-sheet\">\n<tbody>\n<tr class=\"odd\">\n<td>H\u013abka<\/td>\n<td>175\/276 cm<\/td>\n<\/tr>\n<tr class=\"even\">\n<td>\u0160\u00edrka<\/td>\n<td>350 cm<\/td>\n<\/tr>\n<tr class=\"odd\">\n<td>V\u00fd\u0161ka<\/td>\n<td>82-100 cm<\/td>\n<\/tr>\n<tr class=\"even\">\n<td>Vhodn\u00e1 miestnos\u0165<\/td>\n<td>ob\u00fdva\u010dka, spolo\u010densk\u00e1 miestnos\u0165, hotely, kaviarne<\/td>\n<\/tr>\n<tr class=\"odd\">\n<td>Typ n\u00e1bytku<\/td>\n<td>\u00a0sedacia s\u00faprava v tvare U<\/td>\n<\/tr>\n<tr class=\"even\">\n<td>\u0160t\u00fdl n\u00e1bytku<\/td>\n<td>modern\u00fd<\/td>\n<\/tr>\n<tr class=\"odd\">\n<td>Z\u00e1ruka<\/td>\n<td>2 roky<\/td>\n<\/tr>\n<tr class=\"even\">\n<td>Sp\u00f4sob dodania<\/td>\n<td>demont v troch bal\u00edkoch<\/td>\n<\/tr>\n<tr class=\"odd\">\n<td>Hmotnos\u0165<\/td>\n<td>209 kg<\/td>\n<\/tr>\n<tr class=\"even\">\n<td>\u00dalo\u017en\u00fd priestor<\/td>\n<td>\u00e1no<\/td>\n<\/tr>\n<tr class=\"odd\">\n<td>Rohov\u00e9 prevedenie<\/td>\n<td>\u00e1no<\/td>\n<\/tr>\n<tr class=\"even\">\n<td>V\u00fd\u0161ka sed\u00e1ka<\/td>\n<td>45 cm<\/td>\n<\/tr>\n<tr class=\"odd\">\n<td>V\u00fd\u0161ka zadn\u00e9ho \u010dela<\/td>\n<td>max. 100 cm<\/td>\n<\/tr>\n<tr class=\"even\">\n<td>Mo\u017enos\u0165 rozkladania<\/td>\n<td>\u00e1no\/nie<\/td>\n<\/tr>\n<tr class=\"odd\">\n<td>Plocha po rozlo\u017een\u00ed<\/td>\n<td>120\u00d7270 cm<\/td>\n<\/tr>\n<tr class=\"even\">\n<td>Kon\u0161trukcia<\/td>\n<td>mas\u00edv<\/td>\n<\/tr>\n<tr class=\"odd\">\n<td>N\u00f4\u017eky<\/td>\n<td>kov<\/td>\n<\/tr>\n<tr class=\"even\">\n<td>Obsahuje vank\u00fa\u0161e<\/td>\n<td>nie<\/td>\n<\/tr>\n<tr class=\"odd\">\n<td>Nastavenie opierok<\/td>\n<td>\u00e1no<\/td>\n<\/tr>\n<tr class=\"even\">\n<td>V\u00fdpl\u0148 seda\u010dky<\/td>\n<td>pena+ pru\u017eina<\/td>\n<\/tr>\n<\/tbody>\n<\/table>\n<p>&nbsp;<\/p>\n<\/div>\n<\/div>\n<\/div>\n<div class=\"clear\">\n<p>&nbsp;<\/p>\n<\/div>\n<div class=\"product-body__specification__gallery\">\n<h3 class=\"product-body__specification__heading-title\"><\/h3>\n<\/div>\n","protected":false},"excerpt":{"rendered":"<p>\u0160t\u00fdlov\u00e1 sedacia s\u00faprava NAPOLI\u00a0 U\u00a0 je vhodn\u00e1 najm\u00e4 do v\u00e4\u010d\u0161\u00edch priestorov. Sedacia s\u00faprava\u00a0 NAPOLI U\u00a0 m\u00e1 \u00falo\u017en\u00fd priestor vo forme z\u00e1suvky na jednej strane seda\u010dky a dizajnov\u00fa a osvetlen\u00fa poli\u010dku na druhej strane. Polohovate\u013en\u00e9 z\u00e1hlavky v\u00e1m zaru\u010dia pohodlie a komfort, ktor\u00e9ho sa nebudete chcie\u0165 vzda\u0165. V\u00fdpl\u0148 seda\u010dky tvoria pru\u017einy faliste, no\u017ei\u010dky s\u00fa chr\u00f3mov\u00e9. V\u00fd\u0161ka sedenia&#8230;<\/p>\n","protected":false},"featured_media":56366,"comment_status":"closed","ping_status":"closed","template":"","meta":{"_seopress_robots_primary_cat":"140","_seopress_titles_title":"","_seopress_titles_desc":"","_seopress_robots_index":""},"product_brand":[],"product_cat":[140,254],"product_tag":[],"class_list":{"0":"post-49447","1":"product","2":"type-product","3":"status-publish","4":"has-post-thumbnail","6":"product_cat-sedacie-supravy","7":"product_cat-sedacie-supravy-u","8":"pa_typ-produktu-bez-rozkladu","9":"pa_typ-produktu-s-rozkladom","11":"first","12":"onbackorder","13":"shipping-taxable","14":"purchasable","15":"product-type-variable"},"_links":{"self":[{"href":"https:\/\/nabytoklaguna.sk\/sk\/wp-json\/wp\/v2\/product\/49447","targetHints":{"allow":["GET"]}}],"collection":[{"href":"https:\/\/nabytoklaguna.sk\/sk\/wp-json\/wp\/v2\/product"}],"about":[{"href":"https:\/\/nabytoklaguna.sk\/sk\/wp-json\/wp\/v2\/types\/product"}],"replies":[{"embeddable":true,"href":"https:\/\/nabytoklaguna.sk\/sk\/wp-json\/wp\/v2\/comments?post=49447"}],"wp:featuredmedia":[{"embeddable":true,"href":"https:\/\/nabytoklaguna.sk\/sk\/wp-json\/wp\/v2\/media\/56366"}],"wp:attachment":[{"href":"https:\/\/nabytoklaguna.sk\/sk\/wp-json\/wp\/v2\/media?parent=49447"}],"wp:term":[{"taxonomy":"product_brand","embeddable":true,"href":"https:\/\/nabytoklaguna.sk\/sk\/wp-json\/wp\/v2\/product_brand?post=49447"},{"taxonomy":"product_cat","embeddable":true,"href":"https:\/\/nabytoklaguna.sk\/sk\/wp-json\/wp\/v2\/product_cat?post=49447"},{"taxonomy":"product_tag","embeddable":true,"href":"https:\/\/nabytoklaguna.sk\/sk\/wp-json\/wp\/v2\/product_tag?post=49447"}],"curies":[{"name":"wp","href":"https:\/\/api.w.org\/{rel}","templated":true}]}}