{"id":49632,"date":"2021-03-21T12:53:18","date_gmt":"2021-03-21T11:53:18","guid":{"rendered":"https:\/\/nabytoklaguna.sk\/sk\/?post_type=product&#038;p=49632"},"modified":"2025-11-18T13:14:56","modified_gmt":"2025-11-18T12:14:56","slug":"barello-pohovka-2","status":"publish","type":"product","link":"https:\/\/nabytoklaguna.sk\/sk\/produkt\/barello-pohovka-2\/","title":{"rendered":"STG LORA 2"},"content":{"rendered":"<p>Modern\u00e1 pohovka vhodn\u00e1 do ka\u017edej modernej ob\u00fdvacej izby. K pohovke je mo\u017en\u00e9 objedna\u0165 kreslo aj taburet.Pohovka je vybaven\u00e1 polyuret\u00e1novou penou, ktor\u00e1\u00a0 zabezpe\u010duje vysok\u00fd komfort sedenia &#8211; stredne m\u00e4kk\u00e9 sedenie.Mo\u017enos\u0165 v\u00fdberu po\u0165ahovej l\u00e1tky. Pohovku je mo\u017en\u00e9 objedna\u0165 s \u00falo\u017en\u00fdm priestorom alebo bez \u00falo\u017en\u00e9ho priestoru<\/p>\n<p>Cena taburetky <strong>170 EUR, rozmer 57&#215;57 cm<\/strong><\/p>\n<p>Cena kresla<strong> 369 EUR, rozmer 100x87x90cm<\/strong><\/p>\n<p><strong>VZORKOVN\u00cdK L\u00c1TOK<\/strong><\/p>\n<p><a href=\"https:\/\/nabytoklaguna.sk\/sk\/wp-content\/uploads\/2021\/02\/stagra-vzorkovniky.docx\"><img loading=\"lazy\" decoding=\"async\" class=\"alignnone size-full wp-image-100592\" src=\"https:\/\/nabytoklaguna.sk\/sk\/wp-content\/uploads\/2021\/01\/tlacidlo-vzorkovnik-latok-2.jpg\" alt=\"tlacidlo vzorkovnik latok (2)\" width=\"100\" height=\"100\" \/><\/a><\/p>\n<h3 class=\"page-product-heading\">VLASTNOSTI<\/h3>\n<table class=\"table-data-sheet\">\n<tbody>\n<tr class=\"odd\">\n<td>H\u013abka<\/td>\n<td>87 cm<\/td>\n<\/tr>\n<tr class=\"even\">\n<td>\u0160\u00edrka<\/td>\n<td>150 cm<\/td>\n<\/tr>\n<tr class=\"odd\">\n<td>V\u00fd\u0161ka<\/td>\n<td>90 cm<\/td>\n<\/tr>\n<tr class=\"even\">\n<td>Vhodn\u00e1 miestnos\u0165<\/td>\n<td>ob\u00fdva\u010dka, spolo\u010densk\u00e1 miestnos\u0165, hotely, kaviarne<\/td>\n<\/tr>\n<tr class=\"odd\">\n<td>Typ n\u00e1bytku<\/td>\n<td>pohovka<\/td>\n<\/tr>\n<tr class=\"even\">\n<td>\u0160t\u00fdl n\u00e1bytku<\/td>\n<td>modern\u00fd<\/td>\n<\/tr>\n<tr class=\"odd\">\n<td>Z\u00e1ruka<\/td>\n<td>2 roky<\/td>\n<\/tr>\n<tr class=\"even\">\n<td>Sp\u00f4sob dodania<\/td>\n<td>demont v dvoch bal\u00edkoch<\/td>\n<\/tr>\n<tr class=\"odd\">\n<td>Hmotnos\u0165<\/td>\n<td>115 kg<\/td>\n<\/tr>\n<tr class=\"even\">\n<td>\u00dalo\u017en\u00fd priestor<\/td>\n<td>\u00e1no\/nie<\/td>\n<\/tr>\n<tr class=\"odd\">\n<td>Rohov\u00e9 prevedenie<\/td>\n<td>nie<\/td>\n<\/tr>\n<tr class=\"even\">\n<td>V\u00fd\u0161ka sed\u00e1ka<\/td>\n<td>44 cm<\/td>\n<\/tr>\n<tr class=\"odd\">\n<td>V\u00fd\u0161ka zadn\u00e9ho \u010dela<\/td>\n<td>max. 90 cm<\/td>\n<\/tr>\n<tr class=\"even\">\n<td>Mo\u017enos\u0165 rozkladania<\/td>\n<td>nie<\/td>\n<\/tr>\n<tr class=\"odd\">\n<td>Plocha po rozlo\u017een\u00ed<\/td>\n<td><\/td>\n<\/tr>\n<tr class=\"even\">\n<td>Kon\u0161trukcia<\/td>\n<td>mas\u00edv<\/td>\n<\/tr>\n<tr class=\"odd\">\n<td>N\u00f4\u017eky<\/td>\n<td>kov<\/td>\n<\/tr>\n<tr class=\"even\">\n<td>Obsahuje vank\u00fa\u0161e<\/td>\n<td>nie<\/td>\n<\/tr>\n<tr class=\"odd\">\n<td>Nastavenie opierok<\/td>\n<td>nie<\/td>\n<\/tr>\n<tr class=\"even\">\n<td>V\u00fdpl\u0148 seda\u010dky<\/td>\n<td>pena+ pru\u017eina<\/td>\n<\/tr>\n<\/tbody>\n<\/table>\n<p>&nbsp;<\/p>\n<p><em><strong>3<\/strong><\/em><em><strong> najd\u00f4le\u017eitej\u0161ie vlastnosti n\u00e1bytku LORA<\/strong><\/em><\/p>\n<p><em>Je potrebn\u00e9 zd\u00f4razni\u0165, \u017ee syst\u00e9m LORA sa okrem funk\u010dn\u00e9ho h\u013eadiska\u00a0vyzna\u010duje aj kvalitou prevedenia vzorov. V\u0161etky spoje, pre\u0161itia at\u010f. s\u00fa pevn\u00e9\u00a0a odoln\u00e9.<\/em><\/p>\n<p><em><strong>1. pohodln\u00e9 opierky<\/strong><br \/>\n<\/em>ani pr\u00edli\u0161 m\u00e4kk\u00e9, ani tvrd\u00e9, presn\u00e9 tak\u00e9, ak\u00e9\u00a0maj\u00fa by\u0165. Vysk\u00fa\u0161aj a s\u00e1m sa presved\u010d\u00ed\u0161<\/p>\n<p><em><strong>2. \u00farove\u0148 detailov<\/strong><br \/>\nkvalita prevedenia a pozornos\u0165 upriamen\u00e1 na\u00a0detaily \u2013 to s\u00fa na\u0161e priority<\/em><\/p>\n<p><em><strong>3. stabiln\u00e9 no\u017ei\u010dky<br \/>\n<\/strong><\/em><em>s\u00fa pevn\u00fdm z\u00e1kladom a zd\u00f4raz\u0148uj\u00fa sol\u00eddny\u00a0vzh\u013ead n\u00e1bytku<\/em><\/p>\n<p>&nbsp;<\/p>\n","protected":false},"excerpt":{"rendered":"<p>Modern\u00e1 pohovka vhodn\u00e1 do ka\u017edej modernej ob\u00fdvacej izby. K pohovke je mo\u017en\u00e9 objedna\u0165 kreslo aj taburet.Pohovka je vybaven\u00e1 polyuret\u00e1novou penou, ktor\u00e1\u00a0 zabezpe\u010duje vysok\u00fd komfort sedenia &#8211; stredne m\u00e4kk\u00e9 sedenie.Mo\u017enos\u0165 v\u00fdberu po\u0165ahovej l\u00e1tky. Pohovku je mo\u017en\u00e9 objedna\u0165 s \u00falo\u017en\u00fdm priestorom alebo bez \u00falo\u017en\u00e9ho priestoru Cena taburetky 170 EUR, rozmer 57&#215;57 cm Cena kresla 369 EUR, rozmer&#8230;<\/p>\n","protected":false},"featured_media":55779,"comment_status":"closed","ping_status":"closed","template":"","meta":{"_seopress_robots_primary_cat":"219","_seopress_titles_title":"","_seopress_titles_desc":"","_seopress_robots_index":""},"product_brand":[],"product_cat":[219],"product_tag":[],"class_list":{"0":"post-49632","1":"product","2":"type-product","3":"status-publish","4":"has-post-thumbnail","6":"product_cat-pohovky","7":"pa_typ-produktu-bez-ulozneho-priestoru","8":"pa_typ-produktu-kreslo","9":"pa_typ-produktu-s-uloznym-priestorom","11":"first","12":"onbackorder","13":"shipping-taxable","14":"purchasable","15":"product-type-variable"},"_links":{"self":[{"href":"https:\/\/nabytoklaguna.sk\/sk\/wp-json\/wp\/v2\/product\/49632","targetHints":{"allow":["GET"]}}],"collection":[{"href":"https:\/\/nabytoklaguna.sk\/sk\/wp-json\/wp\/v2\/product"}],"about":[{"href":"https:\/\/nabytoklaguna.sk\/sk\/wp-json\/wp\/v2\/types\/product"}],"replies":[{"embeddable":true,"href":"https:\/\/nabytoklaguna.sk\/sk\/wp-json\/wp\/v2\/comments?post=49632"}],"wp:featuredmedia":[{"embeddable":true,"href":"https:\/\/nabytoklaguna.sk\/sk\/wp-json\/wp\/v2\/media\/55779"}],"wp:attachment":[{"href":"https:\/\/nabytoklaguna.sk\/sk\/wp-json\/wp\/v2\/media?parent=49632"}],"wp:term":[{"taxonomy":"product_brand","embeddable":true,"href":"https:\/\/nabytoklaguna.sk\/sk\/wp-json\/wp\/v2\/product_brand?post=49632"},{"taxonomy":"product_cat","embeddable":true,"href":"https:\/\/nabytoklaguna.sk\/sk\/wp-json\/wp\/v2\/product_cat?post=49632"},{"taxonomy":"product_tag","embeddable":true,"href":"https:\/\/nabytoklaguna.sk\/sk\/wp-json\/wp\/v2\/product_tag?post=49632"}],"curies":[{"name":"wp","href":"https:\/\/api.w.org\/{rel}","templated":true}]}}