{"id":5005,"date":"2021-02-13T11:35:32","date_gmt":"2021-02-13T10:35:32","guid":{"rendered":"http:\/\/nabytoklaguna.sk\/sk\/?post_type=product&#038;p=5005"},"modified":"2026-02-18T08:33:17","modified_gmt":"2026-02-18T07:33:17","slug":"lenna","status":"publish","type":"product","link":"https:\/\/nabytoklaguna.sk\/sk\/produkt\/lenna\/","title":{"rendered":"DPV matrac LENNA"},"content":{"rendered":"<p>Ve\u013emi kvalitn\u00fd 5-z\u00f3nov\u00fd profilovan\u00fd matrac Lenna je z\u00e1stupcom matracov bez pou\u017eitia lepidiel. \u0160peci\u00e1lne jadro tvoria dva d\u00f4myselne rezan\u00e9 diely z kvalitn\u00fdch polyuret\u00e1nov\u00fdch Sleepfoam pien. Pri sp\u00e1nku umo\u017e\u0148uje tento matrac bez lepidiel pohyb pien v\u010faka vo\u013en\u00e9mu ulo\u017eeniu a t\u00fdm vyhovuje individu\u00e1lnym potreb\u00e1m u\u017e\u00edvate\u013ea. V\u010faka rozdielnym objemov\u00fdm hmotnostiam Sleepfoam pien tento matrac poskytuje tvrd\u0161iu a m\u00e4k\u0161iu stranu.<\/p>\n<p>Matrac je vhodn\u00fd na lamelov\u00fd ro\u0161t pevn\u00fd aj polohovate\u013en\u00fd a je ur\u010den\u00fd pre v\u00e1hov\u00fa kateg\u00f3riu do 100 kg. Celkov\u00e1 v\u00fd\u0161ka matraca je 17 cm. Po\u0165ah je z kvalitn\u00e9ho \u00fapletu, z\u00f3novo pre\u0161it\u00fd, delite\u013en\u00fd a na jeho v\u00fdrobu je pou\u017eit\u00e9 r\u00fano vysokej gram\u00e1\u017ee. Po\u0165ah je prate\u013en\u00fd na 60 \u00baC. Po\u0165ah z \u00fapletu je mo\u017en\u00e9 vymeni\u0165 za po\u0165ah Dry fast argentum za pr\u00edplatok do rozmeru 90\u00d7200 cm, pri v\u00e4\u010d\u0161\u00edch rozmerov je cena za po\u0165ah na dotaz. Mo\u017enos\u0165 objedn\u00e1vky ne\u0161tandardn\u00fdch rozmerov<\/p>\n","protected":false},"excerpt":{"rendered":"<p><img loading=\"lazy\" decoding=\"async\" class=\"alignnone size-full wp-image-12919\" src=\"http:\/\/nabytoklaguna.sk\/sk\/wp-content\/uploads\/2017\/03\/zdravotn\u00fd-matrac.png\" alt=\"\" width=\"39\" height=\"47\" \/><img loading=\"lazy\" decoding=\"async\" class=\"alignnone size-full wp-image-12920\" src=\"http:\/\/nabytoklaguna.sk\/sk\/wp-content\/uploads\/2017\/03\/\u010desk\u00fd-v\u00fdrobca.png\" alt=\"\" width=\"39\" height=\"47\" \/><img loading=\"lazy\" decoding=\"async\" class=\"alignnone size-full wp-image-12922\" src=\"http:\/\/nabytoklaguna.sk\/sk\/wp-content\/uploads\/2017\/03\/osved\u010denie-matrace.jpg\" alt=\"\" width=\"167\" height=\"141\" \/><\/p>\n<table>\n<tbody>\n<tr>\n<td><strong>Tuhos\u0165:<\/strong><\/td>\n<td>2 a 3<\/td>\n<\/tr>\n<tr>\n<td><strong>V\u00e1hov\u00e1 kateg\u00f3ria:<\/strong><\/td>\n<td>do 100 kg<\/td>\n<\/tr>\n<tr>\n<td><strong>Po\u010det z\u00f3n:<\/strong><\/td>\n<td>5<\/td>\n<\/tr>\n<tr>\n<td><strong>Materi\u00e1l:<\/strong><\/td>\n<td>PUR pena<\/td>\n<\/tr>\n<tr>\n<td><strong>Po\u0165ah:<\/strong><\/td>\n<td>z\u00f3novo pre\u0161it\u00fd, sn\u00edmate\u013en\u00fd a prate\u013en\u00fd pri 60 stup\u0148och<\/td>\n<\/tr>\n<tr>\n<td><strong>Typ matraca<\/strong>:<\/td>\n<td>obojstrann\u00fd<\/td>\n<\/tr>\n<tr>\n<td><strong>V\u00fd\u0161ka matraca:<\/strong><\/td>\n<td>17 cm<\/td>\n<\/tr>\n<tr>\n<td><strong>V\u00fdrobca:<\/strong><\/td>\n<td>\u010cesko<\/td>\n<\/tr>\n<\/tbody>\n<\/table>\n","protected":false},"featured_media":12966,"comment_status":"closed","ping_status":"closed","template":"","meta":{"_seopress_robots_primary_cat":"1100","_seopress_titles_title":"","_seopress_titles_desc":"","_seopress_robots_index":""},"product_brand":[],"product_cat":[1100,227],"product_tag":[],"class_list":{"0":"post-5005","1":"product","2":"type-product","3":"status-publish","4":"has-post-thumbnail","6":"product_cat-klasicke","7":"product_cat-rosty-matrace","8":"pa_typ-produktu-80x200-cm","9":"pa_typ-produktu-90x200-cm","11":"first","12":"onbackorder","13":"shipping-taxable","14":"purchasable","15":"product-type-variable"},"_links":{"self":[{"href":"https:\/\/nabytoklaguna.sk\/sk\/wp-json\/wp\/v2\/product\/5005","targetHints":{"allow":["GET"]}}],"collection":[{"href":"https:\/\/nabytoklaguna.sk\/sk\/wp-json\/wp\/v2\/product"}],"about":[{"href":"https:\/\/nabytoklaguna.sk\/sk\/wp-json\/wp\/v2\/types\/product"}],"replies":[{"embeddable":true,"href":"https:\/\/nabytoklaguna.sk\/sk\/wp-json\/wp\/v2\/comments?post=5005"}],"wp:featuredmedia":[{"embeddable":true,"href":"https:\/\/nabytoklaguna.sk\/sk\/wp-json\/wp\/v2\/media\/12966"}],"wp:attachment":[{"href":"https:\/\/nabytoklaguna.sk\/sk\/wp-json\/wp\/v2\/media?parent=5005"}],"wp:term":[{"taxonomy":"product_brand","embeddable":true,"href":"https:\/\/nabytoklaguna.sk\/sk\/wp-json\/wp\/v2\/product_brand?post=5005"},{"taxonomy":"product_cat","embeddable":true,"href":"https:\/\/nabytoklaguna.sk\/sk\/wp-json\/wp\/v2\/product_cat?post=5005"},{"taxonomy":"product_tag","embeddable":true,"href":"https:\/\/nabytoklaguna.sk\/sk\/wp-json\/wp\/v2\/product_tag?post=5005"}],"curies":[{"name":"wp","href":"https:\/\/api.w.org\/{rel}","templated":true}]}}