{"id":54303,"date":"2021-04-30T11:04:14","date_gmt":"2021-04-30T09:04:14","guid":{"rendered":"https:\/\/nabytoklaguna.sk\/sk\/?post_type=product&#038;p=54303"},"modified":"2024-04-17T12:32:59","modified_gmt":"2024-04-17T10:32:59","slug":"aston-iii","status":"publish","type":"product","link":"https:\/\/nabytoklaguna.sk\/sk\/produkt\/aston-iii\/","title":{"rendered":"CHESTER 250 skri\u0148a"},"content":{"rendered":"<p><strong> CHESTER 250<\/strong> je\u00a0 modern\u00e1 \u0161atn\u00edkov\u00e1 skri\u0148a so zrkadlom. Vn\u00fatro je rozdelen\u00e9 na tri \u010dasti. V \u013eavej a pravej \u010dasti skrine sa nach\u00e1dzaj\u00fa police. V strednej \u010dasti\u00a0 je umiestnen\u00e1 ty\u010d na ve\u0161anie. D\u00e1 sa objedna\u0165 vo farebn\u00fdch prevedeniach: biela, \u010dierna, sonoma, biela\/sonoma, sonoma\/biela, choco.<\/p>\n<p><strong>Mo\u017enos\u0165 dok\u00fapi\u0165 LED RGB osvetlenie za 59,- \u20ac <\/strong>(pri objedn\u00e1vke potrebn\u00e9 uvies\u0165 v pozn\u00e1mke).<\/p>\n<p>Rozmery:<\/p>\n<p>\u0160\u00edrka: 250cm<\/p>\n<p>H\u013abka: 58cm<\/p>\n<p>V\u00fd\u0161ka: 215cm<\/p>\n","protected":false},"excerpt":{"rendered":"<p>CHESTER 250 je\u00a0 modern\u00e1 \u0161atn\u00edkov\u00e1 skri\u0148a so zrkadlom. Vn\u00fatro je rozdelen\u00e9 na tri \u010dasti. V \u013eavej a pravej \u010dasti skrine sa nach\u00e1dzaj\u00fa police. V strednej \u010dasti\u00a0 je umiestnen\u00e1 ty\u010d na ve\u0161anie. D\u00e1 sa objedna\u0165 vo farebn\u00fdch prevedeniach: biela, \u010dierna, sonoma, biela\/sonoma, sonoma\/biela, choco. Mo\u017enos\u0165 dok\u00fapi\u0165 LED RGB osvetlenie za 59,- \u20ac (pri objedn\u00e1vke potrebn\u00e9 uvies\u0165&#8230;<\/p>\n","protected":false},"featured_media":54322,"comment_status":"closed","ping_status":"closed","template":"","meta":{"_seopress_robots_primary_cat":"225","_seopress_titles_title":"","_seopress_titles_desc":"","_seopress_robots_index":""},"product_brand":[],"product_cat":[1585,225],"product_tag":[],"class_list":{"0":"post-54303","1":"product","2":"type-product","3":"status-publish","4":"has-post-thumbnail","6":"product_cat-s-posuvnymi-dverami","7":"product_cat-skrine","9":"first","10":"onbackorder","11":"shipping-taxable","12":"purchasable","13":"product-type-variable"},"_links":{"self":[{"href":"https:\/\/nabytoklaguna.sk\/sk\/wp-json\/wp\/v2\/product\/54303","targetHints":{"allow":["GET"]}}],"collection":[{"href":"https:\/\/nabytoklaguna.sk\/sk\/wp-json\/wp\/v2\/product"}],"about":[{"href":"https:\/\/nabytoklaguna.sk\/sk\/wp-json\/wp\/v2\/types\/product"}],"replies":[{"embeddable":true,"href":"https:\/\/nabytoklaguna.sk\/sk\/wp-json\/wp\/v2\/comments?post=54303"}],"wp:featuredmedia":[{"embeddable":true,"href":"https:\/\/nabytoklaguna.sk\/sk\/wp-json\/wp\/v2\/media\/54322"}],"wp:attachment":[{"href":"https:\/\/nabytoklaguna.sk\/sk\/wp-json\/wp\/v2\/media?parent=54303"}],"wp:term":[{"taxonomy":"product_brand","embeddable":true,"href":"https:\/\/nabytoklaguna.sk\/sk\/wp-json\/wp\/v2\/product_brand?post=54303"},{"taxonomy":"product_cat","embeddable":true,"href":"https:\/\/nabytoklaguna.sk\/sk\/wp-json\/wp\/v2\/product_cat?post=54303"},{"taxonomy":"product_tag","embeddable":true,"href":"https:\/\/nabytoklaguna.sk\/sk\/wp-json\/wp\/v2\/product_tag?post=54303"}],"curies":[{"name":"wp","href":"https:\/\/api.w.org\/{rel}","templated":true}]}}