{"id":54325,"date":"2021-04-30T11:04:14","date_gmt":"2021-04-30T09:04:14","guid":{"rendered":"https:\/\/nabytoklaguna.sk\/sk\/?post_type=product&#038;p=54325"},"modified":"2024-04-17T12:36:28","modified_gmt":"2024-04-17T10:36:28","slug":"aston-iv","status":"publish","type":"product","link":"https:\/\/nabytoklaguna.sk\/sk\/produkt\/aston-iv\/","title":{"rendered":"DIEGO 250 skri\u0148a"},"content":{"rendered":"<p><strong>DIEGO 250<\/strong>\u00a0 je modern\u00e1 \u0161atn\u00edkov\u00e1 skri\u0148a so zrkadlom. Na prv\u00fd poh\u013ead zaujme svojim v\u00fdnimo\u010dn\u00fdm dizajnom, ur\u010dite v\u0161ak ocen\u00edte aj ve\u013ekorys\u00fd priestor, ktor\u00fd poskytuje.Vn\u00fatro je rozdelen\u00e9 na tri \u010dasti. V \u013eavej a pravej \u010dasti skrine sa nach\u00e1dzaj\u00fa police. V strednej \u010dasti je umiestnen\u00e1 ty\u010d na ve\u0161anie. Je vyroben\u00e1 z kvalitnej LTD dosky s hr\u00fabkou 16 mm, <span id=\"result_box\" lang=\"sk\">syst\u00e9m posuvn\u00fdch dver\u00ed a hlin\u00edkov\u00e9 lo\u017eiskov\u00e9 pojazdy Micra Servoll.<\/span> D\u00e1 sa objedna\u0165 vo farebn\u00fdch prevedeniach: biela, \u010dierna, sonoma, biela\/sonoma, sonoma\/biela, choco.<\/p>\n<p><strong>Mo\u017enos\u0165 dok\u00fapi\u0165 LED RGB osvetlenie za 59,- \u20ac <\/strong>(pri objedn\u00e1vke potrebn\u00e9 uvies\u0165 v pozn\u00e1mke).<\/p>\n<p>Rozmery: \u0161 x h x v : 250 x 58 x 215 cm<\/p>\n<p>Dod\u00e1van\u00e9 v demonte.<\/p>\n","protected":false},"excerpt":{"rendered":"<p>DIEGO 250\u00a0 je modern\u00e1 \u0161atn\u00edkov\u00e1 skri\u0148a so zrkadlom. Na prv\u00fd poh\u013ead zaujme svojim v\u00fdnimo\u010dn\u00fdm dizajnom, ur\u010dite v\u0161ak ocen\u00edte aj ve\u013ekorys\u00fd priestor, ktor\u00fd poskytuje.Vn\u00fatro je rozdelen\u00e9 na tri \u010dasti. V \u013eavej a pravej \u010dasti skrine sa nach\u00e1dzaj\u00fa police. V strednej \u010dasti je umiestnen\u00e1 ty\u010d na ve\u0161anie. Je vyroben\u00e1 z kvalitnej LTD dosky s hr\u00fabkou 16 mm,&#8230;<\/p>\n","protected":false},"featured_media":54342,"comment_status":"closed","ping_status":"closed","template":"","meta":{"_seopress_robots_primary_cat":"223","_seopress_titles_title":"","_seopress_titles_desc":"","_seopress_robots_index":""},"product_brand":[],"product_cat":[1585,223,225],"product_tag":[],"class_list":{"0":"post-54325","1":"product","2":"type-product","3":"status-publish","4":"has-post-thumbnail","6":"product_cat-s-posuvnymi-dverami","7":"product_cat-spalne","8":"product_cat-skrine","10":"first","11":"onbackorder","12":"shipping-taxable","13":"purchasable","14":"product-type-variable"},"_links":{"self":[{"href":"https:\/\/nabytoklaguna.sk\/sk\/wp-json\/wp\/v2\/product\/54325","targetHints":{"allow":["GET"]}}],"collection":[{"href":"https:\/\/nabytoklaguna.sk\/sk\/wp-json\/wp\/v2\/product"}],"about":[{"href":"https:\/\/nabytoklaguna.sk\/sk\/wp-json\/wp\/v2\/types\/product"}],"replies":[{"embeddable":true,"href":"https:\/\/nabytoklaguna.sk\/sk\/wp-json\/wp\/v2\/comments?post=54325"}],"wp:featuredmedia":[{"embeddable":true,"href":"https:\/\/nabytoklaguna.sk\/sk\/wp-json\/wp\/v2\/media\/54342"}],"wp:attachment":[{"href":"https:\/\/nabytoklaguna.sk\/sk\/wp-json\/wp\/v2\/media?parent=54325"}],"wp:term":[{"taxonomy":"product_brand","embeddable":true,"href":"https:\/\/nabytoklaguna.sk\/sk\/wp-json\/wp\/v2\/product_brand?post=54325"},{"taxonomy":"product_cat","embeddable":true,"href":"https:\/\/nabytoklaguna.sk\/sk\/wp-json\/wp\/v2\/product_cat?post=54325"},{"taxonomy":"product_tag","embeddable":true,"href":"https:\/\/nabytoklaguna.sk\/sk\/wp-json\/wp\/v2\/product_tag?post=54325"}],"curies":[{"name":"wp","href":"https:\/\/api.w.org\/{rel}","templated":true}]}}