{"id":54570,"date":"2021-04-30T11:04:14","date_gmt":"2021-04-30T09:04:14","guid":{"rendered":"https:\/\/nabytoklaguna.sk\/sk\/?post_type=product&#038;p=54570"},"modified":"2024-04-23T13:44:35","modified_gmt":"2024-04-23T11:44:35","slug":"westa-ii","status":"publish","type":"product","link":"https:\/\/nabytoklaguna.sk\/sk\/produkt\/westa-ii\/","title":{"rendered":"INESS 150 SKRI\u0147A"},"content":{"rendered":"<p>\u0160atn\u00edkov\u00e1 skri\u0148a\u00a0 <strong>INESS 150<\/strong> s posuvn\u00fdmi dverami a zrkadlom sa hod\u00ed do ka\u017edej modernej sp\u00e1lne. Zauj\u00edmavo rie\u0161en\u00e9 zrkadlo dod\u00e1va skrini eleganciu a z\u00e1rove\u0148 opticky zv\u00e4\u010d\u0161\u00ed priestor. Skri\u0148a je kombinovan\u00e1, v jednej \u010dasti je ve\u0161iakov\u00e1 ty\u010d, v druhej \u010dasti s\u00fa police. Mo\u017enos\u0165 v\u00fdberu farebn\u00e9ho prevedenia: biela, sonoma, trufel, choco, \u010dierna<\/p>\n<p><strong>Mo\u017enos\u0165 dok\u00fapi\u0165 LED RGB osvetlenie za 39,- \u20ac <\/strong>(pri objedn\u00e1vke potrebn\u00e9 uvies\u0165 v pozn\u00e1mke).<\/p>\n<p>Rozmer\/\u0160xHxV\/:150x58x200cm<\/p>\n<p><strong>Parametre v\u00fdrobku<\/strong><\/p>\n<table border=\"0\" cellspacing=\"5\" cellpadding=\"1\">\n<tbody>\n<tr>\n<td><strong>Typ v\u00fdrobku<\/strong><\/td>\n<td>Skri\u0148a<\/td>\n<\/tr>\n<tr>\n<td><strong>Materi\u00e1l<\/strong><\/td>\n<td>DTD laminovan\u00e1\/sklo<\/td>\n<\/tr>\n<tr>\n<td><strong>Rozmery \u0161\/h\/v<br \/>\n<\/strong><\/td>\n<td>150x58x200<\/td>\n<\/tr>\n<tr>\n<td><strong>Balenie<\/strong><\/td>\n<td>demont<\/td>\n<\/tr>\n<tr>\n<td><strong>Z\u00e1ruka<\/strong><\/td>\n<td>2 roky<\/td>\n<\/tr>\n<\/tbody>\n<\/table>\n","protected":false},"excerpt":{"rendered":"<p>\u0160atn\u00edkov\u00e1 skri\u0148a\u00a0 INESS 150 s posuvn\u00fdmi dverami a zrkadlom sa hod\u00ed do ka\u017edej modernej sp\u00e1lne. Zauj\u00edmavo rie\u0161en\u00e9 zrkadlo dod\u00e1va skrini eleganciu a z\u00e1rove\u0148 opticky zv\u00e4\u010d\u0161\u00ed priestor. Skri\u0148a je kombinovan\u00e1, v jednej \u010dasti je ve\u0161iakov\u00e1 ty\u010d, v druhej \u010dasti s\u00fa police. Mo\u017enos\u0165 v\u00fdberu farebn\u00e9ho prevedenia: biela, sonoma, trufel, choco, \u010dierna Mo\u017enos\u0165 dok\u00fapi\u0165 LED RGB osvetlenie za&#8230;<\/p>\n","protected":false},"featured_media":54578,"comment_status":"closed","ping_status":"closed","template":"","meta":{"_seopress_robots_primary_cat":"223","_seopress_titles_title":"","_seopress_titles_desc":"","_seopress_robots_index":""},"product_brand":[],"product_cat":[1585,223,225],"product_tag":[],"class_list":{"0":"post-54570","1":"product","2":"type-product","3":"status-publish","4":"has-post-thumbnail","6":"product_cat-s-posuvnymi-dverami","7":"product_cat-spalne","8":"product_cat-skrine","9":"pa_farba-biela","10":"pa_farba-choco","11":"pa_farba-cierna-2","12":"pa_farba-sonoma","13":"pa_farba-trufel","15":"first","16":"instock","17":"shipping-taxable","18":"purchasable","19":"product-type-variable"},"_links":{"self":[{"href":"https:\/\/nabytoklaguna.sk\/sk\/wp-json\/wp\/v2\/product\/54570","targetHints":{"allow":["GET"]}}],"collection":[{"href":"https:\/\/nabytoklaguna.sk\/sk\/wp-json\/wp\/v2\/product"}],"about":[{"href":"https:\/\/nabytoklaguna.sk\/sk\/wp-json\/wp\/v2\/types\/product"}],"replies":[{"embeddable":true,"href":"https:\/\/nabytoklaguna.sk\/sk\/wp-json\/wp\/v2\/comments?post=54570"}],"wp:featuredmedia":[{"embeddable":true,"href":"https:\/\/nabytoklaguna.sk\/sk\/wp-json\/wp\/v2\/media\/54578"}],"wp:attachment":[{"href":"https:\/\/nabytoklaguna.sk\/sk\/wp-json\/wp\/v2\/media?parent=54570"}],"wp:term":[{"taxonomy":"product_brand","embeddable":true,"href":"https:\/\/nabytoklaguna.sk\/sk\/wp-json\/wp\/v2\/product_brand?post=54570"},{"taxonomy":"product_cat","embeddable":true,"href":"https:\/\/nabytoklaguna.sk\/sk\/wp-json\/wp\/v2\/product_cat?post=54570"},{"taxonomy":"product_tag","embeddable":true,"href":"https:\/\/nabytoklaguna.sk\/sk\/wp-json\/wp\/v2\/product_tag?post=54570"}],"curies":[{"name":"wp","href":"https:\/\/api.w.org\/{rel}","templated":true}]}}