{"id":54598,"date":"2021-04-30T11:04:14","date_gmt":"2021-04-30T09:04:14","guid":{"rendered":"https:\/\/nabytoklaguna.sk\/sk\/?post_type=product&#038;p=54598"},"modified":"2024-04-23T13:56:53","modified_gmt":"2024-04-23T11:56:53","slug":"westa-iv","status":"publish","type":"product","link":"https:\/\/nabytoklaguna.sk\/sk\/produkt\/westa-iv\/","title":{"rendered":"MARTINEZ 150 SKRI\u0147A"},"content":{"rendered":"<p>Praktick\u00e1\u00a0 dvojdverov\u00e1 skri\u0148a <strong>MARTINEZ 150<\/strong> v nad\u010dasovom dizajne s posuvn\u00fdmi dverami. V \u013eavej \u010dasti skrine je z\u00e1vesn\u00e1 ty\u010d, prav\u00e1 je vybaven\u00e1 policami. Dvere s\u00fa s posuvn\u00fdm mechanizmom Micra Servoll. Mo\u017enos\u0165 objedna\u0165 vo farebnom preveden\u00ed: biela+\u010dierny lacobel, \u010dierna+biely lacobel choco+biely lacobel, choco+ \u010dierny lacobel, sonoma+biely lacobel, sonoma+\u010dierny lacobel<\/p>\n<p><strong>Mo\u017enos\u0165 dok\u00fapi\u0165 LED RGB osvetlenie za 39,- \u20ac <\/strong>(pri objedn\u00e1vke potrebn\u00e9 uvies\u0165 v pozn\u00e1mke).<\/p>\n<p>Rozmer \/\u0160xHxV\/:150 x 58 x 200cm<\/p>\n<p><strong>Parametre v\u00fdrobku<\/strong><\/p>\n<table border=\"0\" cellspacing=\"5\" cellpadding=\"1\">\n<tbody>\n<tr>\n<td><strong>Typ v\u00fdrobku<\/strong><\/td>\n<td>Skri\u0148a<\/td>\n<\/tr>\n<tr>\n<td><strong>Materi\u00e1l<\/strong><\/td>\n<td>laminovan\u00e1 DTD<\/td>\n<\/tr>\n<tr>\n<td><strong>Rozmery \u0161\/h\/v<br \/>\n<\/strong><\/td>\n<td>150x58x200<\/td>\n<\/tr>\n<tr>\n<td><strong>Balenie<\/strong><\/td>\n<td>demont<\/td>\n<\/tr>\n<tr>\n<td><strong>Z\u00e1ruka<\/strong><\/td>\n<td>2 roky<\/td>\n<\/tr>\n<\/tbody>\n<\/table>\n","protected":false},"excerpt":{"rendered":"<p>Praktick\u00e1\u00a0 dvojdverov\u00e1 skri\u0148a MARTINEZ 150 v nad\u010dasovom dizajne s posuvn\u00fdmi dverami. V \u013eavej \u010dasti skrine je z\u00e1vesn\u00e1 ty\u010d, prav\u00e1 je vybaven\u00e1 policami. Dvere s\u00fa s posuvn\u00fdm mechanizmom Micra Servoll. Mo\u017enos\u0165 objedna\u0165 vo farebnom preveden\u00ed: biela+\u010dierny lacobel, \u010dierna+biely lacobel choco+biely lacobel, choco+ \u010dierny lacobel, sonoma+biely lacobel, sonoma+\u010dierny lacobel Mo\u017enos\u0165 dok\u00fapi\u0165 LED RGB osvetlenie za 39,- \u20ac&#8230;<\/p>\n","protected":false},"featured_media":54595,"comment_status":"closed","ping_status":"closed","template":"","meta":{"_seopress_robots_primary_cat":"223","_seopress_titles_title":"","_seopress_titles_desc":"","_seopress_robots_index":""},"product_brand":[],"product_cat":[1585,223,225],"product_tag":[],"class_list":{"0":"post-54598","1":"product","2":"type-product","3":"status-publish","4":"has-post-thumbnail","6":"product_cat-s-posuvnymi-dverami","7":"product_cat-spalne","8":"product_cat-skrine","10":"first","11":"onbackorder","12":"shipping-taxable","13":"purchasable","14":"product-type-variable"},"_links":{"self":[{"href":"https:\/\/nabytoklaguna.sk\/sk\/wp-json\/wp\/v2\/product\/54598","targetHints":{"allow":["GET"]}}],"collection":[{"href":"https:\/\/nabytoklaguna.sk\/sk\/wp-json\/wp\/v2\/product"}],"about":[{"href":"https:\/\/nabytoklaguna.sk\/sk\/wp-json\/wp\/v2\/types\/product"}],"replies":[{"embeddable":true,"href":"https:\/\/nabytoklaguna.sk\/sk\/wp-json\/wp\/v2\/comments?post=54598"}],"wp:featuredmedia":[{"embeddable":true,"href":"https:\/\/nabytoklaguna.sk\/sk\/wp-json\/wp\/v2\/media\/54595"}],"wp:attachment":[{"href":"https:\/\/nabytoklaguna.sk\/sk\/wp-json\/wp\/v2\/media?parent=54598"}],"wp:term":[{"taxonomy":"product_brand","embeddable":true,"href":"https:\/\/nabytoklaguna.sk\/sk\/wp-json\/wp\/v2\/product_brand?post=54598"},{"taxonomy":"product_cat","embeddable":true,"href":"https:\/\/nabytoklaguna.sk\/sk\/wp-json\/wp\/v2\/product_cat?post=54598"},{"taxonomy":"product_tag","embeddable":true,"href":"https:\/\/nabytoklaguna.sk\/sk\/wp-json\/wp\/v2\/product_tag?post=54598"}],"curies":[{"name":"wp","href":"https:\/\/api.w.org\/{rel}","templated":true}]}}