{"id":54740,"date":"2021-04-30T11:04:14","date_gmt":"2021-04-30T09:04:14","guid":{"rendered":"https:\/\/nabytoklaguna.sk\/sk\/?post_type=product&#038;p=54740"},"modified":"2025-02-25T10:13:52","modified_gmt":"2025-02-25T09:13:52","slug":"tv-5040","status":"publish","type":"product","link":"https:\/\/nabytoklaguna.sk\/sk\/produkt\/tv-5040\/","title":{"rendered":"AUT TV-5040"},"content":{"rendered":"<p><strong>Pohodln\u00e9 relaxa\u010dn\u00e9<\/strong> kreslo <strong>TV-5040<\/strong>\u00a0 je \u010dal\u00fanen\u00e9 jemnou l\u00e1tkou sivej, hnedej\u00a0 alebo lan\u00fd\u017eovej\u00a0 farby. <strong>V\u00fdnimo\u010dn\u00e9 polstrovanie<\/strong> vr\u00e1tane podr\u00fa\u010dok. Kreslo<strong> je polohovate\u013en\u00e9<\/strong>, sta\u010d\u00ed sa len oprie\u0165 a vlastnou v\u00e1hou uvo\u013eni\u0165 podno\u017eku s operadlom. Rovnak\u00fdm sp\u00f4sobom uvediete kreslo do p\u00f4vodnej polohy. Stabilitu zaist\u00ed<strong> kovov\u00e1 podno\u017e<\/strong> s chr\u00f3movou \u00fapravou a plastov\u00fdmi klz\u00e1kmi.Nosnos\u0165 kresla je a\u017e 130 kg.<\/p>\n<p><strong>Farba:<\/strong><br \/>\ntmavo siv\u00e1,\u00a0 lan\u00fd\u017eov\u00e1, hned\u00e1<\/p>\n<p><strong>Materi\u00e1l:<\/strong><br \/>\nl\u00e1tka \/ kov<\/p>\n<p><strong>Rozmery:<\/strong><br \/>\n\u0161\u00edrka: 78 cm<br \/>\nh\u013abka: 85-165 cm<br \/>\nv\u00fd\u0161ka: 113 cm<\/p>\n<p>\u0161\u00edrka sedu: 54 cm<br \/>\nh\u013abka sedu: 55 cm<br \/>\nv\u00fd\u0161ka sedu: 50 cm<\/p>\n<p><strong>Nosnos\u0165:<\/strong><br \/>\n130 kg<\/p>\n<p><strong>Hmotnos\u0165:<\/strong><br \/>\n31,5 kg<\/p>\n<p>Dod\u00e1van\u00e9 v demonte.<\/p>\n","protected":false},"excerpt":{"rendered":"<p>Pohodln\u00e9 relaxa\u010dn\u00e9 kreslo TV-5040\u00a0 je \u010dal\u00fanen\u00e9 jemnou l\u00e1tkou sivej, hnedej\u00a0 alebo lan\u00fd\u017eovej\u00a0 farby. V\u00fdnimo\u010dn\u00e9 polstrovanie vr\u00e1tane podr\u00fa\u010dok. Kreslo je polohovate\u013en\u00e9, sta\u010d\u00ed sa len oprie\u0165 a vlastnou v\u00e1hou uvo\u013eni\u0165 podno\u017eku s operadlom. Rovnak\u00fdm sp\u00f4sobom uvediete kreslo do p\u00f4vodnej polohy. Stabilitu zaist\u00ed kovov\u00e1 podno\u017e s chr\u00f3movou \u00fapravou a plastov\u00fdmi klz\u00e1kmi.Nosnos\u0165 kresla je a\u017e 130 kg. Farba: tmavo&#8230;<\/p>\n","protected":false},"featured_media":54744,"comment_status":"closed","ping_status":"closed","template":"","meta":{"_seopress_robots_primary_cat":"231","_seopress_titles_title":"","_seopress_titles_desc":"","_seopress_robots_index":""},"product_brand":[],"product_cat":[231],"product_tag":[],"class_list":{"0":"post-54740","1":"product","2":"type-product","3":"status-publish","4":"has-post-thumbnail","6":"product_cat-kresla","7":"pa_farba-hneda","8":"pa_farba-lanyzova","9":"pa_farba-siva","11":"first","12":"onbackorder","13":"shipping-taxable","14":"purchasable","15":"product-type-variable"},"_links":{"self":[{"href":"https:\/\/nabytoklaguna.sk\/sk\/wp-json\/wp\/v2\/product\/54740","targetHints":{"allow":["GET"]}}],"collection":[{"href":"https:\/\/nabytoklaguna.sk\/sk\/wp-json\/wp\/v2\/product"}],"about":[{"href":"https:\/\/nabytoklaguna.sk\/sk\/wp-json\/wp\/v2\/types\/product"}],"replies":[{"embeddable":true,"href":"https:\/\/nabytoklaguna.sk\/sk\/wp-json\/wp\/v2\/comments?post=54740"}],"wp:featuredmedia":[{"embeddable":true,"href":"https:\/\/nabytoklaguna.sk\/sk\/wp-json\/wp\/v2\/media\/54744"}],"wp:attachment":[{"href":"https:\/\/nabytoklaguna.sk\/sk\/wp-json\/wp\/v2\/media?parent=54740"}],"wp:term":[{"taxonomy":"product_brand","embeddable":true,"href":"https:\/\/nabytoklaguna.sk\/sk\/wp-json\/wp\/v2\/product_brand?post=54740"},{"taxonomy":"product_cat","embeddable":true,"href":"https:\/\/nabytoklaguna.sk\/sk\/wp-json\/wp\/v2\/product_cat?post=54740"},{"taxonomy":"product_tag","embeddable":true,"href":"https:\/\/nabytoklaguna.sk\/sk\/wp-json\/wp\/v2\/product_tag?post=54740"}],"curies":[{"name":"wp","href":"https:\/\/api.w.org\/{rel}","templated":true}]}}