{"id":54751,"date":"2021-04-30T11:04:14","date_gmt":"2021-04-30T09:04:14","guid":{"rendered":"https:\/\/nabytoklaguna.sk\/sk\/?post_type=product&#038;p=54751"},"modified":"2025-11-10T16:44:09","modified_gmt":"2025-11-10T15:44:09","slug":"hc-481","status":"publish","type":"product","link":"https:\/\/nabytoklaguna.sk\/sk\/produkt\/hc-481\/","title":{"rendered":"HC-481"},"content":{"rendered":"<p>Modern\u00e1 jed\u00e1lensk\u00e1 stoli\u010dka je \u010dal\u00fanen\u00e1 ekoko\u017eou s dekorat\u00edvnym vodorovn\u00fdm bielym pre\u0161\u00edvan\u00edm sedadla i operadla. Modern\u00fd vzh\u013ead pod\u010diarkuje kovov\u00e1 podno\u017e s chr\u00f3movou \u00fapravou. Podno\u017e je navy\u0161e \u0161peci\u00e1lne tvarovan\u00e1 pre lep\u0161iu stabilitu a bezpe\u010die a je na \u0161iestich \u010diernych plastov\u00fdch klz\u00e1koch, ktor\u00e9 zn\u00ed\u017eia riziko po\u0161kodenia Va\u0161ej podlahy. Pre \u013eah\u0161iu manipul\u00e1ciu m\u00e1 stoli\u010dky aj madlo v hornej \u010dasti operadla, ktor\u00e9 je kovov\u00e9 a tie\u017e s chr\u00f3movou \u00fapravou.<\/p>\n<p>Nosnos\u0165 stoli\u010dky je a\u017e 110 kg.<\/p>\n<p>Dod\u00e1van\u00e9 v demonte<\/p>\n<table>\n<tbody>\n<tr>\n<td class=\"popis\">\u0160\u00edrka (cm):<\/td>\n<td>43<\/td>\n<\/tr>\n<tr>\n<td class=\"popis\">H\u013abka (cm):<\/td>\n<td>57<\/td>\n<\/tr>\n<tr>\n<td class=\"popis\">V\u00fd\u0161ka (cm):<\/td>\n<td>98<\/td>\n<\/tr>\n<tr>\n<td class=\"popis\">V\u00fd\u0161ka sedu:<\/td>\n<td>46 cm<\/td>\n<\/tr>\n<\/tbody>\n<\/table>\n","protected":false},"excerpt":{"rendered":"<p>Modern\u00e1 jed\u00e1lensk\u00e1 stoli\u010dka je \u010dal\u00fanen\u00e1 ekoko\u017eou s dekorat\u00edvnym vodorovn\u00fdm bielym pre\u0161\u00edvan\u00edm sedadla i operadla. Modern\u00fd vzh\u013ead pod\u010diarkuje kovov\u00e1 podno\u017e s chr\u00f3movou \u00fapravou. Podno\u017e je navy\u0161e \u0161peci\u00e1lne tvarovan\u00e1 pre lep\u0161iu stabilitu a bezpe\u010die a je na \u0161iestich \u010diernych plastov\u00fdch klz\u00e1koch, ktor\u00e9 zn\u00ed\u017eia riziko po\u0161kodenia Va\u0161ej podlahy. Pre \u013eah\u0161iu manipul\u00e1ciu m\u00e1 stoli\u010dky aj madlo v hornej \u010dasti&#8230;<\/p>\n","protected":false},"featured_media":77417,"comment_status":"closed","ping_status":"closed","template":"","meta":{"_seopress_robots_primary_cat":"239","_seopress_titles_title":"","_seopress_titles_desc":"","_seopress_robots_index":""},"product_brand":[],"product_cat":[239,237],"product_tag":[],"class_list":{"0":"post-54751","1":"product","2":"type-product","3":"status-publish","4":"has-post-thumbnail","6":"product_cat-kovove-stolicky","7":"product_cat-stolicky","8":"pa_farba-biela","9":"pa_farba-cierna","10":"pa_farba-lanyzova","11":"pa_farba-siva","13":"first","14":"onbackorder","15":"shipping-taxable","16":"purchasable","17":"product-type-variable"},"_links":{"self":[{"href":"https:\/\/nabytoklaguna.sk\/sk\/wp-json\/wp\/v2\/product\/54751","targetHints":{"allow":["GET"]}}],"collection":[{"href":"https:\/\/nabytoklaguna.sk\/sk\/wp-json\/wp\/v2\/product"}],"about":[{"href":"https:\/\/nabytoklaguna.sk\/sk\/wp-json\/wp\/v2\/types\/product"}],"replies":[{"embeddable":true,"href":"https:\/\/nabytoklaguna.sk\/sk\/wp-json\/wp\/v2\/comments?post=54751"}],"wp:featuredmedia":[{"embeddable":true,"href":"https:\/\/nabytoklaguna.sk\/sk\/wp-json\/wp\/v2\/media\/77417"}],"wp:attachment":[{"href":"https:\/\/nabytoklaguna.sk\/sk\/wp-json\/wp\/v2\/media?parent=54751"}],"wp:term":[{"taxonomy":"product_brand","embeddable":true,"href":"https:\/\/nabytoklaguna.sk\/sk\/wp-json\/wp\/v2\/product_brand?post=54751"},{"taxonomy":"product_cat","embeddable":true,"href":"https:\/\/nabytoklaguna.sk\/sk\/wp-json\/wp\/v2\/product_cat?post=54751"},{"taxonomy":"product_tag","embeddable":true,"href":"https:\/\/nabytoklaguna.sk\/sk\/wp-json\/wp\/v2\/product_tag?post=54751"}],"curies":[{"name":"wp","href":"https:\/\/api.w.org\/{rel}","templated":true}]}}