{"id":54965,"date":"2021-04-30T11:04:14","date_gmt":"2021-04-30T09:04:14","guid":{"rendered":"https:\/\/nabytoklaguna.sk\/sk\/?post_type=product&#038;p=54965"},"modified":"2025-10-30T11:01:46","modified_gmt":"2025-10-30T10:01:46","slug":"ka-g198","status":"publish","type":"product","link":"https:\/\/nabytoklaguna.sk\/sk\/produkt\/ka-g198\/","title":{"rendered":"KA-G198"},"content":{"rendered":"<p>Modern\u00e1 kancel\u00e1rska stoli\u010dka potiahnut\u00e1 l\u00e1tkou s dekorat\u00edvnym pre\u0161\u00edvan\u00edm sed\u00e1ku i operadla. Sed\u00e1k i operadlo je kvalitne polstrovan\u00e9 a \u0161t\u00fdlovo tvarovan\u00e9, \u010d\u00edm bude Va\u0161e sedenie pohodlne. Plastov\u00e9 podr\u00fa\u010dky striebornej farby s\u00fa \u010dal\u00fanen\u00e9 jemnou l\u00e1tkou. Stoli\u010dka je v\u00fd\u0161kovo nastavite\u013en\u00e1, s hojdac\u00edm mechanizmom a prednou skrutkou upravuj\u00facou tuhos\u0165 pohupu<\/p>\n<p>Stoli\u010dka m\u00e1 tie\u017e aj \u013eahko um\u00fdvate\u013en\u00fd, tvrden\u00fd, plastov\u00fd kr\u00ed\u017e striebornej farby s \u010diernymi proti\u0161mykov\u00fdmi prvkami a plastov\u00fdmi kolieskami vhodn\u00fdmi na tvrd\u00e9 typy podl\u00e1h (dla\u017eba, parkety, pl\u00e1vaj\u00face podlahy a pod.)<\/p>\n<p>Vyr\u00e1ba sa vo farebnom preveden\u00ed: siv\u00e1 a strieborn\u00e1<\/p>\n<ul>\n<li>\u0161\u00edrka: 67 cm<\/li>\n<li>h\u013abka: 74 cm<\/li>\n<li>v\u00fd\u0161ka: 115-124 cm<\/li>\n<li>\u0161\u00edrka sedu: 53 cm<\/li>\n<li>h\u013abka sedu: 55 cm<\/li>\n<li>v\u00fd\u0161ka sedu: 48-57 cm<\/li>\n<li>nosnos\u0165: 120 kg<\/li>\n<\/ul>\n<p>dod\u00e1van\u00e9 v demonte<\/p>\n<p>Hmotnos\u0165: 20 kg<\/p>\n","protected":false},"excerpt":{"rendered":"<p>Modern\u00e1 kancel\u00e1rska stoli\u010dka potiahnut\u00e1 l\u00e1tkou s dekorat\u00edvnym pre\u0161\u00edvan\u00edm sed\u00e1ku i operadla. Sed\u00e1k i operadlo je kvalitne polstrovan\u00e9 a \u0161t\u00fdlovo tvarovan\u00e9, \u010d\u00edm bude Va\u0161e sedenie pohodlne. Plastov\u00e9 podr\u00fa\u010dky striebornej farby s\u00fa \u010dal\u00fanen\u00e9 jemnou l\u00e1tkou. Stoli\u010dka je v\u00fd\u0161kovo nastavite\u013en\u00e1, s hojdac\u00edm mechanizmom a prednou skrutkou upravuj\u00facou tuhos\u0165 pohupu Stoli\u010dka m\u00e1 tie\u017e aj \u013eahko um\u00fdvate\u013en\u00fd, tvrden\u00fd, plastov\u00fd kr\u00ed\u017e&#8230;<\/p>\n","protected":false},"featured_media":77900,"comment_status":"closed","ping_status":"closed","template":"","meta":{"_seopress_robots_primary_cat":"237","_seopress_titles_title":"","_seopress_titles_desc":"","_seopress_robots_index":""},"product_brand":[],"product_cat":[242],"product_tag":[],"class_list":{"0":"post-54965","1":"product","2":"type-product","3":"status-publish","4":"has-post-thumbnail","6":"product_cat-kancelarske-stolicky","7":"pa_farba-siva","8":"pa_farba-strieborna","10":"first","11":"onbackorder","12":"shipping-taxable","13":"purchasable","14":"product-type-variable"},"_links":{"self":[{"href":"https:\/\/nabytoklaguna.sk\/sk\/wp-json\/wp\/v2\/product\/54965","targetHints":{"allow":["GET"]}}],"collection":[{"href":"https:\/\/nabytoklaguna.sk\/sk\/wp-json\/wp\/v2\/product"}],"about":[{"href":"https:\/\/nabytoklaguna.sk\/sk\/wp-json\/wp\/v2\/types\/product"}],"replies":[{"embeddable":true,"href":"https:\/\/nabytoklaguna.sk\/sk\/wp-json\/wp\/v2\/comments?post=54965"}],"wp:featuredmedia":[{"embeddable":true,"href":"https:\/\/nabytoklaguna.sk\/sk\/wp-json\/wp\/v2\/media\/77900"}],"wp:attachment":[{"href":"https:\/\/nabytoklaguna.sk\/sk\/wp-json\/wp\/v2\/media?parent=54965"}],"wp:term":[{"taxonomy":"product_brand","embeddable":true,"href":"https:\/\/nabytoklaguna.sk\/sk\/wp-json\/wp\/v2\/product_brand?post=54965"},{"taxonomy":"product_cat","embeddable":true,"href":"https:\/\/nabytoklaguna.sk\/sk\/wp-json\/wp\/v2\/product_cat?post=54965"},{"taxonomy":"product_tag","embeddable":true,"href":"https:\/\/nabytoklaguna.sk\/sk\/wp-json\/wp\/v2\/product_tag?post=54965"}],"curies":[{"name":"wp","href":"https:\/\/api.w.org\/{rel}","templated":true}]}}