{"id":55622,"date":"2021-04-30T11:04:14","date_gmt":"2021-04-30T09:04:14","guid":{"rendered":"https:\/\/nabytoklaguna.sk\/sk\/?post_type=product&#038;p=55622"},"modified":"2025-09-24T13:56:16","modified_gmt":"2025-09-24T11:56:16","slug":"avanti-rohova-sedacia-suprava","status":"publish","type":"product","link":"https:\/\/nabytoklaguna.sk\/sk\/produkt\/avanti-rohova-sedacia-suprava\/","title":{"rendered":"P Avanti"},"content":{"rendered":"<div class=\"product_description\">\n<p><strong>Modern\u00e1 sedacia <\/strong>s\u00faprava <strong>AVANTI<\/strong>\u00a0s <strong>polohovac\u00edmi z\u00e1hlavn\u00edkmi<\/strong> a <strong>podr\u00fa\u010dkami<\/strong>. Zdvihnut\u00e9, \u010di sklopen\u00e9. Nastavte si ich pod\u013ea chuti.\u00a0<b>Polohovacie opierky hlavy<\/b> s\u00fa slas\u0165ou pre va\u0161e stuhnut\u00e9 svaly. <strong>Polohovacia podr\u00fa\u010dka<\/strong> u\u017e len dopln\u00ed dokonal\u00fd relax, ktor\u00fd za\u017eijete so sedacou s\u00fapravou <strong>AVANTI<\/strong>. Sed\u00e1k seda\u010dky je tvoren\u00fd vlnovcovou pru\u017einou <strong>FALISTA<\/strong> a kvalitnou vysokoelastickou penou + PUR penou, \u010do zaru\u010duje <strong>pohodlie<\/strong> a skvel\u00fd oddych. Sedacia s\u00faprava <strong>AVANTI je rozkladacia<\/strong> a m\u00e1 aj<strong> \u00falo\u017en\u00fd priestor.<\/strong> Po rozlo\u017een\u00ed vznikne plocha na spanie s rozmerom 195\/124 cm. Sedacia s\u00faprava <strong>AVANTI<\/strong> je tou pravou vo\u013ebou do v\u00e1\u0161ho modern\u00e9ho interi\u00e9ru.<\/p>\n<p>Rozmery \u0161\/h\/v: 276\/226\/44 cm.<\/p>\n<p>Sedacia \u010das\u0165 je vo v\u00fd\u0161ke 44 cm, \u0161\u00edrka seda\u010dky je 94 cm, strana bez opierky je \u0161irok\u00e1 98 cm.<\/p>\n<p><strong>Mo\u017enos\u0165 v\u00fdberu po\u0165ahov\u00fdch l\u00e1tok bez pr\u00edplatku<\/strong>. V ponuke s\u00fa po\u0165ahov\u00e9 l\u00e1tky Soro, Aragon a vodeodoln\u00e1 l\u00e1tka Monolith. Vybran\u00fa l\u00e1tku uve\u010fte v pozn\u00e1mke.<\/p>\n<p><strong>\u00a0<\/strong><\/p>\n<div class=\"opis\">\n<div>Parametre seda\u010dky:<\/div>\n<ul>\n<li>V\u00dd\u0160KA [cm]: 80\/97<\/li>\n<li>V\u00dd\u0160KA SEDACEJ PLOCHY [cm] 44<\/li>\n<li>\u0160\u00cdRKA \u00a0[cm]: 276<\/li>\n<li>H\u0139BKA [cm]: 226<\/li>\n<li>H\u0139BKA SEDADLA [cm] 56<\/li>\n<li>MO\u017dNOS\u0164 SPANIA: \u00e1no<\/li>\n<li>PRIESTOR NA SPANIE: 195\/124 cm<\/li>\n<li>\u00daLO\u017dN\u00dd PRIESTOR: \u00e1no<\/li>\n<li>NASTAVITE\u013dN\u00dd PODHLAVN\u00cdK: \u00e1no<\/li>\n<li>NASTAVITE\u013dN\u00c1 LAK\u0164OV\u00c1 OPIERKA: \u00e1no<\/li>\n<li>DRUH N\u00c1PLNE: vlnit\u00e9 pru\u017einy<\/li>\n<li>ROZKLADAC\u00cd MECHANIZMUS: \u00e1no<\/li>\n<li>NOHY: \u00e1no<\/li>\n<li>SP\u00d4SOB BALENIA \u2013 PO\u010cET BAL\u00cdKOV: 2<\/li>\n<li>HMOTNOS\u0164 [kg] 135<\/li>\n<\/ul>\n<\/div>\n<\/div>\n","protected":false},"excerpt":{"rendered":"<p>Modern\u00e1 sedacia s\u00faprava AVANTI\u00a0s polohovac\u00edmi z\u00e1hlavn\u00edkmi a podr\u00fa\u010dkami. Zdvihnut\u00e9, \u010di sklopen\u00e9. Nastavte si ich pod\u013ea chuti.\u00a0Polohovacie opierky hlavy s\u00fa slas\u0165ou pre va\u0161e stuhnut\u00e9 svaly. Polohovacia podr\u00fa\u010dka u\u017e len dopln\u00ed dokonal\u00fd relax, ktor\u00fd za\u017eijete so sedacou s\u00fapravou AVANTI. Sed\u00e1k seda\u010dky je tvoren\u00fd vlnovcovou pru\u017einou FALISTA a kvalitnou vysokoelastickou penou + PUR penou, \u010do zaru\u010duje pohodlie a&#8230;<\/p>\n","protected":false},"featured_media":124736,"comment_status":"closed","ping_status":"closed","template":"","meta":{"_seopress_robots_primary_cat":"140","_seopress_titles_title":"","_seopress_titles_desc":"","_seopress_robots_index":""},"product_brand":[],"product_cat":[255,140],"product_tag":[],"class_list":{"0":"post-55622","1":"product","2":"type-product","3":"status-publish","4":"has-post-thumbnail","6":"product_cat-rohove-supravy","7":"product_cat-sedacie-supravy","9":"first","10":"onbackorder","11":"shipping-taxable","12":"purchasable","13":"product-type-variable"},"_links":{"self":[{"href":"https:\/\/nabytoklaguna.sk\/sk\/wp-json\/wp\/v2\/product\/55622","targetHints":{"allow":["GET"]}}],"collection":[{"href":"https:\/\/nabytoklaguna.sk\/sk\/wp-json\/wp\/v2\/product"}],"about":[{"href":"https:\/\/nabytoklaguna.sk\/sk\/wp-json\/wp\/v2\/types\/product"}],"replies":[{"embeddable":true,"href":"https:\/\/nabytoklaguna.sk\/sk\/wp-json\/wp\/v2\/comments?post=55622"}],"wp:featuredmedia":[{"embeddable":true,"href":"https:\/\/nabytoklaguna.sk\/sk\/wp-json\/wp\/v2\/media\/124736"}],"wp:attachment":[{"href":"https:\/\/nabytoklaguna.sk\/sk\/wp-json\/wp\/v2\/media?parent=55622"}],"wp:term":[{"taxonomy":"product_brand","embeddable":true,"href":"https:\/\/nabytoklaguna.sk\/sk\/wp-json\/wp\/v2\/product_brand?post=55622"},{"taxonomy":"product_cat","embeddable":true,"href":"https:\/\/nabytoklaguna.sk\/sk\/wp-json\/wp\/v2\/product_cat?post=55622"},{"taxonomy":"product_tag","embeddable":true,"href":"https:\/\/nabytoklaguna.sk\/sk\/wp-json\/wp\/v2\/product_tag?post=55622"}],"curies":[{"name":"wp","href":"https:\/\/api.w.org\/{rel}","templated":true}]}}