{"id":55772,"date":"2021-04-30T11:04:14","date_gmt":"2021-04-30T09:04:14","guid":{"rendered":"https:\/\/nabytoklaguna.sk\/sk\/?post_type=product&#038;p=55772"},"modified":"2025-02-13T10:55:18","modified_gmt":"2025-02-13T09:55:18","slug":"barello","status":"publish","type":"product","link":"https:\/\/nabytoklaguna.sk\/sk\/produkt\/barello\/","title":{"rendered":"STG LORA"},"content":{"rendered":"<p><strong>LORA <\/strong>je syst\u00e9m oddychov\u00e9ho n\u00e1bytku s\u00a0neobmedzen\u00fdm vzh\u013eadom a funk\u010dnos\u0165ou.<\/p>\n<p>Z pripraven\u00fdch modulov si ka\u017ed\u00fd m\u00f4\u017ee \u013eubovo\u013ene skompletizova\u0165 ve\u013ek\u00fa, <strong>multifunk\u010dn\u00fa sedaciu s\u00fapravu<\/strong> alebo aj menej ok\u00e1zal\u00fd, ale rovnako reprezentat\u00edvny model. Navy\u0161e, k dispoz\u00edcii s\u00fa pohovky pre 3 alebo 2 osoby a kreslo. Modulov\u00fd syst\u00e9m<strong> LORA<\/strong>\u00a0d\u00e1va vo\u013enos\u0165 pri vo\u013ebe ve\u013ekosti a tvaru sedac\u00edch s\u00faprav.<\/p>\n<p>Sedacia s\u00faprava obsahuje<strong> \u00falo\u017en\u00fd priestor pre maxim\u00e1lny priestor pre va\u0161e veci. <\/strong>Sedaciu s\u00fapravu je samozrejme mo\u017en\u00e9 aj rozlo\u017ei\u0165 s \u010d\u00edm vznikne<strong> plocha na spanie. V\u00fd\u0161ka sedu je pr\u00edjemn\u00fdch 44 cm. <\/strong>Vysok\u00e1 <strong>chrbtov\u00e1 \u010das\u0165<\/strong> poskytuje spr\u00e1vnu oporu pre va\u0161u chrbticu po\u010das sedenia. Sedaciu s\u00fapravu <strong>LORA<\/strong> je mo\u017en\u00e9 objedna\u0165 cel\u00fa v l\u00e1tke, ekoko\u017ei alebo v kombin\u00e1cii l\u00e1tky a ekoko\u017ee. Samozrejmos\u0165ou je aj v\u00fdber <strong>prav\u00e9ho a \u013eav\u00e9ho prevedenia.<\/strong><\/p>\n<p>K sedacej s\u00faprava je mo\u017en\u00e9 dok\u00fapi\u0165<strong> TABURET<\/strong>\u00a0s rozmerom 57x57cm za cenu <strong>169 EUR<\/strong> a\u00a0 <strong>KRESLO<\/strong>\u00a0 za cenu<strong> 359 EUR<\/strong><\/p>\n<p><em><strong>3 najd\u00f4le\u017eitej\u0161ie vlastnosti n\u00e1bytku LORA<\/strong><\/em><\/p>\n<p><em>Je potrebn\u00e9 zd\u00f4razni\u0165, \u017ee syst\u00e9m LORA sa okrem funk\u010dn\u00e9ho h\u013eadiska vyzna\u010duje aj kvalitou prevedenia vzorov. V\u0161etky spoje, pre\u0161itia at\u010f. s\u00fa pevn\u00e9 a odoln\u00e9.<\/em><\/p>\n<p><em><strong>1. pohodln\u00e9 opierky<\/strong><br \/>\n<\/em>ani pr\u00edli\u0161 m\u00e4kk\u00e9, ani tvrd\u00e9, presn\u00e9 tak\u00e9, ak\u00e9\u00a0maj\u00fa by\u0165. Vysk\u00fa\u0161aj a s\u00e1m sa presved\u010d\u00ed\u0161<\/p>\n<p><em><strong>2. \u00farove\u0148 detailov<\/strong><br \/>\nkvalita prevedenia a pozornos\u0165 upriamen\u00e1 na\u00a0detaily \u2013 to s\u00fa na\u0161e priority<\/em><\/p>\n<p><em><strong>3. stabiln\u00e9 no\u017ei\u010dky<br \/>\n<\/strong><\/em><em>s\u00fa pevn\u00fdm z\u00e1kladom a zd\u00f4raz\u0148uj\u00fa sol\u00eddny\u00a0vzh\u013ead n\u00e1bytku<\/em><\/p>\n<p><strong>VZORKOVN\u00cdK L\u00c1TOK<\/strong><\/p>\n<p><a href=\"https:\/\/nabytoklaguna.sk\/sk\/wp-content\/uploads\/2021\/02\/stagra-vzorkovniky.docx\"><img loading=\"lazy\" decoding=\"async\" class=\"alignnone size-full wp-image-100592\" src=\"https:\/\/nabytoklaguna.sk\/sk\/wp-content\/uploads\/2021\/01\/tlacidlo-vzorkovnik-latok-2.jpg\" alt=\"tlacidlo vzorkovnik latok (2)\" width=\"100\" height=\"100\" \/><\/a><\/p>\n<p><a href=\"https:\/\/nabytoklaguna.sk\/sk\/wp-content\/uploads\/2021\/02\/stagra-vzorkovniky.docx\">Ceny s\u00fa platn\u00e9 pre cenov\u00fa skupinu 0.<\/a><\/p>\n<h3 class=\"page-product-heading\">VLASTNOSTI<\/h3>\n<table class=\"table-data-sheet\">\n<tbody>\n<tr class=\"odd\">\n<td>H\u013abka<\/td>\n<td>212 cm<\/td>\n<\/tr>\n<tr class=\"even\">\n<td>\u0160\u00edrka<\/td>\n<td>262 cm<\/td>\n<\/tr>\n<tr class=\"odd\">\n<td>V\u00fd\u0161ka<\/td>\n<td>90 cm<\/td>\n<\/tr>\n<tr class=\"even\">\n<td>Vhodn\u00e1 miestnos\u0165<\/td>\n<td>ob\u00fdva\u010dka, spolo\u010densk\u00e1 miestnos\u0165, hotely, kaviarne<\/td>\n<\/tr>\n<tr class=\"odd\">\n<td>Typ n\u00e1bytku<\/td>\n<td>rohov\u00e1 sedacia s\u00faprava<\/td>\n<\/tr>\n<tr class=\"even\">\n<td>\u0160t\u00fdl n\u00e1bytku<\/td>\n<td>modern\u00fd<\/td>\n<\/tr>\n<tr class=\"odd\">\n<td>Z\u00e1ruka<\/td>\n<td>2 roky<\/td>\n<\/tr>\n<tr class=\"even\">\n<td>Sp\u00f4sob dodania<\/td>\n<td>demont v dvoch bal\u00edkoch<\/td>\n<\/tr>\n<tr class=\"odd\">\n<td>Hmotnos\u0165<\/td>\n<td>155 kg<\/td>\n<\/tr>\n<tr class=\"even\">\n<td>\u00dalo\u017en\u00fd priestor<\/td>\n<td>\u00e1no<\/td>\n<\/tr>\n<tr class=\"odd\">\n<td>Rohov\u00e9 prevedenie<\/td>\n<td>\u00e1no<\/td>\n<\/tr>\n<tr class=\"even\">\n<td>V\u00fd\u0161ka sed\u00e1ka<\/td>\n<td>44 cm<\/td>\n<\/tr>\n<tr class=\"odd\">\n<td>V\u00fd\u0161ka zadn\u00e9ho \u010dela<\/td>\n<td>max. 90 cm<\/td>\n<\/tr>\n<tr class=\"even\">\n<td>Mo\u017enos\u0165 rozkladania<\/td>\n<td>\u00e1no<\/td>\n<\/tr>\n<tr class=\"odd\">\n<td>Plocha po rozlo\u017een\u00ed<\/td>\n<td>120x250cm<\/td>\n<\/tr>\n<tr class=\"even\">\n<td>Kon\u0161trukcia<\/td>\n<td>mas\u00edv<\/td>\n<\/tr>\n<tr class=\"odd\">\n<td>N\u00f4\u017eky<\/td>\n<td>kov<\/td>\n<\/tr>\n<tr class=\"even\">\n<td>Obsahuje vank\u00fa\u0161e<\/td>\n<td>nie<\/td>\n<\/tr>\n<tr class=\"odd\">\n<td>Nastavenie opierok<\/td>\n<td>nie<\/td>\n<\/tr>\n<tr class=\"even\">\n<td>V\u00fdpl\u0148 seda\u010dky<\/td>\n<td>pena+ pru\u017eina<\/td>\n<\/tr>\n<\/tbody>\n<\/table>\n<p>&nbsp;<\/p>\n","protected":false},"excerpt":{"rendered":"<p>LORA je syst\u00e9m oddychov\u00e9ho n\u00e1bytku s\u00a0neobmedzen\u00fdm vzh\u013eadom a funk\u010dnos\u0165ou. Z pripraven\u00fdch modulov si ka\u017ed\u00fd m\u00f4\u017ee \u013eubovo\u013ene skompletizova\u0165 ve\u013ek\u00fa, multifunk\u010dn\u00fa sedaciu s\u00fapravu alebo aj menej ok\u00e1zal\u00fd, ale rovnako reprezentat\u00edvny model. Navy\u0161e, k dispoz\u00edcii s\u00fa pohovky pre 3 alebo 2 osoby a kreslo. Modulov\u00fd syst\u00e9m LORA\u00a0d\u00e1va vo\u013enos\u0165 pri vo\u013ebe ve\u013ekosti a tvaru sedac\u00edch s\u00faprav. Sedacia s\u00faprava obsahuje&#8230;<\/p>\n","protected":false},"featured_media":55766,"comment_status":"closed","ping_status":"closed","template":"","meta":{"_seopress_robots_primary_cat":"255","_seopress_titles_title":"","_seopress_titles_desc":"","_seopress_robots_index":""},"product_brand":[],"product_cat":[255,140],"product_tag":[],"class_list":{"0":"post-55772","1":"product","2":"type-product","3":"status-publish","4":"has-post-thumbnail","6":"product_cat-rohove-supravy","7":"product_cat-sedacie-supravy","9":"first","10":"onbackorder","11":"shipping-taxable","12":"purchasable","13":"product-type-variable"},"_links":{"self":[{"href":"https:\/\/nabytoklaguna.sk\/sk\/wp-json\/wp\/v2\/product\/55772","targetHints":{"allow":["GET"]}}],"collection":[{"href":"https:\/\/nabytoklaguna.sk\/sk\/wp-json\/wp\/v2\/product"}],"about":[{"href":"https:\/\/nabytoklaguna.sk\/sk\/wp-json\/wp\/v2\/types\/product"}],"replies":[{"embeddable":true,"href":"https:\/\/nabytoklaguna.sk\/sk\/wp-json\/wp\/v2\/comments?post=55772"}],"wp:featuredmedia":[{"embeddable":true,"href":"https:\/\/nabytoklaguna.sk\/sk\/wp-json\/wp\/v2\/media\/55766"}],"wp:attachment":[{"href":"https:\/\/nabytoklaguna.sk\/sk\/wp-json\/wp\/v2\/media?parent=55772"}],"wp:term":[{"taxonomy":"product_brand","embeddable":true,"href":"https:\/\/nabytoklaguna.sk\/sk\/wp-json\/wp\/v2\/product_brand?post=55772"},{"taxonomy":"product_cat","embeddable":true,"href":"https:\/\/nabytoklaguna.sk\/sk\/wp-json\/wp\/v2\/product_cat?post=55772"},{"taxonomy":"product_tag","embeddable":true,"href":"https:\/\/nabytoklaguna.sk\/sk\/wp-json\/wp\/v2\/product_tag?post=55772"}],"curies":[{"name":"wp","href":"https:\/\/api.w.org\/{rel}","templated":true}]}}