{"id":55872,"date":"2021-04-30T11:04:14","date_gmt":"2021-04-30T09:04:14","guid":{"rendered":"https:\/\/nabytoklaguna.sk\/sk\/?post_type=product&#038;p=55872"},"modified":"2025-02-12T14:30:41","modified_gmt":"2025-02-12T13:30:41","slug":"chantal-l","status":"publish","type":"product","link":"https:\/\/nabytoklaguna.sk\/sk\/produkt\/chantal-l\/","title":{"rendered":"STG RACHEL L"},"content":{"rendered":"<p><strong>Modern\u00e1 sedacia<\/strong> s\u00faprava\u00a0 <strong>RACHEL<\/strong>\u00a0<strong>\u00a0<\/strong> v tvare L, <strong>s rozkladom a \u00falo\u017en\u00fdm priestorom<\/strong>. V cene nie s\u00fa zahrnut\u00e9 vank\u00fa\u0161e. <strong>Kovov\u00e9 nohy<\/strong>. Sedacia s\u00faprava je vybaven\u00e1 pru\u017einami<strong> FALISTE,<\/strong> ktor\u00e9 v kombin\u00e1cii s polyuret\u00e1novou penou zabezpe\u010duj\u00fa <strong>vysok\u00fd komfort sedenia<\/strong> \u2013 stredne m\u00e4kk\u00e9 sedenie. Mo\u017enos\u0165 objedna\u0165 prav\u00e9 alebo \u013eav\u00e9 prevedenie je pri tejto kr\u00e1snej <strong>modernej sedacej<\/strong> s\u00faprave <strong>RACHEL<\/strong> samozrejmos\u0165ou.<\/p>\n<p>K sedacej s\u00faprave je mo\u017en\u00e9 dok\u00fapi\u0165<strong> kreslo<\/strong> za cenu 368 EUR a <strong>taburet<\/strong> za cenu 175 EUR. Rozmer kresla 95x91x90 cm a rozmer taburetky 72x50x44 cm. Fotka je len ilustra\u010dn\u00e1.<\/p>\n<p><strong>Cena<\/strong>\u00a0<strong>sa men\u00ed v z\u00e1vislosti od v\u00fdberu po\u0165ahovej l\u00e1tky. Cena je uveden\u00e1 v cenovej skupine 0.<\/strong><\/p>\n<p><strong>VZORKOVN\u00cdK L\u00c1TOK<\/strong><\/p>\n<p><a href=\"https:\/\/nabytoklaguna.sk\/sk\/wp-content\/uploads\/2021\/02\/stagra-vzorkovniky.docx\"><img loading=\"lazy\" decoding=\"async\" class=\"alignnone size-full wp-image-100592\" src=\"https:\/\/nabytoklaguna.sk\/sk\/wp-content\/uploads\/2021\/01\/tlacidlo-vzorkovnik-latok-2.jpg\" alt=\"tlacidlo vzorkovnik latok (2)\" width=\"100\" height=\"100\" \/><\/a><\/p>\n<p>Pri objedn\u00e1vka pros\u00edm uve\u010fte do pozn\u00e1mky typ l\u00e1tky.V pr\u00edpade ot\u00e1zok n\u00e1s nev\u00e1hajte kontaktova\u0165<\/p>\n<h3 class=\"page-product-heading\">VLASTNOSTI<\/h3>\n<table class=\"table-data-sheet\">\n<tbody>\n<tr class=\"odd\">\n<td>H\u013abka<\/td>\n<td>220 cm<\/td>\n<\/tr>\n<tr class=\"even\">\n<td>\u0160\u00edrka<\/td>\n<td>255 cm<\/td>\n<\/tr>\n<tr class=\"odd\">\n<td>V\u00fd\u0161ka<\/td>\n<td>90 cm<\/td>\n<\/tr>\n<tr class=\"even\">\n<td>Vhodn\u00e1 miestnos\u0165<\/td>\n<td>ob\u00fdva\u010dka, spolo\u010densk\u00e1 miestnos\u0165, hotely, kaviarne<\/td>\n<\/tr>\n<tr class=\"odd\">\n<td>Typ n\u00e1bytku<\/td>\n<td>rohov\u00e1 sedacia s\u00faprava<\/td>\n<\/tr>\n<tr class=\"even\">\n<td>\u0160t\u00fdl n\u00e1bytku<\/td>\n<td>modern\u00fd<\/td>\n<\/tr>\n<tr class=\"odd\">\n<td>Z\u00e1ruka<\/td>\n<td>2 roky<\/td>\n<\/tr>\n<tr class=\"even\">\n<td>Sp\u00f4sob dodania<\/td>\n<td>demont v dvoch bal\u00edkoch<\/td>\n<\/tr>\n<tr class=\"odd\">\n<td>Hmotnos\u0165<\/td>\n<td>149 kg<\/td>\n<\/tr>\n<tr class=\"even\">\n<td>\u00dalo\u017en\u00fd priestor<\/td>\n<td>\u00e1no<\/td>\n<\/tr>\n<tr class=\"odd\">\n<td>Rohov\u00e9 prevedenie<\/td>\n<td>\u00e1no<\/td>\n<\/tr>\n<tr class=\"even\">\n<td>V\u00fd\u0161ka sed\u00e1ka<\/td>\n<td>44 cm<\/td>\n<\/tr>\n<tr class=\"odd\">\n<td>V\u00fd\u0161ka zadn\u00e9ho \u010dela<\/td>\n<td>max. 90 cm<\/td>\n<\/tr>\n<tr class=\"even\">\n<td>Mo\u017enos\u0165 rozkladania<\/td>\n<td>\u00e1no<\/td>\n<\/tr>\n<tr class=\"odd\">\n<td>Plocha po rozlo\u017een\u00ed<\/td>\n<td>120\u00d7195 cm<\/td>\n<\/tr>\n<tr class=\"even\">\n<td>Kon\u0161trukcia<\/td>\n<td>mas\u00edv<\/td>\n<\/tr>\n<tr class=\"odd\">\n<td>N\u00f4\u017eky<\/td>\n<td>kov<\/td>\n<\/tr>\n<tr class=\"even\">\n<td>Obsahuje vank\u00fa\u0161e<\/td>\n<td>nie<\/td>\n<\/tr>\n<tr class=\"odd\">\n<td>Nastavenie opierok<\/td>\n<td>nie<\/td>\n<\/tr>\n<tr class=\"even\">\n<td>V\u00fdpl\u0148 seda\u010dky<\/td>\n<td>pena+ pru\u017eina<\/td>\n<\/tr>\n<\/tbody>\n<\/table>\n<p><strong>\u00a0<\/strong><\/p>\n<p>&nbsp;<\/p>\n<div id=\"jp-relatedposts\" class=\"jp-relatedposts\">\n<div class=\"jp-relatedposts-items jp-relatedposts-items-minimal jp-relatedposts-grid \"><\/div>\n<\/div>\n","protected":false},"excerpt":{"rendered":"<p>Modern\u00e1 sedacia s\u00faprava\u00a0 RACHEL\u00a0\u00a0 v tvare L, s rozkladom a \u00falo\u017en\u00fdm priestorom. V cene nie s\u00fa zahrnut\u00e9 vank\u00fa\u0161e. Kovov\u00e9 nohy. Sedacia s\u00faprava je vybaven\u00e1 pru\u017einami FALISTE, ktor\u00e9 v kombin\u00e1cii s polyuret\u00e1novou penou zabezpe\u010duj\u00fa vysok\u00fd komfort sedenia \u2013 stredne m\u00e4kk\u00e9 sedenie. Mo\u017enos\u0165 objedna\u0165 prav\u00e9 alebo \u013eav\u00e9 prevedenie je pri tejto kr\u00e1snej modernej sedacej s\u00faprave RACHEL samozrejmos\u0165ou&#8230;.<\/p>\n","protected":false},"featured_media":55875,"comment_status":"closed","ping_status":"closed","template":"","meta":{"_seopress_robots_primary_cat":"140","_seopress_titles_title":"","_seopress_titles_desc":"","_seopress_robots_index":""},"product_brand":[],"product_cat":[255,140],"product_tag":[],"class_list":{"0":"post-55872","1":"product","2":"type-product","3":"status-publish","4":"has-post-thumbnail","6":"product_cat-rohove-supravy","7":"product_cat-sedacie-supravy","9":"first","10":"onbackorder","11":"shipping-taxable","12":"purchasable","13":"product-type-variable"},"_links":{"self":[{"href":"https:\/\/nabytoklaguna.sk\/sk\/wp-json\/wp\/v2\/product\/55872","targetHints":{"allow":["GET"]}}],"collection":[{"href":"https:\/\/nabytoklaguna.sk\/sk\/wp-json\/wp\/v2\/product"}],"about":[{"href":"https:\/\/nabytoklaguna.sk\/sk\/wp-json\/wp\/v2\/types\/product"}],"replies":[{"embeddable":true,"href":"https:\/\/nabytoklaguna.sk\/sk\/wp-json\/wp\/v2\/comments?post=55872"}],"wp:featuredmedia":[{"embeddable":true,"href":"https:\/\/nabytoklaguna.sk\/sk\/wp-json\/wp\/v2\/media\/55875"}],"wp:attachment":[{"href":"https:\/\/nabytoklaguna.sk\/sk\/wp-json\/wp\/v2\/media?parent=55872"}],"wp:term":[{"taxonomy":"product_brand","embeddable":true,"href":"https:\/\/nabytoklaguna.sk\/sk\/wp-json\/wp\/v2\/product_brand?post=55872"},{"taxonomy":"product_cat","embeddable":true,"href":"https:\/\/nabytoklaguna.sk\/sk\/wp-json\/wp\/v2\/product_cat?post=55872"},{"taxonomy":"product_tag","embeddable":true,"href":"https:\/\/nabytoklaguna.sk\/sk\/wp-json\/wp\/v2\/product_tag?post=55872"}],"curies":[{"name":"wp","href":"https:\/\/api.w.org\/{rel}","templated":true}]}}