{"id":56430,"date":"2021-04-30T11:04:14","date_gmt":"2021-04-30T09:04:14","guid":{"rendered":"https:\/\/nabytoklaguna.sk\/sk\/?post_type=product&#038;p=56430"},"modified":"2025-04-09T11:10:07","modified_gmt":"2025-04-09T09:10:07","slug":"selene","status":"publish","type":"product","link":"https:\/\/nabytoklaguna.sk\/sk\/produkt\/selene\/","title":{"rendered":"LENE ob\u00fdvacia stena"},"content":{"rendered":"<p><strong>Modern\u00e1 sektorov\u00e1 ob\u00fdvacia izba LENE<\/strong> v ob\u013e\u00fabenom modernom farebnom preveden\u00ed <strong>biely\/biely lesk<\/strong>. Sektor pon\u00faka mno\u017estvo segmentov, z ktor\u00fdch si vysklad\u00e1te zostavu pod\u013ea svoj\u00edch predstav. <strong>Sektorov\u00fd n\u00e1bytok\u00a0 LENE<\/strong> m\u00e1 <strong>bez\u00fachytov\u00fd syst\u00e9m<\/strong>, ktor\u00fd p\u00f4sob\u00ed moderne a z\u00e1rove\u0148 je ve\u013emi bezpe\u010dn\u00fd. Mo\u017enos\u0165 dok\u00fapenia <strong>LED osvetlenia<\/strong> za pr\u00edplatok<\/p>\n<p><strong>Ob\u00fdvaciu stenu si m\u00f4\u017ete vysklada\u0165 z jednotliv\u00fdch komponentov:<\/strong><\/p>\n<p>Vitr\u00edna\u00a0 LENE 25, rozmer&#8230;\u0160xHxV 50\/39\/196 cm<\/p>\n<p>Poli\u010dka\u00a0 LENE 24, rozmer&#8230;\u0160xHxV 165\/22\/21 cm<\/p>\n<p>Poli\u010dka\u00a0 LENE 23, rozmer&#8230;\u0160xHxV 100\/22\/21 cm<\/p>\n<p>TV Stol\u00edk LENE 9, rozmer&#8230;\u0160xHxV 165\/39\/42 cm<\/p>\n<p>Vitr\u00edna\u00a0 LENE 27, rozmer&#8230;\u0160xHxV 100\/39\/119 cm<\/p>\n<p>Komoda\u00a0 LENE 2, rozmer&#8230;\u0160xHxV 50\/40\/80 cm<\/p>\n<p>Skri\u0148a LENE 28, rozmer&#8230;.\u0160xHxV 100\/58\/216 cm<\/p>\n<p>Reg\u00e1l LENE 11, rozmer&#8230;.\u0160xHxV 50\/35\/145 cm<\/p>\n<p>Skri\u0148a\u00a0 LENE 30, rozmer&#8230;.\u0160xHxV 164\/64\/216 cm<\/p>\n<p>Komoda LENE 5, rozmer&#8230;\u0160xHxV 100\/40\/80 cm<\/p>\n<p>&nbsp;<\/p>\n","protected":false},"excerpt":{"rendered":"<p>Modern\u00e1 sektorov\u00e1 ob\u00fdvacia izba LENE v ob\u013e\u00fabenom modernom farebnom preveden\u00ed biely\/biely lesk. Sektor pon\u00faka mno\u017estvo segmentov, z ktor\u00fdch si vysklad\u00e1te zostavu pod\u013ea svoj\u00edch predstav. Sektorov\u00fd n\u00e1bytok\u00a0 LENE m\u00e1 bez\u00fachytov\u00fd syst\u00e9m, ktor\u00fd p\u00f4sob\u00ed moderne a z\u00e1rove\u0148 je ve\u013emi bezpe\u010dn\u00fd. Mo\u017enos\u0165 dok\u00fapenia LED osvetlenia za pr\u00edplatok Ob\u00fdvaciu stenu si m\u00f4\u017ete vysklada\u0165 z jednotliv\u00fdch komponentov: Vitr\u00edna\u00a0 LENE 25,&#8230;<\/p>\n","protected":false},"featured_media":122582,"comment_status":"closed","ping_status":"closed","template":"","meta":{"_seopress_robots_primary_cat":"182","_seopress_titles_title":"","_seopress_titles_desc":"","_seopress_robots_index":""},"product_brand":[],"product_cat":[182,183],"product_tag":[],"class_list":{"0":"post-56430","1":"product","2":"type-product","3":"status-publish","4":"has-post-thumbnail","6":"product_cat-obyvacie-steny","7":"product_cat-sektorove-obyvacie-steny","8":"pa_typ-produktu-selene-11","9":"pa_typ-produktu-selene-2","10":"pa_typ-produktu-selene-23","11":"pa_typ-produktu-selene-24","12":"pa_typ-produktu-selene-25","13":"pa_typ-produktu-selene-27","14":"pa_typ-produktu-selene-28","15":"pa_typ-produktu-selene-30","16":"pa_typ-produktu-selene-5","17":"pa_typ-produktu-selene-9","19":"first","20":"onbackorder","21":"shipping-taxable","22":"purchasable","23":"product-type-variable"},"_links":{"self":[{"href":"https:\/\/nabytoklaguna.sk\/sk\/wp-json\/wp\/v2\/product\/56430","targetHints":{"allow":["GET"]}}],"collection":[{"href":"https:\/\/nabytoklaguna.sk\/sk\/wp-json\/wp\/v2\/product"}],"about":[{"href":"https:\/\/nabytoklaguna.sk\/sk\/wp-json\/wp\/v2\/types\/product"}],"replies":[{"embeddable":true,"href":"https:\/\/nabytoklaguna.sk\/sk\/wp-json\/wp\/v2\/comments?post=56430"}],"wp:featuredmedia":[{"embeddable":true,"href":"https:\/\/nabytoklaguna.sk\/sk\/wp-json\/wp\/v2\/media\/122582"}],"wp:attachment":[{"href":"https:\/\/nabytoklaguna.sk\/sk\/wp-json\/wp\/v2\/media?parent=56430"}],"wp:term":[{"taxonomy":"product_brand","embeddable":true,"href":"https:\/\/nabytoklaguna.sk\/sk\/wp-json\/wp\/v2\/product_brand?post=56430"},{"taxonomy":"product_cat","embeddable":true,"href":"https:\/\/nabytoklaguna.sk\/sk\/wp-json\/wp\/v2\/product_cat?post=56430"},{"taxonomy":"product_tag","embeddable":true,"href":"https:\/\/nabytoklaguna.sk\/sk\/wp-json\/wp\/v2\/product_tag?post=56430"}],"curies":[{"name":"wp","href":"https:\/\/api.w.org\/{rel}","templated":true}]}}