{"id":56541,"date":"2021-04-30T11:04:14","date_gmt":"2021-04-30T09:04:14","guid":{"rendered":"https:\/\/nabytoklaguna.sk\/sk\/?post_type=product&#038;p=56541"},"modified":"2025-03-19T11:34:01","modified_gmt":"2025-03-19T10:34:01","slug":"dallas-obyvacia-stena","status":"publish","type":"product","link":"https:\/\/nabytoklaguna.sk\/sk\/produkt\/dallas-obyvacia-stena\/","title":{"rendered":"W LLAS ob\u00fdvacia stena"},"content":{"rendered":"<p><strong>Ob\u00fdvacia stena<\/strong> <strong>W LLAS<\/strong> je sektorov\u00fd ob\u00fdvac\u00ed syst\u00e9m, ktor\u00fd prinesie do va\u0161ej ob\u00fdvacej izby <strong>eleganciu a exkluzivitu.<\/strong> Syst\u00e9m Dallas je charakterizovan\u00fd \u010deln\u00fdmi panelmi z<strong> MDF,ABS hrany<\/strong>, tich\u00e9 zatv\u00e1ranie. \u010eal\u0161\u00edm <strong>atrakt\u00edvnym detailom<\/strong> je <strong>dr\u00e1\u017ekovan\u00fd p\u00e1s<\/strong> v dvoch farb\u00e1ch na v\u00fdber (biely alebo orechov\u00fd), ktor\u00fd d\u00e1va n\u00e1bytku charakter. Syst\u00e9m <strong>W LLAS<\/strong> je vo farebnom preveden\u00ed orech\/MDF biely lesk\/orech. Mo\u017enos\u0165 dok\u00fapi\u0165 <strong>LED osvetlenie<\/strong> do vitr\u00edny W LLAS 08\u00a0 a do vitr\u00edny W LLAS 07. D\u00e1 sa objedna\u0165 ako celok alebo ako sektor kde si m\u00f4\u017ete vybra\u0165 pr\u00e1ve tie \u010dasti n\u00e1bytku, ktor\u00e9 V\u00e1m bud\u00fa vyhovova\u0165.<\/p>\n<ul>\n<li>Konferen\u010dn\u00fd stol\u00edk W LLAS 16, rozmer&#8230;\u0160xHxV109\/69\/49 cm,<\/li>\n<li>Komoda W LLAS 04, rozmer&#8230;\u0160xHxV 165\/41\/94 cm,<\/li>\n<li>Vitr\u00edna W LLAS 08, rozmer&#8230;\u0160xHxV 92\/41\/203 cm,<\/li>\n<li>Poli\u010dka W LLAS 12, rozmer&#8230;\u0160xHxV\u00a0 92\/22\/24 cm,<\/li>\n<li>TV stol\u00edk W LLAS 11, rozmer&#8230;\u0160xHxV 165\/41\/55cm,<\/li>\n<li>Vitr\u00edna W LLAS 07, rozmer&#8230;\u0160xHxV 135\/41\/133 cm,<\/li>\n<li>TV stol\u00edk W LLAS 10, rozmer&#8230;\u0160xHxV 138\/41\/55 cm,<\/li>\n<li>Komoda W LLAS 05, rozmer&#8230;\u0160xHxV 92\/41\/133 cm,<\/li>\n<li>Skri\u0148ka W LLAS 02, rozmer&#8230;\u0160xHxV 60\/41\/203 cm,<\/li>\n<li>Skri\u0148a W LLAS 01, rozmer&#8230;\u0160xHxV 92\/62\/203 cm,<\/li>\n<\/ul>\n<p>&nbsp;<\/p>\n","protected":false},"excerpt":{"rendered":"<p>Ob\u00fdvacia stena W LLAS je sektorov\u00fd ob\u00fdvac\u00ed syst\u00e9m, ktor\u00fd prinesie do va\u0161ej ob\u00fdvacej izby eleganciu a exkluzivitu. Syst\u00e9m Dallas je charakterizovan\u00fd \u010deln\u00fdmi panelmi z MDF,ABS hrany, tich\u00e9 zatv\u00e1ranie. \u010eal\u0161\u00edm atrakt\u00edvnym detailom je dr\u00e1\u017ekovan\u00fd p\u00e1s v dvoch farb\u00e1ch na v\u00fdber (biely alebo orechov\u00fd), ktor\u00fd d\u00e1va n\u00e1bytku charakter. Syst\u00e9m W LLAS je vo farebnom preveden\u00ed orech\/MDF biely&#8230;<\/p>\n","protected":false},"featured_media":56547,"comment_status":"closed","ping_status":"closed","template":"","meta":{"_seopress_robots_primary_cat":"182","_seopress_titles_title":"","_seopress_titles_desc":"","_seopress_robots_index":""},"product_brand":[],"product_cat":[182,183],"product_tag":[],"class_list":{"0":"post-56541","1":"product","2":"type-product","3":"status-publish","4":"has-post-thumbnail","6":"product_cat-obyvacie-steny","7":"product_cat-sektorove-obyvacie-steny","8":"pa_typ-produktu-dallas-16-vlozka-biely-lesk","9":"pa_typ-produktu-dallas-16-vlozka-orech","10":"pa_typ-produktu-dallas-01-vlozka-biely-lesk","11":"pa_typ-produktu-dallas-01-vlozka-orech","12":"pa_typ-produktu-dallas-02-vlozka-biely-lesk","13":"pa_typ-produktu-dallas-02-vlozka-orech","14":"pa_typ-produktu-dallas-04-vlozka-biely-lesk","15":"pa_typ-produktu-dallas-04-vlozka-orech","16":"pa_typ-produktu-dallas-05-vlozka-biely-lesk","17":"pa_typ-produktu-dallas-05-vlozka-orech","18":"pa_typ-produktu-dallas-07-vlozka-biely-lesk","19":"pa_typ-produktu-dallas-07-vlozka-orech","20":"pa_typ-produktu-dallas-08-vlozka-biely-lesk","21":"pa_typ-produktu-dallas-08-vlozka-orech","22":"pa_typ-produktu-dallas-10-vlozka-biely-lesk","23":"pa_typ-produktu-dallas-10-vlozka-orech","24":"pa_typ-produktu-dallas-11-vlozka-biely-lesk","25":"pa_typ-produktu-dallas-11-vlozka-orech","26":"pa_typ-produktu-dallas-12-vlozka-biely-lesk","27":"pa_typ-produktu-dallas-12-vlozka-orech","28":"pa_typ-produktu-dallas-14-vlozka-biely-lesk","29":"pa_typ-produktu-dallas-14-vlozka-orech","30":"pa_typ-produktu-dallas-15-vlozka-biely-lesk","31":"pa_typ-produktu-dallas-15-vlozka-orech","33":"first","34":"onbackorder","35":"shipping-taxable","36":"purchasable","37":"product-type-variable"},"_links":{"self":[{"href":"https:\/\/nabytoklaguna.sk\/sk\/wp-json\/wp\/v2\/product\/56541","targetHints":{"allow":["GET"]}}],"collection":[{"href":"https:\/\/nabytoklaguna.sk\/sk\/wp-json\/wp\/v2\/product"}],"about":[{"href":"https:\/\/nabytoklaguna.sk\/sk\/wp-json\/wp\/v2\/types\/product"}],"replies":[{"embeddable":true,"href":"https:\/\/nabytoklaguna.sk\/sk\/wp-json\/wp\/v2\/comments?post=56541"}],"wp:featuredmedia":[{"embeddable":true,"href":"https:\/\/nabytoklaguna.sk\/sk\/wp-json\/wp\/v2\/media\/56547"}],"wp:attachment":[{"href":"https:\/\/nabytoklaguna.sk\/sk\/wp-json\/wp\/v2\/media?parent=56541"}],"wp:term":[{"taxonomy":"product_brand","embeddable":true,"href":"https:\/\/nabytoklaguna.sk\/sk\/wp-json\/wp\/v2\/product_brand?post=56541"},{"taxonomy":"product_cat","embeddable":true,"href":"https:\/\/nabytoklaguna.sk\/sk\/wp-json\/wp\/v2\/product_cat?post=56541"},{"taxonomy":"product_tag","embeddable":true,"href":"https:\/\/nabytoklaguna.sk\/sk\/wp-json\/wp\/v2\/product_tag?post=56541"}],"curies":[{"name":"wp","href":"https:\/\/api.w.org\/{rel}","templated":true}]}}