{"id":57060,"date":"2021-04-30T11:04:14","date_gmt":"2021-04-30T09:04:14","guid":{"rendered":"https:\/\/nabytoklaguna.sk\/sk\/?post_type=product&#038;p=57060"},"modified":"2026-01-15T00:56:35","modified_gmt":"2026-01-14T23:56:35","slug":"hc-486","status":"publish","type":"product","link":"https:\/\/nabytoklaguna.sk\/sk\/produkt\/hc-486\/","title":{"rendered":"HC-486"},"content":{"rendered":"<p><span id=\"ctl00_ctl00_PageCPH_MainCPH_PopisLb\">Modern\u00e1 jed\u00e1lensk\u00e1 stoli\u010dka je \u010dal\u00fanen\u00e1 \u0161edou l\u00e1tkou s dekorat\u00edvnym bielym <strong>pre\u0161it\u00edm<\/strong> sed\u00e1ku a operadla. Oku lahodiaci design pod\u010diarkuje kovov\u00e1 podno\u017e s <strong>chr\u00f3movou<\/strong> \u00fapravou. Podno\u017e je naviac \u0161peci\u00e1lne tvarovan\u00e1 pre lep\u0161iu stabilitu a bezpe\u010dnos\u0165. Ka\u017ed\u00e1 zo \u0161tyroch n\u00f4h je na \u010diernom <strong>plastovom klz\u00e1ku<\/strong>, \u010do zn\u00ed\u017ei riziko po\u0161kodenia Va\u0161ej podlahy. Pre jednoduch\u0161iu manipul\u00e1ciu m\u00e1 stoli\u010dka aj <strong>madlo<\/strong> v hornej \u010dasti operadla, ktor\u00e1 je kovov\u00e1 a tie\u017e s chr\u00f3movou \u00fapravou. Mo\u017enos\u0165 v\u00fdberu farebn\u00e9ho prevedenia: l\u00e1tka \u0161ed\u00e1, l\u00e1tka hned\u00e1, l\u00e1tka kr\u00e9mov\u00e1, l\u00e1tka strieborn\u00e1<\/span><\/p>\n<p>ROZMER<\/p>\n<p>\u0161\u00edrka: 43 cm<\/p>\n<p>h\u013abka: 57 cm<\/p>\n<p>v\u00fd\u0161ka: 98 cm<\/p>\n<p>v\u00fd\u0161ka sedu: 46 cm<\/p>\n<p>nosnos\u0165: 110 kg<\/p>\n<p>dod\u00e1van\u00e9 v demonte<\/p>\n","protected":false},"excerpt":{"rendered":"<p>Modern\u00e1 jed\u00e1lensk\u00e1 stoli\u010dka je \u010dal\u00fanen\u00e1 \u0161edou l\u00e1tkou s dekorat\u00edvnym bielym pre\u0161it\u00edm sed\u00e1ku a operadla. Oku lahodiaci design pod\u010diarkuje kovov\u00e1 podno\u017e s chr\u00f3movou \u00fapravou. Podno\u017e je naviac \u0161peci\u00e1lne tvarovan\u00e1 pre lep\u0161iu stabilitu a bezpe\u010dnos\u0165. Ka\u017ed\u00e1 zo \u0161tyroch n\u00f4h je na \u010diernom plastovom klz\u00e1ku, \u010do zn\u00ed\u017ei riziko po\u0161kodenia Va\u0161ej podlahy. Pre jednoduch\u0161iu manipul\u00e1ciu m\u00e1 stoli\u010dka aj madlo&#8230;<\/p>\n","protected":false},"featured_media":79548,"comment_status":"closed","ping_status":"closed","template":"","meta":{"_seopress_robots_primary_cat":"239","_seopress_titles_title":"","_seopress_titles_desc":"","_seopress_robots_index":""},"product_brand":[],"product_cat":[239,237],"product_tag":[],"class_list":{"0":"post-57060","1":"product","2":"type-product","3":"status-publish","4":"has-post-thumbnail","6":"product_cat-kovove-stolicky","7":"product_cat-stolicky","8":"pa_farba-hneda","9":"pa_farba-kremova","10":"pa_farba-siva","11":"pa_farba-strieborna","13":"first","14":"onbackorder","15":"shipping-taxable","16":"purchasable","17":"product-type-variable"},"_links":{"self":[{"href":"https:\/\/nabytoklaguna.sk\/sk\/wp-json\/wp\/v2\/product\/57060","targetHints":{"allow":["GET"]}}],"collection":[{"href":"https:\/\/nabytoklaguna.sk\/sk\/wp-json\/wp\/v2\/product"}],"about":[{"href":"https:\/\/nabytoklaguna.sk\/sk\/wp-json\/wp\/v2\/types\/product"}],"replies":[{"embeddable":true,"href":"https:\/\/nabytoklaguna.sk\/sk\/wp-json\/wp\/v2\/comments?post=57060"}],"wp:featuredmedia":[{"embeddable":true,"href":"https:\/\/nabytoklaguna.sk\/sk\/wp-json\/wp\/v2\/media\/79548"}],"wp:attachment":[{"href":"https:\/\/nabytoklaguna.sk\/sk\/wp-json\/wp\/v2\/media?parent=57060"}],"wp:term":[{"taxonomy":"product_brand","embeddable":true,"href":"https:\/\/nabytoklaguna.sk\/sk\/wp-json\/wp\/v2\/product_brand?post=57060"},{"taxonomy":"product_cat","embeddable":true,"href":"https:\/\/nabytoklaguna.sk\/sk\/wp-json\/wp\/v2\/product_cat?post=57060"},{"taxonomy":"product_tag","embeddable":true,"href":"https:\/\/nabytoklaguna.sk\/sk\/wp-json\/wp\/v2\/product_tag?post=57060"}],"curies":[{"name":"wp","href":"https:\/\/api.w.org\/{rel}","templated":true}]}}