{"id":57324,"date":"2021-04-30T11:04:14","date_gmt":"2021-04-30T09:04:14","guid":{"rendered":"https:\/\/nabytoklaguna.sk\/sk\/?post_type=product&#038;p=57324"},"modified":"2024-04-17T12:58:38","modified_gmt":"2024-04-17T10:58:38","slug":"beta-iv","status":"publish","type":"product","link":"https:\/\/nabytoklaguna.sk\/sk\/produkt\/beta-iv\/","title":{"rendered":"KSAWER 100 skri\u0148a"},"content":{"rendered":"<p>\u0160atn\u00edkov\u00e1 skri\u0148a <strong>KSAWER 100\u00a0<\/strong> obsahuj\u00faca dvoje posuvn\u00e9 dvere dotvor\u00ed Va\u0161u miestnos\u0165. Mnoho \u00falo\u017en\u00e9ho priestoru n\u00e1m pon\u00faka vn\u00fatraj\u0161ok skrine, kde n\u00e1jdeme \u0161atn\u00edkov\u00fa ty\u010d a police.\u00a0 Zrkadlo umiestnen\u00e9 z vonkaj\u0161ej strany na jedenej strane. Je mo\u017en\u00e9 vybra\u0165 si z farieb: biela, sonoma, sonoma\/biela , \u010dierna a choco<\/p>\n<p>Rozmer\/\u0160xHxV\/: 100x62x200cm<\/p>\n<p><strong>Parametre v\u00fdrobku<\/strong><\/p>\n<table border=\"0\" cellspacing=\"5\" cellpadding=\"1\">\n<tbody>\n<tr>\n<td><strong>Typ v\u00fdrobku<\/strong><\/td>\n<td>Skri\u0148a s posuvn\u00fdmi dverami<\/td>\n<\/tr>\n<tr>\n<td><strong>Materi\u00e1l<\/strong><\/td>\n<td>DTD laminovan\u00e1\/sklo<\/td>\n<\/tr>\n<tr>\n<td><strong>Rozmery \u0161\/h\/v<br \/>\n<\/strong><\/td>\n<td>100x58x200cm<\/td>\n<\/tr>\n<tr>\n<td><strong>Balenie<\/strong><\/td>\n<td>demont<\/td>\n<\/tr>\n<tr>\n<td><strong>Z\u00e1ruka<\/strong><\/td>\n<td>2 roky<\/td>\n<\/tr>\n<\/tbody>\n<\/table>\n","protected":false},"excerpt":{"rendered":"<p>\u0160atn\u00edkov\u00e1 skri\u0148a KSAWER 100\u00a0 obsahuj\u00faca dvoje posuvn\u00e9 dvere dotvor\u00ed Va\u0161u miestnos\u0165. Mnoho \u00falo\u017en\u00e9ho priestoru n\u00e1m pon\u00faka vn\u00fatraj\u0161ok skrine, kde n\u00e1jdeme \u0161atn\u00edkov\u00fa ty\u010d a police.\u00a0 Zrkadlo umiestnen\u00e9 z vonkaj\u0161ej strany na jedenej strane. Je mo\u017en\u00e9 vybra\u0165 si z farieb: biela, sonoma, sonoma\/biela , \u010dierna a choco Rozmer\/\u0160xHxV\/: 100x62x200cm Parametre v\u00fdrobku Typ v\u00fdrobku Skri\u0148a s posuvn\u00fdmi dverami&#8230;<\/p>\n","protected":false},"featured_media":121148,"comment_status":"closed","ping_status":"closed","template":"","meta":{"_seopress_robots_primary_cat":"225","_seopress_titles_title":"                                    ","_seopress_titles_desc":"                                    ","_seopress_robots_index":""},"product_brand":[],"product_cat":[1585,225],"product_tag":[],"class_list":{"0":"post-57324","1":"product","2":"type-product","3":"status-publish","4":"has-post-thumbnail","6":"product_cat-s-posuvnymi-dverami","7":"product_cat-skrine","9":"first","10":"onbackorder","11":"shipping-taxable","12":"purchasable","13":"product-type-variable"},"_links":{"self":[{"href":"https:\/\/nabytoklaguna.sk\/sk\/wp-json\/wp\/v2\/product\/57324","targetHints":{"allow":["GET"]}}],"collection":[{"href":"https:\/\/nabytoklaguna.sk\/sk\/wp-json\/wp\/v2\/product"}],"about":[{"href":"https:\/\/nabytoklaguna.sk\/sk\/wp-json\/wp\/v2\/types\/product"}],"replies":[{"embeddable":true,"href":"https:\/\/nabytoklaguna.sk\/sk\/wp-json\/wp\/v2\/comments?post=57324"}],"wp:featuredmedia":[{"embeddable":true,"href":"https:\/\/nabytoklaguna.sk\/sk\/wp-json\/wp\/v2\/media\/121148"}],"wp:attachment":[{"href":"https:\/\/nabytoklaguna.sk\/sk\/wp-json\/wp\/v2\/media?parent=57324"}],"wp:term":[{"taxonomy":"product_brand","embeddable":true,"href":"https:\/\/nabytoklaguna.sk\/sk\/wp-json\/wp\/v2\/product_brand?post=57324"},{"taxonomy":"product_cat","embeddable":true,"href":"https:\/\/nabytoklaguna.sk\/sk\/wp-json\/wp\/v2\/product_cat?post=57324"},{"taxonomy":"product_tag","embeddable":true,"href":"https:\/\/nabytoklaguna.sk\/sk\/wp-json\/wp\/v2\/product_tag?post=57324"}],"curies":[{"name":"wp","href":"https:\/\/api.w.org\/{rel}","templated":true}]}}