{"id":5832,"date":"2021-02-13T11:35:32","date_gmt":"2021-02-13T10:35:32","guid":{"rendered":"http:\/\/nabytoklaguna.sk\/sk\/?post_type=product&#038;p=5832"},"modified":"2025-02-20T15:25:16","modified_gmt":"2025-02-20T14:25:16","slug":"line-3","status":"publish","type":"product","link":"https:\/\/nabytoklaguna.sk\/sk\/produkt\/line-3\/","title":{"rendered":"K LINE"},"content":{"rendered":"<p>Kuchynsk\u00e1 z\u00e1kladn\u00e1 zostava v preveden\u00ed korpus DTD laminovan\u00e1 dub sonoma\/dvierka vysok\u00fd biely lesk HG v cene 1079,- \u20ac. Hr\u00fabka pracovnej dosky 38 mm. Pracovn\u00e9 skrinky, okrem D80ZL a D60KU, s\u00fa dod\u00e1van\u00e9 s pracovnou doskou a spodnou li\u0161tou. Mo\u017enos\u0165 dok\u00fapenia pracovnej dosky za 57 \u20ac\/bm. Syst\u00e9m tich\u00e9ho zatv\u00e1rania dvierok\u00a0 a tich\u00e9ho dorazu z\u00e1suviek.\u00a0 Kuchynsk\u00e1 linka v preveden\u00ed: korpus DTD laminovan\u00e1 biela\/dvierka dub sonoma v cene z\u00e1kladnej zostavy 885\u20ac. Mo\u017enos\u0165 objedna\u0165 ako sektor v obidvoch farebn\u00fdch prevedeniach.<\/p>\n<p>Dod\u00e1van\u00e9 v demonte.<\/p>\n<p>Skrinka horn\u00e1 s dvoma dvierkami G 60 U &#8211;\u00a0<strong>Rozmery: \u0160xVxH<\/strong>: 60x60x32 cm.<br \/>\nSkrinka horn\u00e1 s jedn\u00fdmi dvierkami G 60 OK &#8211;\u00a0<strong>Rozmery: \u0160xVxH:<\/strong> 60x30x32 cm.<br \/>\nSkrinka horn\u00e1 s policou G 20 OTV &#8211;\u00a0<strong>Rozmery: \u0160xVxH<\/strong>: 20x60x30 cm.<br \/>\nSkrinka horn\u00e1 rohov\u00e1 GR &#8211;\u00a0<strong>Rozmery: \u0160xVxH<\/strong>: 52,5x60x52,5 cm.<br \/>\nSkrinka horn\u00e1 s jedin\u00fdmi dvierkami G 40 &#8211;\u00a0<strong>Rozmery: \u0160xVxH<\/strong>: 40x60x32 cm.<br \/>\nSkrinka horn\u00e1 s dvoma dvierkami G 80 &#8211;\u00a0<strong>Rozmery: \u0160xVxH<\/strong>: 80x60x32 cm.<br \/>\nSkrinka horn\u00e1 s dvoma dvierkami G 80 U &#8211;\u00a0<strong>Rozmery: \u0160xVxH<\/strong>: 80x60x32 cm.<br \/>\nSkrinka horn\u00e1 s jedn\u00fdmi dvierkami G 30 &#8211;\u00a0<strong>Rozmery: \u0160xVxH<\/strong>: 30x60x32 cm.<br \/>\nPotravinov\u00e1 skrinka D 60\u00a0 &#8211;<strong>\u00a0Rozmery: \u0160xVxH<\/strong>: 60x202x54,5 cm.<br \/>\nSkrinka doln\u00e1 rohov\u00e1 DR L &#8211;\u00a0<strong>Rozmery: (\u0160xHxV)<\/strong>: 72,5&#215;72,5&#215;82 cm.<br \/>\nSkrinka doln\u00e1 s policou D 20 OTV &#8211;\u00a0<strong>Rozmery: \u0160xVxH<\/strong>: 20&#215;82,5&#215;52,5 cm.<br \/>\nSkrinka doln\u00e1 s jedn\u00fdmi dvierkami D 40 &#8211;<strong>\u00a0Rozmery: \u0160xVxH<\/strong>: 40x82x54,5 cm.<br \/>\nSkrinka doln\u00e1 s troma z\u00e1suvkami D 60 30 ZAS &#8211;\u00a0<strong>Rozmery: \u0160xVxH<\/strong>: 60x82x54,5 cm.<br \/>\nSkrinka doln\u00e1 dvojdverov\u00e1 drezov\u00e1 D 60 KU &#8211;\u00a0<strong>Rozmery: \u0160xVxH<\/strong>: 80x82x54,5 cm.<br \/>\nSkrinka doln\u00e1 trojz\u00e1suvkov\u00e1 D 80 3 ZAS &#8211;\u00a0<strong>Rozmery: \u0160xVxH<\/strong>: 80x82x54,5 cm.<br \/>\n<span style=\"font-size: 15.008px;\">Skrinka doln\u00e1 dvojdverov\u00e1 drezov\u00e1 D 80 ZL &#8211;\u00a0<\/span><strong>Rozmery: \u0160xVxH<\/strong>: 80x82x54,5 cm.<br \/>\nSkrinka doln\u00e1 dvojdverov\u00e1 D 80 &#8211;\u00a0<strong>Rozmery: \u0160xVxH<\/strong>: 80x82x54,5 cm.<\/p>\n<p>&nbsp;<\/p>\n<p>&nbsp;<\/p>\n","protected":false},"excerpt":{"rendered":"<p><a href=\"mailto:nabytok.laguna@zoznam.sk\"><img loading=\"lazy\" decoding=\"async\" class=\"alignnone size-full wp-image-5342\" src=\"http:\/\/nabytoklaguna.sk\/sk\/wp-content\/uploads\/2017\/01\/N\u00e1vrh.png\" alt=\"\" width=\"366\" height=\"107\" \/><\/a><\/p>\n","protected":false},"featured_media":5845,"comment_status":"closed","ping_status":"closed","template":"","meta":{"_seopress_robots_primary_cat":"248","_seopress_titles_title":"","_seopress_titles_desc":"","_seopress_robots_index":""},"product_brand":[],"product_cat":[248],"product_tag":[],"class_list":{"0":"post-5832","1":"product","2":"type-product","3":"status-publish","4":"has-post-thumbnail","6":"product_cat-kuchyne-sektor","7":"pa_farba-biela-vysoky-lesk","8":"pa_farba-dub-sonoma","9":"pa_typ-produktu-d-20-otv","10":"pa_typ-produktu-d-40","11":"pa_typ-produktu-d-60-2","12":"pa_typ-produktu-d-60-3-zas","13":"pa_typ-produktu-d-60-ku","14":"pa_typ-produktu-d-80-2","15":"pa_typ-produktu-d-80-3-zas","16":"pa_typ-produktu-d-80-zl","17":"pa_typ-produktu-dr-l","18":"pa_typ-produktu-g-20-otv","19":"pa_typ-produktu-g-30","20":"pa_typ-produktu-g-40-2","21":"pa_typ-produktu-g-60-ok","22":"pa_typ-produktu-g-60-u","23":"pa_typ-produktu-g-80-2","24":"pa_typ-produktu-g-80-u","25":"pa_typ-produktu-gr","27":"first","28":"onbackorder","29":"shipping-taxable","30":"purchasable","31":"product-type-variable"},"_links":{"self":[{"href":"https:\/\/nabytoklaguna.sk\/sk\/wp-json\/wp\/v2\/product\/5832","targetHints":{"allow":["GET"]}}],"collection":[{"href":"https:\/\/nabytoklaguna.sk\/sk\/wp-json\/wp\/v2\/product"}],"about":[{"href":"https:\/\/nabytoklaguna.sk\/sk\/wp-json\/wp\/v2\/types\/product"}],"replies":[{"embeddable":true,"href":"https:\/\/nabytoklaguna.sk\/sk\/wp-json\/wp\/v2\/comments?post=5832"}],"wp:featuredmedia":[{"embeddable":true,"href":"https:\/\/nabytoklaguna.sk\/sk\/wp-json\/wp\/v2\/media\/5845"}],"wp:attachment":[{"href":"https:\/\/nabytoklaguna.sk\/sk\/wp-json\/wp\/v2\/media?parent=5832"}],"wp:term":[{"taxonomy":"product_brand","embeddable":true,"href":"https:\/\/nabytoklaguna.sk\/sk\/wp-json\/wp\/v2\/product_brand?post=5832"},{"taxonomy":"product_cat","embeddable":true,"href":"https:\/\/nabytoklaguna.sk\/sk\/wp-json\/wp\/v2\/product_cat?post=5832"},{"taxonomy":"product_tag","embeddable":true,"href":"https:\/\/nabytoklaguna.sk\/sk\/wp-json\/wp\/v2\/product_tag?post=5832"}],"curies":[{"name":"wp","href":"https:\/\/api.w.org\/{rel}","templated":true}]}}