{"id":59662,"date":"2021-05-30T11:04:14","date_gmt":"2021-05-30T09:04:14","guid":{"rendered":"https:\/\/nabytoklaguna.sk\/sk\/?post_type=product&#038;p=59662"},"modified":"2025-02-11T13:15:28","modified_gmt":"2025-02-11T12:15:28","slug":"fabio-rohova-sedacia-suprava","status":"publish","type":"product","link":"https:\/\/nabytoklaguna.sk\/sk\/produkt\/fabio-rohova-sedacia-suprava\/","title":{"rendered":"P FABIO ROHOV\u00c1 SEDACIA S\u00daPRAVA"},"content":{"rendered":"<p>Rohov\u00e1 sedacia s\u00faprava <strong>FABIO<\/strong> je modern\u00e1, pohodln\u00e1 a taktie\u017e praktick\u00e1. V\u00fdpl\u0148 sed\u00e1kov tvoria pru\u017einy <strong>FALISTA+PUR PENA<\/strong> ktor\u00e9 zaru\u010duj\u00fa pohodlie aj po dlh\u0161ej dobe sedenia. Komfortn\u00e9 sedenie V\u00e1m zaru\u010dia aj <strong>polohovate\u013en\u00e9 z\u00e1hlavniky<\/strong>. Ve\u013emi ob\u013e\u00faben\u00e9 u tejto sedacej s\u00fapravy s\u00fa jej <strong>polohovate\u013en\u00e9 podr\u00fa\u010dky,<\/strong>\u00a0ktor\u00e9 mo\u017eno pohodlne nastavi\u0165 tak, ako len chcete, aby sa v\u00e1m sedelo e\u0161te <strong>pohodlnej\u0161ie<\/strong>. T\u00e1to sedacia s\u00faprava nem\u00e1 \u00falo\u017en\u00fd priestor. Sedaciu s\u00fapravu si mo\u017ete vybra\u0165<strong> s rozkladom<\/strong> alebo <strong>bez rozkladu.<\/strong> Jednoduch\u00fdmi krokmi rozlo\u017e\u00edte sedaciu s\u00fapravu, \u010d\u00edm V\u00e1m vznikne plocha pre pr\u00edle\u017eitostn\u00e9 <strong>spanie s rozmerom 120x190cm<\/strong>. Mo\u017enos\u0165 v\u00fdberu prav\u00e9ho alebo \u013eav\u00e9ho prevedenia.<\/p>\n<p>Mo\u017enos\u0165 v\u00fdberu po\u0165ahov\u00fdch l\u00e1tok. V ponuke s\u00fa po\u0165ahov\u00e9 l\u00e1tky Soro, Inari, Orinoco a vodeodoln\u00e1 l\u00e1tka Monolith. Vybran\u00fa l\u00e1tku uve\u010fte v pozn\u00e1mke.<\/p>\n<h3 class=\"page-product-heading\">VLASTNOSTI<\/h3>\n<table class=\"table-data-sheet\">\n<tbody>\n<tr class=\"odd\">\n<td>H\u013abka<\/td>\n<td>190 cm<\/td>\n<\/tr>\n<tr class=\"even\">\n<td>\u0160\u00edrka<\/td>\n<td>260 cm<\/td>\n<\/tr>\n<tr class=\"odd\">\n<td>V\u00fd\u0161ka<\/td>\n<td>79-98 cm<\/td>\n<\/tr>\n<tr class=\"even\">\n<td>Vhodn\u00e1 miestnos\u0165<\/td>\n<td>ob\u00fdva\u010dka, spolo\u010densk\u00e1 miestnos\u0165, hotely, kaviarne<\/td>\n<\/tr>\n<tr class=\"odd\">\n<td>Typ n\u00e1bytku<\/td>\n<td>rohov\u00e1 sedacia s\u00faprava<\/td>\n<\/tr>\n<tr class=\"even\">\n<td>\u0160t\u00fdl n\u00e1bytku<\/td>\n<td>modern\u00fd<\/td>\n<\/tr>\n<tr class=\"odd\">\n<td>Z\u00e1ruka<\/td>\n<td>2 roky<\/td>\n<\/tr>\n<tr class=\"even\">\n<td>Sp\u00f4sob dodania<\/td>\n<td>demont v dvoch bal\u00edkoch<\/td>\n<\/tr>\n<tr class=\"odd\">\n<td>Hmotnos\u0165<\/td>\n<td>145 kg<\/td>\n<\/tr>\n<tr class=\"even\">\n<td>\u00dalo\u017en\u00fd priestor<\/td>\n<td>nie<\/td>\n<\/tr>\n<tr class=\"odd\">\n<td>Rohov\u00e9 prevedenie<\/td>\n<td>\u00e1no<\/td>\n<\/tr>\n<tr class=\"even\">\n<td>V\u00fd\u0161ka sed\u00e1ka<\/td>\n<td>45 cm<\/td>\n<\/tr>\n<tr class=\"odd\">\n<td>V\u00fd\u0161ka zadn\u00e9ho \u010dela<\/td>\n<td>max.98 cm<\/td>\n<\/tr>\n<tr class=\"even\">\n<td>Mo\u017enos\u0165 rozkladania<\/td>\n<td>\u00e1no<\/td>\n<\/tr>\n<tr class=\"odd\">\n<td>Plocha po rozlo\u017een\u00ed<\/td>\n<td>120\u00d7190 cm<\/td>\n<\/tr>\n<tr class=\"even\">\n<td><\/td>\n<td><\/td>\n<\/tr>\n<tr class=\"odd\">\n<td><\/td>\n<td><\/td>\n<\/tr>\n<tr class=\"even\">\n<td>Obsahuje vank\u00fa\u0161e<\/td>\n<td>nie<\/td>\n<\/tr>\n<tr class=\"odd\">\n<td>Nastavenie opierok<\/td>\n<td>\u00e1no<\/td>\n<\/tr>\n<tr class=\"even\">\n<td>V\u00fdpl\u0148 seda\u010dky<\/td>\n<td>pena+ pru\u017eina<\/td>\n<\/tr>\n<\/tbody>\n<\/table>\n<h3 class=\"page-product-heading\"><\/h3>\n","protected":false},"excerpt":{"rendered":"<p>Rohov\u00e1 sedacia s\u00faprava FABIO je modern\u00e1, pohodln\u00e1 a taktie\u017e praktick\u00e1. V\u00fdpl\u0148 sed\u00e1kov tvoria pru\u017einy FALISTA+PUR PENA ktor\u00e9 zaru\u010duj\u00fa pohodlie aj po dlh\u0161ej dobe sedenia. Komfortn\u00e9 sedenie V\u00e1m zaru\u010dia aj polohovate\u013en\u00e9 z\u00e1hlavniky. Ve\u013emi ob\u013e\u00faben\u00e9 u tejto sedacej s\u00fapravy s\u00fa jej polohovate\u013en\u00e9 podr\u00fa\u010dky,\u00a0ktor\u00e9 mo\u017eno pohodlne nastavi\u0165 tak, ako len chcete, aby sa v\u00e1m sedelo e\u0161te pohodlnej\u0161ie. T\u00e1to&#8230;<\/p>\n","protected":false},"featured_media":106712,"comment_status":"closed","ping_status":"closed","template":"","meta":{"_seopress_robots_primary_cat":"140","_seopress_titles_title":"                                    ","_seopress_titles_desc":"                                    ","_seopress_robots_index":""},"product_brand":[],"product_cat":[255,140],"product_tag":[],"class_list":{"0":"post-59662","1":"product","2":"type-product","3":"status-publish","4":"has-post-thumbnail","6":"product_cat-rohove-supravy","7":"product_cat-sedacie-supravy","8":"pa_typ-produktu-bez-rozkladu","9":"pa_typ-produktu-s-rozkladom","11":"first","12":"onbackorder","13":"shipping-taxable","14":"purchasable","15":"product-type-variable"},"_links":{"self":[{"href":"https:\/\/nabytoklaguna.sk\/sk\/wp-json\/wp\/v2\/product\/59662","targetHints":{"allow":["GET"]}}],"collection":[{"href":"https:\/\/nabytoklaguna.sk\/sk\/wp-json\/wp\/v2\/product"}],"about":[{"href":"https:\/\/nabytoklaguna.sk\/sk\/wp-json\/wp\/v2\/types\/product"}],"replies":[{"embeddable":true,"href":"https:\/\/nabytoklaguna.sk\/sk\/wp-json\/wp\/v2\/comments?post=59662"}],"wp:featuredmedia":[{"embeddable":true,"href":"https:\/\/nabytoklaguna.sk\/sk\/wp-json\/wp\/v2\/media\/106712"}],"wp:attachment":[{"href":"https:\/\/nabytoklaguna.sk\/sk\/wp-json\/wp\/v2\/media?parent=59662"}],"wp:term":[{"taxonomy":"product_brand","embeddable":true,"href":"https:\/\/nabytoklaguna.sk\/sk\/wp-json\/wp\/v2\/product_brand?post=59662"},{"taxonomy":"product_cat","embeddable":true,"href":"https:\/\/nabytoklaguna.sk\/sk\/wp-json\/wp\/v2\/product_cat?post=59662"},{"taxonomy":"product_tag","embeddable":true,"href":"https:\/\/nabytoklaguna.sk\/sk\/wp-json\/wp\/v2\/product_tag?post=59662"}],"curies":[{"name":"wp","href":"https:\/\/api.w.org\/{rel}","templated":true}]}}