{"id":59693,"date":"2021-04-30T11:04:14","date_gmt":"2021-04-30T09:04:14","guid":{"rendered":"https:\/\/nabytoklaguna.sk\/sk\/?post_type=product&#038;p=59693"},"modified":"2024-04-23T14:11:07","modified_gmt":"2024-04-23T12:11:07","slug":"collin","status":"publish","type":"product","link":"https:\/\/nabytoklaguna.sk\/sk\/produkt\/collin\/","title":{"rendered":"COLLIN 120 skri\u0148a"},"content":{"rendered":"<p>Modern\u00e1 \u0161atn\u00edkov\u00e1 skri\u0148a <strong>COLLIN 120<\/strong> s posuvn\u00fdmi dverami. Na prv\u00fd poh\u013ead zaujme svojim minimalistick\u00fdm nad\u010dasov\u00fdm dizajnom, ur\u010dite v\u0161ak ocen\u00edte aj <strong>ve\u013ekorys\u00fd<\/strong> priestor, ktor\u00fd poskytuje. Vo vn\u00fatri sa o <strong>poriadok<\/strong> vo Va\u0161ich veciach postaraj\u00fa priestory rozdelen\u00e9 do <strong>dvoch<\/strong> <strong>sektorov<\/strong> &#8211; v pravej \u010dasti s\u00fa <strong>police<\/strong> a v \u013eavej \u010dasti <strong>\u0161atn\u00edkov\u00e1<\/strong> ty\u010d. Skri\u0148a je vyhotoven\u00e1 v kvalitnom preveden\u00ed &#8211; <strong>laminovan\u00e1<\/strong> <strong>MDF<\/strong> a \u013eahkos\u0165 manipul\u00e1cie zabezpe\u010duj\u00fa <strong>kovania<\/strong> spolo\u010dnosti <strong>Sevroll<\/strong>. Mo\u017enos\u0165 v\u00fdberu v <strong>piatich<\/strong> farebn\u00fdch prevedeniach: <strong>biela, sonoma, trufel, \u010dierna a choco. <\/strong><\/p>\n<p><strong>Mo\u017enos\u0165 dok\u00fapi\u0165 LED RGB osvetlenie za 35,- \u20ac <\/strong>(pri objedn\u00e1vke potrebn\u00e9 uvies\u0165 v pozn\u00e1mke).<\/p>\n<p>Rozmer \u0160xVxH: 120 x 200 x 58 cm<\/p>\n<p><strong>Parametre v\u00fdrobku<\/strong><\/p>\n<table border=\"0\" cellspacing=\"5\" cellpadding=\"1\">\n<tbody>\n<tr>\n<td><strong>Typ v\u00fdrobku<\/strong><\/td>\n<td>Skri\u0148a s posuvn\u00fdmi dverami<\/td>\n<\/tr>\n<tr>\n<td><strong>Materi\u00e1l<\/strong><\/td>\n<td>DTD laminovan\u00e1<\/td>\n<\/tr>\n<tr>\n<td><strong>Rozmery \u0161\/v\/h<br \/>\n<\/strong><\/td>\n<td>120x200x58 cm<\/td>\n<\/tr>\n<tr>\n<td><strong>Balenie<\/strong><\/td>\n<td>demont<\/td>\n<\/tr>\n<tr>\n<td><strong>Z\u00e1ruka<\/strong><\/td>\n<td>2 roky<\/td>\n<\/tr>\n<\/tbody>\n<\/table>\n","protected":false},"excerpt":{"rendered":"<p>Modern\u00e1 \u0161atn\u00edkov\u00e1 skri\u0148a COLLIN 120 s posuvn\u00fdmi dverami. Na prv\u00fd poh\u013ead zaujme svojim minimalistick\u00fdm nad\u010dasov\u00fdm dizajnom, ur\u010dite v\u0161ak ocen\u00edte aj ve\u013ekorys\u00fd priestor, ktor\u00fd poskytuje. Vo vn\u00fatri sa o poriadok vo Va\u0161ich veciach postaraj\u00fa priestory rozdelen\u00e9 do dvoch sektorov &#8211; v pravej \u010dasti s\u00fa police a v \u013eavej \u010dasti \u0161atn\u00edkov\u00e1 ty\u010d. Skri\u0148a je vyhotoven\u00e1 v kvalitnom&#8230;<\/p>\n","protected":false},"featured_media":59694,"comment_status":"closed","ping_status":"closed","template":"","meta":{"_seopress_robots_primary_cat":"225","_seopress_titles_title":"                                    ","_seopress_titles_desc":"                                    ","_seopress_robots_index":""},"product_brand":[],"product_cat":[1585,225],"product_tag":[],"class_list":{"0":"post-59693","1":"product","2":"type-product","3":"status-publish","4":"has-post-thumbnail","6":"product_cat-s-posuvnymi-dverami","7":"product_cat-skrine","8":"pa_farba-biela","9":"pa_farba-choco","10":"pa_farba-cierna-2","11":"pa_farba-sonoma","12":"pa_farba-trufel","14":"first","15":"instock","16":"shipping-taxable","17":"purchasable","18":"product-type-variable"},"_links":{"self":[{"href":"https:\/\/nabytoklaguna.sk\/sk\/wp-json\/wp\/v2\/product\/59693","targetHints":{"allow":["GET"]}}],"collection":[{"href":"https:\/\/nabytoklaguna.sk\/sk\/wp-json\/wp\/v2\/product"}],"about":[{"href":"https:\/\/nabytoklaguna.sk\/sk\/wp-json\/wp\/v2\/types\/product"}],"replies":[{"embeddable":true,"href":"https:\/\/nabytoklaguna.sk\/sk\/wp-json\/wp\/v2\/comments?post=59693"}],"wp:featuredmedia":[{"embeddable":true,"href":"https:\/\/nabytoklaguna.sk\/sk\/wp-json\/wp\/v2\/media\/59694"}],"wp:attachment":[{"href":"https:\/\/nabytoklaguna.sk\/sk\/wp-json\/wp\/v2\/media?parent=59693"}],"wp:term":[{"taxonomy":"product_brand","embeddable":true,"href":"https:\/\/nabytoklaguna.sk\/sk\/wp-json\/wp\/v2\/product_brand?post=59693"},{"taxonomy":"product_cat","embeddable":true,"href":"https:\/\/nabytoklaguna.sk\/sk\/wp-json\/wp\/v2\/product_cat?post=59693"},{"taxonomy":"product_tag","embeddable":true,"href":"https:\/\/nabytoklaguna.sk\/sk\/wp-json\/wp\/v2\/product_tag?post=59693"}],"curies":[{"name":"wp","href":"https:\/\/api.w.org\/{rel}","templated":true}]}}