{"id":59871,"date":"2021-04-30T11:04:14","date_gmt":"2021-04-30T09:04:14","guid":{"rendered":"https:\/\/nabytoklaguna.sk\/sk\/?post_type=product&#038;p=59871"},"modified":"2025-02-19T14:32:08","modified_gmt":"2025-02-19T13:32:08","slug":"lahti-pohovka","status":"publish","type":"product","link":"https:\/\/nabytoklaguna.sk\/sk\/produkt\/lahti-pohovka\/","title":{"rendered":"LAHTI POHOVKA"},"content":{"rendered":"<p>LAHTI pohovka je kr\u00e1sna, modern\u00e1 a jednoduch\u00e1 pohovka, ktor\u00e1 je vhodn\u00e1 do ka\u017ed\u00e9ho interi\u00e9ru. Pr\u00edjemn\u00e9 sedenie V\u00e1m zaru\u010dia pru\u017e\u00edna FALISTA+PUR PENA. Pohovka m\u00e1 funkciu rozkladu. Rozlo\u017een\u00edm V\u00e1m vznikne plocha na spanie 125x195cm. V\u00e1\u0161mu zraku ur\u010dite neunikn\u00fa dreven\u00e9 no\u017ei\u010dky z buku, ktor\u00e9 p\u00f4sobia aj ako dizajnov\u00fd prvok. K pohovke je mo\u017en\u00e9 dok\u00fapi\u0165 kreslo aj podno\u017eku. Kreslo za cenu<strong> 289 EUR<\/strong> a podno\u017eka za cenu <strong>105 EUR<\/strong><\/p>\n<p>Rozmer kresla:\u0160xHxV :\u00a0 76x85x105cm<\/p>\n<p>Rozmer podno\u017eky:\u0160xHxV:\u00a0 65x40x40cm<\/p>\n<p>Mo\u017enos\u0165 v\u00fdberu po\u0165ahov\u00fdch l\u00e1tok. V ponuke s\u00fa po\u0165ahov\u00e9 l\u00e1tky Soro, Inari, Orinoco, ekoko\u017ea Madryt a vodeodoln\u00e1 l\u00e1tka Monolith. Vybran\u00fa l\u00e1tku uve\u010fte v pozn\u00e1mke.<\/p>\n<h3 class=\"page-product-heading\">VLASTNOSTI<\/h3>\n<table class=\"table-data-sheet\">\n<tbody>\n<tr class=\"odd\">\n<td>H\u013abka<\/td>\n<td>90 cm<\/td>\n<\/tr>\n<tr class=\"even\">\n<td>\u0160\u00edrka<\/td>\n<td>218 cm<\/td>\n<\/tr>\n<tr class=\"odd\">\n<td>V\u00fd\u0161ka<\/td>\n<td>48 \/105 cm<\/td>\n<\/tr>\n<tr class=\"even\">\n<td>Vhodn\u00e1 miestnos\u0165<\/td>\n<td>ob\u00fdva\u010dka, spolo\u010densk\u00e1 miestnos\u0165, hotely, kaviarne<\/td>\n<\/tr>\n<tr class=\"odd\">\n<td>Typ n\u00e1bytku<\/td>\n<td>pohovka-trojsed<\/td>\n<\/tr>\n<tr class=\"even\">\n<td>\u0160t\u00fdl n\u00e1bytku<\/td>\n<td>modern\u00fd<\/td>\n<\/tr>\n<tr class=\"odd\">\n<td>Z\u00e1ruka<\/td>\n<td>2 roky<\/td>\n<\/tr>\n<tr class=\"even\">\n<td>Sp\u00f4sob dodania<\/td>\n<td>demont v jednom bal\u00edku<\/td>\n<\/tr>\n<tr class=\"odd\">\n<td>Hmotnos\u0165<\/td>\n<td>100 kg<\/td>\n<\/tr>\n<tr class=\"even\">\n<td>\u00dalo\u017en\u00fd priestor<\/td>\n<td>nie<\/td>\n<\/tr>\n<tr class=\"odd\">\n<td>Rohov\u00e9 prevedenie<\/td>\n<td>nie<\/td>\n<\/tr>\n<tr class=\"even\">\n<td>V\u00fd\u0161ka sed\u00e1ka<\/td>\n<td>48cm<\/td>\n<\/tr>\n<tr class=\"odd\">\n<td>V\u00fd\u0161ka zadn\u00e9ho \u010dela<\/td>\n<td>105cm<\/td>\n<\/tr>\n<tr class=\"even\">\n<td>Mo\u017enos\u0165 rozkladania<\/td>\n<td>\u00e1no<\/td>\n<\/tr>\n<tr class=\"odd\">\n<td>Plocha po rozlo\u017een\u00ed<\/td>\n<td>125\u00d7195 cm<\/td>\n<\/tr>\n<tr class=\"even\">\n<td><\/td>\n<td><\/td>\n<\/tr>\n<tr class=\"odd\">\n<td>N\u00f4\u017eky<\/td>\n<td>drevo<\/td>\n<\/tr>\n<tr class=\"even\">\n<td>Obsahuje vank\u00fa\u0161e<\/td>\n<td>nie<\/td>\n<\/tr>\n<tr class=\"odd\">\n<td>Nastavenie opierok<\/td>\n<td>nie<\/td>\n<\/tr>\n<tr class=\"even\">\n<td>V\u00fdpl\u0148 seda\u010dky<\/td>\n<td>pena+ pru\u017eina<\/td>\n<\/tr>\n<\/tbody>\n<\/table>\n","protected":false},"excerpt":{"rendered":"<p>LAHTI pohovka je kr\u00e1sna, modern\u00e1 a jednoduch\u00e1 pohovka, ktor\u00e1 je vhodn\u00e1 do ka\u017ed\u00e9ho interi\u00e9ru. Pr\u00edjemn\u00e9 sedenie V\u00e1m zaru\u010dia pru\u017e\u00edna FALISTA+PUR PENA. Pohovka m\u00e1 funkciu rozkladu. Rozlo\u017een\u00edm V\u00e1m vznikne plocha na spanie 125x195cm. V\u00e1\u0161mu zraku ur\u010dite neunikn\u00fa dreven\u00e9 no\u017ei\u010dky z buku, ktor\u00e9 p\u00f4sobia aj ako dizajnov\u00fd prvok. K pohovke je mo\u017en\u00e9 dok\u00fapi\u0165 kreslo aj podno\u017eku. Kreslo&#8230;<\/p>\n","protected":false},"featured_media":59872,"comment_status":"closed","ping_status":"closed","template":"","meta":{"_seopress_robots_primary_cat":"256","_seopress_titles_title":"                                    ","_seopress_titles_desc":"                                    ","_seopress_robots_index":""},"product_brand":[],"product_cat":[256,140,219],"product_tag":[],"class_list":{"0":"post-59871","1":"product","2":"type-product","3":"status-publish","4":"has-post-thumbnail","6":"product_cat-supravy-311","7":"product_cat-sedacie-supravy","8":"product_cat-pohovky","9":"pa_typ-produktu-kreslo","10":"pa_typ-produktu-podnozka","11":"pa_typ-produktu-trojsed","13":"first","14":"onbackorder","15":"shipping-taxable","16":"purchasable","17":"product-type-variable"},"_links":{"self":[{"href":"https:\/\/nabytoklaguna.sk\/sk\/wp-json\/wp\/v2\/product\/59871","targetHints":{"allow":["GET"]}}],"collection":[{"href":"https:\/\/nabytoklaguna.sk\/sk\/wp-json\/wp\/v2\/product"}],"about":[{"href":"https:\/\/nabytoklaguna.sk\/sk\/wp-json\/wp\/v2\/types\/product"}],"replies":[{"embeddable":true,"href":"https:\/\/nabytoklaguna.sk\/sk\/wp-json\/wp\/v2\/comments?post=59871"}],"wp:featuredmedia":[{"embeddable":true,"href":"https:\/\/nabytoklaguna.sk\/sk\/wp-json\/wp\/v2\/media\/59872"}],"wp:attachment":[{"href":"https:\/\/nabytoklaguna.sk\/sk\/wp-json\/wp\/v2\/media?parent=59871"}],"wp:term":[{"taxonomy":"product_brand","embeddable":true,"href":"https:\/\/nabytoklaguna.sk\/sk\/wp-json\/wp\/v2\/product_brand?post=59871"},{"taxonomy":"product_cat","embeddable":true,"href":"https:\/\/nabytoklaguna.sk\/sk\/wp-json\/wp\/v2\/product_cat?post=59871"},{"taxonomy":"product_tag","embeddable":true,"href":"https:\/\/nabytoklaguna.sk\/sk\/wp-json\/wp\/v2\/product_tag?post=59871"}],"curies":[{"name":"wp","href":"https:\/\/api.w.org\/{rel}","templated":true}]}}