{"id":59925,"date":"2021-04-30T11:04:14","date_gmt":"2021-04-30T09:04:14","guid":{"rendered":"https:\/\/nabytoklaguna.sk\/sk\/?post_type=product&#038;p=59925"},"modified":"2025-04-10T12:01:24","modified_gmt":"2025-04-10T10:01:24","slug":"wertiko-konferencny-stolik-adrk","status":"publish","type":"product","link":"https:\/\/nabytoklaguna.sk\/sk\/produkt\/wertiko-konferencny-stolik-adrk\/","title":{"rendered":"WERTIKO konferen\u010dn\u00fd stol\u00edk ADRK"},"content":{"rendered":"<p><strong>Modern\u00fd<\/strong> konferen\u010dn\u00fd stol\u00edk v <strong>minimalistickom<\/strong> \u0161t\u00fdle vd\u00fdchne Va\u0161ej ob\u00fdvacej izbe <strong>du\u0161u<\/strong>. Vrchn\u00e1 laminovan\u00e1 doska m\u00e1 hr\u00fabku <strong>20<\/strong> <strong>mm<\/strong> a <strong>stabilitu<\/strong> zabezpe\u010duje <strong>ru\u010dne<\/strong> zv\u00e1ran\u00e1 kon\u0161trukcia z <strong>kovov\u00fdch<\/strong> profilov taktie\u017e v <strong>20 mm<\/strong> hr\u00fabke popr\u00e1\u0161kovan\u00e1 v <strong>\u010diernom<\/strong> <strong>mate<\/strong>. Vrchn\u00fa dosku je mo\u017en\u00e9 vybra\u0165 si z <strong>troch<\/strong> preveden\u00ed:<strong> biely lesk, \u010dierny lesk a dub.<\/strong><\/p>\n<p><strong>Rozmery \u0160xVxH:<\/strong> 100 x 45 x 60 cm.<\/p>\n","protected":false},"excerpt":{"rendered":"<p>Modern\u00fd konferen\u010dn\u00fd stol\u00edk v minimalistickom \u0161t\u00fdle vd\u00fdchne Va\u0161ej ob\u00fdvacej izbe du\u0161u. Vrchn\u00e1 laminovan\u00e1 doska m\u00e1 hr\u00fabku 20 mm a stabilitu zabezpe\u010duje ru\u010dne zv\u00e1ran\u00e1 kon\u0161trukcia z kovov\u00fdch profilov taktie\u017e v 20 mm hr\u00fabke popr\u00e1\u0161kovan\u00e1 v \u010diernom mate. Vrchn\u00fa dosku je mo\u017en\u00e9 vybra\u0165 si z troch preveden\u00ed: biely lesk, \u010dierny lesk a dub. Rozmery \u0160xVxH: 100 x&#8230;<\/p>\n","protected":false},"featured_media":59927,"comment_status":"closed","ping_status":"closed","template":"","meta":{"_seopress_robots_primary_cat":"221","_seopress_titles_title":"","_seopress_titles_desc":"","_seopress_robots_index":""},"product_brand":[],"product_cat":[221],"product_tag":[],"class_list":{"0":"post-59925","1":"product","2":"type-product","3":"status-publish","4":"has-post-thumbnail","6":"product_cat-konferencne-stoliky","7":"pa_farba-biela","8":"pa_farba-cierna-2","9":"pa_farba-dub","11":"first","12":"onbackorder","13":"shipping-taxable","14":"purchasable","15":"product-type-variable"},"_links":{"self":[{"href":"https:\/\/nabytoklaguna.sk\/sk\/wp-json\/wp\/v2\/product\/59925","targetHints":{"allow":["GET"]}}],"collection":[{"href":"https:\/\/nabytoklaguna.sk\/sk\/wp-json\/wp\/v2\/product"}],"about":[{"href":"https:\/\/nabytoklaguna.sk\/sk\/wp-json\/wp\/v2\/types\/product"}],"replies":[{"embeddable":true,"href":"https:\/\/nabytoklaguna.sk\/sk\/wp-json\/wp\/v2\/comments?post=59925"}],"wp:featuredmedia":[{"embeddable":true,"href":"https:\/\/nabytoklaguna.sk\/sk\/wp-json\/wp\/v2\/media\/59927"}],"wp:attachment":[{"href":"https:\/\/nabytoklaguna.sk\/sk\/wp-json\/wp\/v2\/media?parent=59925"}],"wp:term":[{"taxonomy":"product_brand","embeddable":true,"href":"https:\/\/nabytoklaguna.sk\/sk\/wp-json\/wp\/v2\/product_brand?post=59925"},{"taxonomy":"product_cat","embeddable":true,"href":"https:\/\/nabytoklaguna.sk\/sk\/wp-json\/wp\/v2\/product_cat?post=59925"},{"taxonomy":"product_tag","embeddable":true,"href":"https:\/\/nabytoklaguna.sk\/sk\/wp-json\/wp\/v2\/product_tag?post=59925"}],"curies":[{"name":"wp","href":"https:\/\/api.w.org\/{rel}","templated":true}]}}