{"id":60020,"date":"2021-04-30T11:04:14","date_gmt":"2021-04-30T09:04:14","guid":{"rendered":"https:\/\/nabytoklaguna.sk\/sk\/?post_type=product&#038;p=60020"},"modified":"2025-04-28T16:39:30","modified_gmt":"2025-04-28T14:39:30","slug":"aridea-rtv-stolik-adrk","status":"publish","type":"product","link":"https:\/\/nabytoklaguna.sk\/sk\/produkt\/aridea-rtv-stolik-adrk\/","title":{"rendered":"ARIDEA RTV stol\u00edk ADRK"},"content":{"rendered":"<p>Pekn\u00fd a <strong>origin\u00e1lny<\/strong> <strong>dizajnov\u00fd<\/strong> k\u00fasok.\u00a0Vyroben\u00fd je z kvalitnej <strong>laminovanej drevotriesky.\u00a0<\/strong>Farebn\u00e9 prevedenie stol\u00edka si m\u00f4\u017eete vybra\u0165 v <strong>\u010diernom<\/strong> alebo <strong>bielom<\/strong> <strong>mate<\/strong> alebo <strong>vysokom<\/strong> <strong>lesku<\/strong>, v <strong>choco<\/strong> dyhe a dyhe <strong>dub<\/strong> <strong>sonoma<\/strong>. <strong>Odkladacie<\/strong> <strong>priestory<\/strong> m\u00e1te k dispoz\u00edcii v <strong>otvorenej<\/strong> stredovej \u010dasti, alebo <strong>dvoch<\/strong> uzatvoren\u00fdch okrajov\u00fdch <strong>skrink\u00e1ch<\/strong>. Ide\u00e1lne miesto pre Va\u0161e dom\u00e1ce kino.<\/p>\n<p><strong>Rozmery \u0160xVxH:<\/strong> 176 x 28 x 40 cm<\/p>\n<ul>\n<li><b>Materi\u00e1l:<\/b>\u00a0DTD laminovan\u00e1<\/li>\n<li><b>Farba:<\/b>\u00a0\u010dierna matn\u00e1, \u010dierna leskl\u00e1, biela matn\u00e1, biela leskl\u00e1, choco, dub sonoma<\/li>\n<li><b>Rozmery (\u0160xHxV):<\/b>\u00a0176 x 28 x 40 cm<\/li>\n<li>Dve skrinky<\/li>\n<li>Otvoren\u00fd \u00falo\u017en\u00fd priestor<\/li>\n<li>Dod\u00e1van\u00e9 v demonte<\/li>\n<\/ul>\n","protected":false},"excerpt":{"rendered":"<p>Pekn\u00fd a origin\u00e1lny dizajnov\u00fd k\u00fasok.\u00a0Vyroben\u00fd je z kvalitnej laminovanej drevotriesky.\u00a0Farebn\u00e9 prevedenie stol\u00edka si m\u00f4\u017eete vybra\u0165 v \u010diernom alebo bielom mate alebo vysokom lesku, v choco dyhe a dyhe dub sonoma. Odkladacie priestory m\u00e1te k dispoz\u00edcii v otvorenej stredovej \u010dasti, alebo dvoch uzatvoren\u00fdch okrajov\u00fdch skrink\u00e1ch. Ide\u00e1lne miesto pre Va\u0161e dom\u00e1ce kino. Rozmery \u0160xVxH: 176 x 28&#8230;<\/p>\n","protected":false},"featured_media":60021,"comment_status":"closed","ping_status":"closed","template":"","meta":{"_seopress_robots_primary_cat":"824","_seopress_titles_title":"                                    ","_seopress_titles_desc":"                                    ","_seopress_robots_index":""},"product_brand":[],"product_cat":[824],"product_tag":[],"class_list":{"0":"post-60020","1":"product","2":"type-product","3":"status-publish","4":"has-post-thumbnail","6":"product_cat-rtv-stoliky","7":"pa_farba-choco","8":"pa_farba-dub-sonoma","9":"pa_farba-leskla-biela","10":"pa_farba-leskla-cierna","11":"pa_farba-matna-biela","12":"pa_farba-matna-cierna","14":"first","15":"onbackorder","16":"shipping-taxable","17":"purchasable","18":"product-type-variable"},"_links":{"self":[{"href":"https:\/\/nabytoklaguna.sk\/sk\/wp-json\/wp\/v2\/product\/60020","targetHints":{"allow":["GET"]}}],"collection":[{"href":"https:\/\/nabytoklaguna.sk\/sk\/wp-json\/wp\/v2\/product"}],"about":[{"href":"https:\/\/nabytoklaguna.sk\/sk\/wp-json\/wp\/v2\/types\/product"}],"replies":[{"embeddable":true,"href":"https:\/\/nabytoklaguna.sk\/sk\/wp-json\/wp\/v2\/comments?post=60020"}],"wp:featuredmedia":[{"embeddable":true,"href":"https:\/\/nabytoklaguna.sk\/sk\/wp-json\/wp\/v2\/media\/60021"}],"wp:attachment":[{"href":"https:\/\/nabytoklaguna.sk\/sk\/wp-json\/wp\/v2\/media?parent=60020"}],"wp:term":[{"taxonomy":"product_brand","embeddable":true,"href":"https:\/\/nabytoklaguna.sk\/sk\/wp-json\/wp\/v2\/product_brand?post=60020"},{"taxonomy":"product_cat","embeddable":true,"href":"https:\/\/nabytoklaguna.sk\/sk\/wp-json\/wp\/v2\/product_cat?post=60020"},{"taxonomy":"product_tag","embeddable":true,"href":"https:\/\/nabytoklaguna.sk\/sk\/wp-json\/wp\/v2\/product_tag?post=60020"}],"curies":[{"name":"wp","href":"https:\/\/api.w.org\/{rel}","templated":true}]}}