{"id":60074,"date":"2021-04-30T11:04:14","date_gmt":"2021-04-30T09:04:14","guid":{"rendered":"https:\/\/nabytoklaguna.sk\/sk\/?post_type=product&#038;p=60074"},"modified":"2025-04-29T11:12:23","modified_gmt":"2025-04-29T09:12:23","slug":"sella-rtv-stolik-a-adrk","status":"publish","type":"product","link":"https:\/\/nabytoklaguna.sk\/sk\/produkt\/sella-rtv-stolik-a-adrk\/","title":{"rendered":"SELLA RTV stol\u00edk ADRK"},"content":{"rendered":"<p>Pekn\u00fd a\u00a0<strong>origin\u00e1lny<\/strong>\u00a0<strong>dizajnov\u00fd<\/strong>\u00a0k\u00fasok.\u00a0Vyroben\u00fd je z kvalitnej\u00a0<strong>laminovanej drevotriesky.\u00a0<\/strong>Farebn\u00e9 prevedenie stol\u00edka si m\u00f4\u017eete vybra\u0165 z r\u00f4znych farebn\u00fdch kombin\u00e1ci\u00ed z ponuky: <b>dub sonoma, biely lesk, biely mat, \u010dierny lesk, \u010dierny mat<\/b>.\u00a0<strong>Odkladacie<\/strong>\u00a0<strong>priestory<\/strong>\u00a0m\u00e1te k dispoz\u00edcii v\u00a0<strong>otvorenej<\/strong>\u00a0stredovej \u010dasti, alebo\u00a0<strong>dvoch<\/strong>\u00a0uzatvoren\u00fdch okrajov\u00fdch\u00a0<strong>skrink\u00e1ch<\/strong>. Ide\u00e1lne miesto pre Va\u0161e dom\u00e1ce kino.<\/p>\n<p><strong>Rozmery \u0160xVxH:<\/strong>\u00a0176 x 28 x 40 cm<\/p>\n<ul>\n<li><b>Materi\u00e1l:<\/b>\u00a0DTD laminovan\u00e1<\/li>\n<li><b>Farba:<\/b>\u00a0\u010dierna matn\u00e1, \u010dierna leskl\u00e1, biela matn\u00e1, biela leskl\u00e1, dub sonoma<\/li>\n<li><b>Rozmery (\u0160xHxV):<\/b>\u00a0176 x 28 x 40 cm<\/li>\n<li>Dve skrinky<\/li>\n<li>Otvoren\u00fd \u00falo\u017en\u00fd priestor<\/li>\n<li>Dod\u00e1van\u00e9 v demonte<\/li>\n<\/ul>\n","protected":false},"excerpt":{"rendered":"<p>Pekn\u00fd a\u00a0origin\u00e1lny\u00a0dizajnov\u00fd\u00a0k\u00fasok.\u00a0Vyroben\u00fd je z kvalitnej\u00a0laminovanej drevotriesky.\u00a0Farebn\u00e9 prevedenie stol\u00edka si m\u00f4\u017eete vybra\u0165 z r\u00f4znych farebn\u00fdch kombin\u00e1ci\u00ed z ponuky: dub sonoma, biely lesk, biely mat, \u010dierny lesk, \u010dierny mat.\u00a0Odkladacie\u00a0priestory\u00a0m\u00e1te k dispoz\u00edcii v\u00a0otvorenej\u00a0stredovej \u010dasti, alebo\u00a0dvoch\u00a0uzatvoren\u00fdch okrajov\u00fdch\u00a0skrink\u00e1ch. Ide\u00e1lne miesto pre Va\u0161e dom\u00e1ce kino. Rozmery \u0160xVxH:\u00a0176 x 28 x 40 cm Materi\u00e1l:\u00a0DTD laminovan\u00e1 Farba:\u00a0\u010dierna matn\u00e1, \u010dierna leskl\u00e1, biela matn\u00e1, biela&#8230;<\/p>\n","protected":false},"featured_media":60101,"comment_status":"closed","ping_status":"closed","template":"","meta":{"_seopress_robots_primary_cat":"824","_seopress_titles_title":"","_seopress_titles_desc":"","_seopress_robots_index":""},"product_brand":[],"product_cat":[824],"product_tag":[],"class_list":{"0":"post-60074","1":"product","2":"type-product","3":"status-publish","4":"has-post-thumbnail","6":"product_cat-rtv-stoliky","8":"first","9":"onbackorder","10":"shipping-taxable","11":"purchasable","12":"product-type-variable"},"_links":{"self":[{"href":"https:\/\/nabytoklaguna.sk\/sk\/wp-json\/wp\/v2\/product\/60074","targetHints":{"allow":["GET"]}}],"collection":[{"href":"https:\/\/nabytoklaguna.sk\/sk\/wp-json\/wp\/v2\/product"}],"about":[{"href":"https:\/\/nabytoklaguna.sk\/sk\/wp-json\/wp\/v2\/types\/product"}],"replies":[{"embeddable":true,"href":"https:\/\/nabytoklaguna.sk\/sk\/wp-json\/wp\/v2\/comments?post=60074"}],"wp:featuredmedia":[{"embeddable":true,"href":"https:\/\/nabytoklaguna.sk\/sk\/wp-json\/wp\/v2\/media\/60101"}],"wp:attachment":[{"href":"https:\/\/nabytoklaguna.sk\/sk\/wp-json\/wp\/v2\/media?parent=60074"}],"wp:term":[{"taxonomy":"product_brand","embeddable":true,"href":"https:\/\/nabytoklaguna.sk\/sk\/wp-json\/wp\/v2\/product_brand?post=60074"},{"taxonomy":"product_cat","embeddable":true,"href":"https:\/\/nabytoklaguna.sk\/sk\/wp-json\/wp\/v2\/product_cat?post=60074"},{"taxonomy":"product_tag","embeddable":true,"href":"https:\/\/nabytoklaguna.sk\/sk\/wp-json\/wp\/v2\/product_tag?post=60074"}],"curies":[{"name":"wp","href":"https:\/\/api.w.org\/{rel}","templated":true}]}}