{"id":6059,"date":"2021-02-13T11:35:32","date_gmt":"2021-02-13T10:35:32","guid":{"rendered":"http:\/\/nabytoklaguna.sk\/sk\/?post_type=product&#038;p=6059"},"modified":"2026-02-18T08:33:17","modified_gmt":"2026-02-18T07:33:17","slug":"helvetia","status":"publish","type":"product","link":"https:\/\/nabytoklaguna.sk\/sk\/produkt\/helvetia\/","title":{"rendered":"HELVETIA matrac"},"content":{"rendered":"<p>Pohodln\u00fd a kvalitn\u00fd pru\u017einov\u00fd matrac s ro\u0161tom. Hypoalerg\u00e9nny, po\u0165ah z bavlny. Pru\u017einov\u00e9 jadro je obalen\u00e9 \u010dal\u00fanick\u00fdm filcom a polyuret\u00e1nov\u00fdm molitanom o hr\u00fabke 2 cm. Nie je nutn\u00e9 dokupova\u0165 ro\u0161t. 2 dostupn\u00e9 rozmery.<\/p>\n","protected":false},"excerpt":{"rendered":"<p>Pohodln\u00fd a kvalitn\u00fd pru\u017einov\u00fd matrac s ro\u0161tom. Hypoalerg\u00e9nny, po\u0165ah z bavlny. Pru\u017einov\u00e9 jadro je obalen\u00e9 \u010dal\u00fanick\u00fdm filcom a polyuret\u00e1nov\u00fdm molitanom o hr\u00fabke 2 cm. Nie je nutn\u00e9 dokupova\u0165 ro\u0161t. 2 dostupn\u00e9 rozmery.<\/p>\n","protected":false},"featured_media":6067,"comment_status":"closed","ping_status":"closed","template":"","meta":{"_seopress_robots_primary_cat":"229","_seopress_titles_title":"","_seopress_titles_desc":"","_seopress_robots_index":""},"product_brand":[],"product_cat":[227,229],"product_tag":[],"class_list":{"0":"post-6059","1":"product","2":"type-product","3":"status-publish","4":"has-post-thumbnail","6":"product_cat-rosty-matrace","7":"product_cat-matrace","9":"first","10":"onbackorder","11":"shipping-taxable","12":"purchasable","13":"product-type-variable"},"_links":{"self":[{"href":"https:\/\/nabytoklaguna.sk\/sk\/wp-json\/wp\/v2\/product\/6059","targetHints":{"allow":["GET"]}}],"collection":[{"href":"https:\/\/nabytoklaguna.sk\/sk\/wp-json\/wp\/v2\/product"}],"about":[{"href":"https:\/\/nabytoklaguna.sk\/sk\/wp-json\/wp\/v2\/types\/product"}],"replies":[{"embeddable":true,"href":"https:\/\/nabytoklaguna.sk\/sk\/wp-json\/wp\/v2\/comments?post=6059"}],"wp:featuredmedia":[{"embeddable":true,"href":"https:\/\/nabytoklaguna.sk\/sk\/wp-json\/wp\/v2\/media\/6067"}],"wp:attachment":[{"href":"https:\/\/nabytoklaguna.sk\/sk\/wp-json\/wp\/v2\/media?parent=6059"}],"wp:term":[{"taxonomy":"product_brand","embeddable":true,"href":"https:\/\/nabytoklaguna.sk\/sk\/wp-json\/wp\/v2\/product_brand?post=6059"},{"taxonomy":"product_cat","embeddable":true,"href":"https:\/\/nabytoklaguna.sk\/sk\/wp-json\/wp\/v2\/product_cat?post=6059"},{"taxonomy":"product_tag","embeddable":true,"href":"https:\/\/nabytoklaguna.sk\/sk\/wp-json\/wp\/v2\/product_tag?post=6059"}],"curies":[{"name":"wp","href":"https:\/\/api.w.org\/{rel}","templated":true}]}}