{"id":60676,"date":"2021-04-30T11:04:14","date_gmt":"2021-04-30T09:04:14","guid":{"rendered":"https:\/\/nabytoklaguna.sk\/sk\/?post_type=product&#038;p=60676"},"modified":"2022-02-28T16:52:28","modified_gmt":"2022-02-28T15:52:28","slug":"aut-2020","status":"publish","type":"product","link":"https:\/\/nabytoklaguna.sk\/sk\/produkt\/aut-2020\/","title":{"rendered":"AUT-2020"},"content":{"rendered":"<p>Modern\u00fd jed\u00e1lensk\u00fd set 1+4 sa sklad\u00e1 zo \u0161tyroch stoli\u010diek a jed\u00e1lensk\u00e9ho stola. Tento set sa stane jedine\u010dn\u00fdm k\u00faskom Va\u0161ej dom\u00e1cnosti. Doska stola je vyroben\u00e1 z MDF , m\u00e1 hr\u00fabku 1,5cm a je pripevnen\u00e1 ku kovovej podno\u017ei. Modern\u00e1 kovov\u00e1 podno\u017e je lakovan\u00e1 \u010diernou matnou farbou, s\u00fa\u010das\u0165ou podno\u017ee s\u00fa plastov\u00e9 klz\u00e1ky, ktor\u00e9 chr\u00e1nia podlahu pred po\u0161koden\u00edm. Sed\u00e1k aj operadlo stoli\u010dky je vyroben\u00e9 z MDF. Kovov\u00e1 podno\u017e na stoli\u010dk\u00e1ch je lakovan\u00e1 matnou \u010diernou farbou. S\u00fa\u010das\u0165ou s\u00fa aj plastov\u00e9 klz\u00e1ky. Jed\u00e1lensk\u00fd set sa vyr\u00e1ba v dekore divok\u00fd dub alebo bet\u00f3n<\/p>\n<p>ROZMERY<\/p>\n<p><strong>Stoli\u010dka<\/strong><\/p>\n<p>\u0160\u00edrka: 39cm<\/p>\n<p>H\u013abka: 48cm<\/p>\n<p>V\u00fd\u0161ka: 82 cm<\/p>\n<p>H\u013abka sedu: 39cm<\/p>\n<p>V\u00fd\u0161ka sedu:44 cm<\/p>\n<p><strong>St\u00f4l<\/strong><\/p>\n<p>\u0160\u00edrka: 110 cm<\/p>\n<p>H\u013abka: 70 cm<\/p>\n<p>V\u00fd\u0161ka: 75 cm<\/p>\n","protected":false},"excerpt":{"rendered":"<p>Modern\u00fd jed\u00e1lensk\u00fd set 1+4 sa sklad\u00e1 zo \u0161tyroch stoli\u010diek a jed\u00e1lensk\u00e9ho stola. Tento set sa stane jedine\u010dn\u00fdm k\u00faskom Va\u0161ej dom\u00e1cnosti. Doska stola je vyroben\u00e1 z MDF , m\u00e1 hr\u00fabku 1,5cm a je pripevnen\u00e1 ku kovovej podno\u017ei. Modern\u00e1 kovov\u00e1 podno\u017e je lakovan\u00e1 \u010diernou matnou farbou, s\u00fa\u010das\u0165ou podno\u017ee s\u00fa plastov\u00e9 klz\u00e1ky, ktor\u00e9 chr\u00e1nia podlahu pred po\u0161koden\u00edm. Sed\u00e1k&#8230;<\/p>\n","protected":false},"featured_media":103428,"comment_status":"closed","ping_status":"closed","template":"","meta":{"_seopress_robots_primary_cat":"243","_seopress_titles_title":"                                    ","_seopress_titles_desc":"                                    ","_seopress_robots_index":""},"product_brand":[],"product_cat":[246,243],"product_tag":[],"class_list":{"0":"post-60676","1":"product","2":"type-product","3":"status-publish","4":"has-post-thumbnail","6":"product_cat-jedalenske-sety","7":"product_cat-stoly","9":"first","10":"onbackorder","11":"shipping-taxable","12":"purchasable","13":"product-type-variable"},"_links":{"self":[{"href":"https:\/\/nabytoklaguna.sk\/sk\/wp-json\/wp\/v2\/product\/60676","targetHints":{"allow":["GET"]}}],"collection":[{"href":"https:\/\/nabytoklaguna.sk\/sk\/wp-json\/wp\/v2\/product"}],"about":[{"href":"https:\/\/nabytoklaguna.sk\/sk\/wp-json\/wp\/v2\/types\/product"}],"replies":[{"embeddable":true,"href":"https:\/\/nabytoklaguna.sk\/sk\/wp-json\/wp\/v2\/comments?post=60676"}],"wp:featuredmedia":[{"embeddable":true,"href":"https:\/\/nabytoklaguna.sk\/sk\/wp-json\/wp\/v2\/media\/103428"}],"wp:attachment":[{"href":"https:\/\/nabytoklaguna.sk\/sk\/wp-json\/wp\/v2\/media?parent=60676"}],"wp:term":[{"taxonomy":"product_brand","embeddable":true,"href":"https:\/\/nabytoklaguna.sk\/sk\/wp-json\/wp\/v2\/product_brand?post=60676"},{"taxonomy":"product_cat","embeddable":true,"href":"https:\/\/nabytoklaguna.sk\/sk\/wp-json\/wp\/v2\/product_cat?post=60676"},{"taxonomy":"product_tag","embeddable":true,"href":"https:\/\/nabytoklaguna.sk\/sk\/wp-json\/wp\/v2\/product_tag?post=60676"}],"curies":[{"name":"wp","href":"https:\/\/api.w.org\/{rel}","templated":true}]}}