{"id":61003,"date":"2021-04-30T11:04:14","date_gmt":"2021-04-30T09:04:14","guid":{"rendered":"https:\/\/nabytoklaguna.sk\/sk\/?post_type=product&#038;p=61003"},"modified":"2024-04-22T12:20:17","modified_gmt":"2024-04-22T10:20:17","slug":"medison-skrina-adrk","status":"publish","type":"product","link":"https:\/\/nabytoklaguna.sk\/sk\/produkt\/medison-skrina-adrk\/","title":{"rendered":"MEDISON 180 skri\u0148a"},"content":{"rendered":"<p>Modern\u00e1 a priestrann\u00e1 \u0161atn\u00edkov\u00e1 skri\u0148a <strong>Medison<\/strong>. Vyroben\u00e1 je v preveden\u00ed <strong>choco<\/strong>, <strong>dub sonoma<\/strong>, v <strong>bielej<\/strong>, <strong>\u010diernej\u00a0<\/strong>a v kvalitnej\u00a0<b>laminovanej DTD<\/b>. Skri\u0148a poskytuje\u00a0<b>\u00falo\u017en\u00fd priestor<\/b>\u00a0ukryt\u00fd za\u00a0<b>posuvn\u00fdmi dverami so zrkadlami<\/b>. Odlo\u017ei\u0165 svoje <strong>oble\u010denie<\/strong>, \u010di <strong>doplnky<\/strong> m\u00f4\u017eete v \u00a0\u010dastiach: <strong>ve\u0161iakovej<\/strong> \u010dasti na \u013eavej strane, <strong>policovej<\/strong> \u010dasti na pravej strane. <strong>Eleganciu<\/strong> skrine pod\u010diarkne <strong>zrkadlo<\/strong>.<\/p>\n<ul>\n<li><b>Materi\u00e1l:<\/b>\u00a0DTD laminovan\u00e1\/zrkadlo<\/li>\n<li><b>Farba:<\/b>\u00a0choco, dub sonoma, biela, \u010dierna<\/li>\n<li><b>Rozmery (\u0160xHxV):<\/b>\u00a0180 x 215 x 58 cm<\/li>\n<li>S posuvn\u00fdmi dverami<\/li>\n<li>So zrkadlom<\/li>\n<li>Policov\u00e1 \u010das\u0165, ve\u0161iakov\u00e1 \u010das\u0165,<\/li>\n<li>Dod\u00e1van\u00e9 v demonte<\/li>\n<\/ul>\n<p><strong>Rozmery (\u0160xVxH):<\/strong> 180 x 215 x 58 cm<\/p>\n","protected":false},"excerpt":{"rendered":"<p>Modern\u00e1 a priestrann\u00e1 \u0161atn\u00edkov\u00e1 skri\u0148a Medison. Vyroben\u00e1 je v preveden\u00ed choco, dub sonoma, v bielej, \u010diernej\u00a0a v kvalitnej\u00a0laminovanej DTD. Skri\u0148a poskytuje\u00a0\u00falo\u017en\u00fd priestor\u00a0ukryt\u00fd za\u00a0posuvn\u00fdmi dverami so zrkadlami. Odlo\u017ei\u0165 svoje oble\u010denie, \u010di doplnky m\u00f4\u017eete v \u00a0\u010dastiach: ve\u0161iakovej \u010dasti na \u013eavej strane, policovej \u010dasti na pravej strane. Eleganciu skrine pod\u010diarkne zrkadlo. Materi\u00e1l:\u00a0DTD laminovan\u00e1\/zrkadlo Farba:\u00a0choco, dub sonoma, biela, \u010dierna&#8230;<\/p>\n","protected":false},"featured_media":61011,"comment_status":"closed","ping_status":"closed","template":"","meta":{"_seopress_robots_primary_cat":"225","_seopress_titles_title":"","_seopress_titles_desc":"","_seopress_robots_index":""},"product_brand":[],"product_cat":[1585,225],"product_tag":[],"class_list":{"0":"post-61003","1":"product","2":"type-product","3":"status-publish","4":"has-post-thumbnail","6":"product_cat-s-posuvnymi-dverami","7":"product_cat-skrine","8":"pa_farba-biela","9":"pa_farba-choco","10":"pa_farba-cierna-2","11":"pa_farba-dub-sonoma","13":"first","14":"onbackorder","15":"shipping-taxable","16":"purchasable","17":"product-type-variable"},"_links":{"self":[{"href":"https:\/\/nabytoklaguna.sk\/sk\/wp-json\/wp\/v2\/product\/61003","targetHints":{"allow":["GET"]}}],"collection":[{"href":"https:\/\/nabytoklaguna.sk\/sk\/wp-json\/wp\/v2\/product"}],"about":[{"href":"https:\/\/nabytoklaguna.sk\/sk\/wp-json\/wp\/v2\/types\/product"}],"replies":[{"embeddable":true,"href":"https:\/\/nabytoklaguna.sk\/sk\/wp-json\/wp\/v2\/comments?post=61003"}],"wp:featuredmedia":[{"embeddable":true,"href":"https:\/\/nabytoklaguna.sk\/sk\/wp-json\/wp\/v2\/media\/61011"}],"wp:attachment":[{"href":"https:\/\/nabytoklaguna.sk\/sk\/wp-json\/wp\/v2\/media?parent=61003"}],"wp:term":[{"taxonomy":"product_brand","embeddable":true,"href":"https:\/\/nabytoklaguna.sk\/sk\/wp-json\/wp\/v2\/product_brand?post=61003"},{"taxonomy":"product_cat","embeddable":true,"href":"https:\/\/nabytoklaguna.sk\/sk\/wp-json\/wp\/v2\/product_cat?post=61003"},{"taxonomy":"product_tag","embeddable":true,"href":"https:\/\/nabytoklaguna.sk\/sk\/wp-json\/wp\/v2\/product_tag?post=61003"}],"curies":[{"name":"wp","href":"https:\/\/api.w.org\/{rel}","templated":true}]}}