{"id":61132,"date":"2021-04-30T11:04:14","date_gmt":"2021-04-30T09:04:14","guid":{"rendered":"https:\/\/nabytoklaguna.sk\/sk\/?post_type=product&#038;p=61132"},"modified":"2024-04-22T12:19:31","modified_gmt":"2024-04-22T10:19:31","slug":"morgan-skrina-adrk","status":"publish","type":"product","link":"https:\/\/nabytoklaguna.sk\/sk\/produkt\/morgan-skrina-adrk\/","title":{"rendered":"MORGAN 180 skri\u0148a"},"content":{"rendered":"<p><strong>Modern\u00e1<\/strong> dvojdverov\u00e1 \u0161atn\u00edkov\u00e1 skri\u0148a\u00a0 <strong>MORGAN 180\u00a0<\/strong> na prv\u00fd poh\u013ead zaujme svojim \u0161t\u00fdlov\u00fdm\u00a0dizajnom umocnen\u00fd<b>\u00a0zrkadlami<\/b>. Skri\u0148a je ur\u010den\u00e1 do ka\u017edej\u00a0<strong>miestnosti<\/strong>\u00a0v byte alebo dome. Ur\u010dite ocen\u00edte\u00a0<strong>ve\u013ekorys\u00fd<\/strong>\u00a0priestor, ktor\u00fd poskytuje. Vo vn\u00fatri sa o\u00a0poriadok vo Va\u0161ich veciach postaraj\u00fa priestory rozdelen\u00e9 do dvoch <strong>sektorov<\/strong>\u00a0\u2013 v \u013eavej \u010dasti je\u00a0<strong>\u0161atn\u00edkov\u00e1 ty\u010d<\/strong>, v pravej \u010dasti s\u00fa\u00a0<strong>police<\/strong>. Skri\u0148a je vyhotoven\u00e1 v kvalitnom preveden\u00ed \u2013\u00a0<strong>laminovan\u00e1<\/strong>\u00a0<strong>MDF<\/strong>. \u013dahkos\u0165 manipul\u00e1cie zabezpe\u010duj\u00fa\u00a0<strong>kovania<\/strong>\u00a0spolo\u010dnosti\u00a0<strong>Sevroll<\/strong>. Mo\u017enos\u0165 v\u00fdberu z <strong>dvoch\u00a0<\/strong>farebn\u00fdch preveden\u00ed:<strong>\u00a0biely korpus + zrkadl\u00e1, \u010dierny korpus + zrkadl\u00e1.<\/strong><\/p>\n<p><strong>Mo\u017enos\u0165 dok\u00fapi\u0165 LED RGB osvetlenie za 39,- \u20ac <\/strong>(pri objedn\u00e1vke potrebn\u00e9 uvies\u0165 v pozn\u00e1mke).<\/p>\n<p>Rozmer (\u0160xVxH): 180 x 215 x 58 cm<\/p>\n<p><strong>Parametre v\u00fdrobku<\/strong><\/p>\n<table border=\"0\" cellspacing=\"5\" cellpadding=\"1\">\n<tbody>\n<tr>\n<td><strong>Typ v\u00fdrobku<\/strong><\/td>\n<td>Skri\u0148a s posuvn\u00fdmi dverami<\/td>\n<\/tr>\n<tr>\n<td><strong>Materi\u00e1l<\/strong><\/td>\n<td>DTD laminovan\u00e1<\/td>\n<\/tr>\n<tr>\n<td><strong>Rozmery \u0161\/v\/h<br \/>\n<\/strong><\/td>\n<td>180 x 215 x 58 cm<\/td>\n<\/tr>\n<tr>\n<td><strong>Balenie<\/strong><\/td>\n<td>demont<\/td>\n<\/tr>\n<\/tbody>\n<\/table>\n","protected":false},"excerpt":{"rendered":"<p>Modern\u00e1 dvojdverov\u00e1 \u0161atn\u00edkov\u00e1 skri\u0148a\u00a0 MORGAN 180\u00a0 na prv\u00fd poh\u013ead zaujme svojim \u0161t\u00fdlov\u00fdm\u00a0dizajnom umocnen\u00fd\u00a0zrkadlami. Skri\u0148a je ur\u010den\u00e1 do ka\u017edej\u00a0miestnosti\u00a0v byte alebo dome. Ur\u010dite ocen\u00edte\u00a0ve\u013ekorys\u00fd\u00a0priestor, ktor\u00fd poskytuje. Vo vn\u00fatri sa o\u00a0poriadok vo Va\u0161ich veciach postaraj\u00fa priestory rozdelen\u00e9 do dvoch sektorov\u00a0\u2013 v \u013eavej \u010dasti je\u00a0\u0161atn\u00edkov\u00e1 ty\u010d, v pravej \u010dasti s\u00fa\u00a0police. Skri\u0148a je vyhotoven\u00e1 v kvalitnom preveden\u00ed \u2013\u00a0laminovan\u00e1\u00a0MDF. \u013dahkos\u0165&#8230;<\/p>\n","protected":false},"featured_media":61137,"comment_status":"closed","ping_status":"closed","template":"","meta":{"_seopress_robots_primary_cat":"225","_seopress_titles_title":"","_seopress_titles_desc":"","_seopress_robots_index":""},"product_brand":[],"product_cat":[1585,225],"product_tag":[],"class_list":{"0":"post-61132","1":"product","2":"type-product","3":"status-publish","4":"has-post-thumbnail","6":"product_cat-s-posuvnymi-dverami","7":"product_cat-skrine","8":"pa_farba-biela-zrkadla","9":"pa_farba-cierna-zrkadla","11":"first","12":"onbackorder","13":"shipping-taxable","14":"purchasable","15":"product-type-variable"},"_links":{"self":[{"href":"https:\/\/nabytoklaguna.sk\/sk\/wp-json\/wp\/v2\/product\/61132","targetHints":{"allow":["GET"]}}],"collection":[{"href":"https:\/\/nabytoklaguna.sk\/sk\/wp-json\/wp\/v2\/product"}],"about":[{"href":"https:\/\/nabytoklaguna.sk\/sk\/wp-json\/wp\/v2\/types\/product"}],"replies":[{"embeddable":true,"href":"https:\/\/nabytoklaguna.sk\/sk\/wp-json\/wp\/v2\/comments?post=61132"}],"wp:featuredmedia":[{"embeddable":true,"href":"https:\/\/nabytoklaguna.sk\/sk\/wp-json\/wp\/v2\/media\/61137"}],"wp:attachment":[{"href":"https:\/\/nabytoklaguna.sk\/sk\/wp-json\/wp\/v2\/media?parent=61132"}],"wp:term":[{"taxonomy":"product_brand","embeddable":true,"href":"https:\/\/nabytoklaguna.sk\/sk\/wp-json\/wp\/v2\/product_brand?post=61132"},{"taxonomy":"product_cat","embeddable":true,"href":"https:\/\/nabytoklaguna.sk\/sk\/wp-json\/wp\/v2\/product_cat?post=61132"},{"taxonomy":"product_tag","embeddable":true,"href":"https:\/\/nabytoklaguna.sk\/sk\/wp-json\/wp\/v2\/product_tag?post=61132"}],"curies":[{"name":"wp","href":"https:\/\/api.w.org\/{rel}","templated":true}]}}