{"id":61170,"date":"2021-04-30T11:04:14","date_gmt":"2021-04-30T09:04:14","guid":{"rendered":"https:\/\/nabytoklaguna.sk\/sk\/?post_type=product&#038;p=61170"},"modified":"2025-10-27T12:20:45","modified_gmt":"2025-10-27T11:20:45","slug":"lucas-symetricke-sedacia-suprava","status":"publish","type":"product","link":"https:\/\/nabytoklaguna.sk\/sk\/produkt\/lucas-symetricke-sedacia-suprava\/","title":{"rendered":"L LUCAS SYMETRICK\u00dd sedacia s\u00faprava"},"content":{"rendered":"<p class=\"p1\">Luxusn\u00e1 rohov\u00e1 sedacia s\u00faprava <strong>L LUCAS SYMETRICK\u00dd<\/strong> je\u00a0 rohov\u00e1 sedacia s\u00faprava <strong>s polohovate\u013en\u00fdmi z\u00e1hlavn\u00edkmi.<\/strong>\u00a0 Jednoduch\u00fdmi krokmi <strong>je mo\u017en\u00e9 sedaciu s\u00fapravu rozlo\u017ei\u0165<\/strong>, \u010d\u00edm V\u00e1m vnikne plocha pre pr\u00edle\u017eitostn\u00e9 spanie s rozmerom 128&#215;207 cm. Veci, ktor\u00e9 chcete ma\u0165 po ruke je mo\u017en\u00e9 ulo\u017ei\u0165 <strong>do \u00falo\u017en\u00e9ho priestoru<\/strong>, ktor\u00fd sa nach\u00e1dza v kon\u0161trukcii sedacej s\u00fapravy. Vn\u00fatro sedacej s\u00fapravy je vyrobene <strong>z vlnitej<\/strong> <strong>pru\u017einy a HR peny<\/strong>. V\u010faka tejto v\u00fdplne bude Va\u0161e <strong>sedenie komfortnej\u0161ie<\/strong> a taktie\u017e \u017eivotnos\u0165 sedacej s\u00fapravy je ove\u013ea dlh\u0161ia. Kon\u0161trukcia sedacej s\u00fapravy<strong> je vyroben\u00e1 z mas\u00edvu<\/strong>.Sedacia s\u00faprava <strong>je o\u010dalunen\u00e1 aj zo zadnej strany<\/strong> tak\u017ee je mo\u017en\u00e9 ju umiestni\u0165 do priestoru. Mo\u017enos\u0165 v\u00fdberu <strong>prav\u00e9ho alebo \u013eav\u00e9ho prevedenia.<\/strong>Ked\u017ee je sedacia s\u00faprava <strong>symetrick\u00e1<\/strong> tak sa prav\u00e9 a \u013eav\u00e9 prevedenie ur\u010duje z d\u00f4vodu umiestnenia rozkladu a \u00falo\u017en\u00e9ho priestoru. K sedacej s\u00faprave je mo\u017en\u00e9 doobjedna\u0165 <strong>kreslo za cenu<\/strong> <strong>410 EUR.<\/strong><\/p>\n<p class=\"p1\"><strong>SEDACIU S\u00daPRAVU JE MO\u017dN\u00c9 VYROBI\u0164 NA MIERU<\/strong>, pod\u013ea Va\u0161\u00edch predst\u00e1v a po\u017eiadaviek \u2013 pri bli\u017e\u0161ie inform\u00e1cie a pomoc s v\u00fdberom n\u00e1s kontaktujte\u00a0<a href=\"mailto:nabytok.laguna@zoznam.sk\">emailom\u00a0<\/a>alebo <strong>telefonicky na tel. \u010d\u00edsle: 0911 918 143.<\/strong><\/p>\n<p>Mo\u017enos\u0165 v\u00fdberu farebn\u00e9ho prevedenia zo vzorkovn\u00edka l\u00e1tok. Odpor\u00fa\u010dame l\u00e1tky:<strong> MONOLITH, POWER, QUATRO, LEA.\u00a0<\/strong><\/p>\n<p>&nbsp;<\/p>\n<h3 class=\"page-product-heading\">VLASTNOSTI<\/h3>\n<table class=\"table-data-sheet\">\n<tbody>\n<tr class=\"odd\">\n<td>H\u013abka<\/td>\n<td>270 cm<\/td>\n<\/tr>\n<tr class=\"even\">\n<td>\u0160\u00edrka<\/td>\n<td>270 cm<\/td>\n<\/tr>\n<tr class=\"odd\">\n<td>V\u00fd\u0161ka<\/td>\n<td>97\/109 cm<\/td>\n<\/tr>\n<tr class=\"even\">\n<td>Vhodn\u00e1 miestnos\u0165<\/td>\n<td>ob\u00fdva\u010dka, spolo\u010densk\u00e1 miestnos\u0165, hotely, kaviarne<\/td>\n<\/tr>\n<tr class=\"odd\">\n<td>Typ n\u00e1bytku<\/td>\n<td>\u00a0Rohov\u00e1 sedacia s\u00faprava<\/td>\n<\/tr>\n<tr class=\"even\">\n<td>\u0160t\u00fdl n\u00e1bytku<\/td>\n<td>modern\u00fd<\/td>\n<\/tr>\n<tr class=\"odd\">\n<td>Z\u00e1ruka<\/td>\n<td>2 roky<\/td>\n<\/tr>\n<tr class=\"even\">\n<td>Sp\u00f4sob dodania<\/td>\n<td>demont v dvoch bal\u00edkoch<\/td>\n<\/tr>\n<tr class=\"odd\">\n<td><\/td>\n<td><\/td>\n<\/tr>\n<tr class=\"even\">\n<td>\u00dalo\u017en\u00fd priestor<\/td>\n<td>\u00e1no<\/td>\n<\/tr>\n<tr class=\"odd\">\n<td>Rohov\u00e9 prevedenie<\/td>\n<td>\u00e1no<\/td>\n<\/tr>\n<tr class=\"even\">\n<td><\/td>\n<td><\/td>\n<\/tr>\n<tr class=\"odd\">\n<td>V\u00fd\u0161ka zadn\u00e9ho \u010dela<\/td>\n<td>max.109 cm<\/td>\n<\/tr>\n<tr class=\"even\">\n<td>Mo\u017enos\u0165 rozkladania<\/td>\n<td>\u00e1no<\/td>\n<\/tr>\n<tr class=\"odd\">\n<td>Plocha po rozlo\u017een\u00ed<\/td>\n<td>128\u00d7207 cm<\/td>\n<\/tr>\n<tr class=\"even\">\n<td>Kon\u0161trukcia<\/td>\n<td>mas\u00edv<\/td>\n<\/tr>\n<tr class=\"odd\">\n<td><\/td>\n<td><\/td>\n<\/tr>\n<tr class=\"even\">\n<td>Obsahuje vank\u00fa\u0161e<\/td>\n<td>nie<\/td>\n<\/tr>\n<tr class=\"odd\">\n<td>Nastavenie opierok<\/td>\n<td>\u00e1no<\/td>\n<\/tr>\n<tr class=\"even\">\n<td>V\u00fdpl\u0148 seda\u010dky<\/td>\n<td>pena+ pru\u017eina<\/td>\n<\/tr>\n<\/tbody>\n<\/table>\n","protected":false},"excerpt":{"rendered":"<p>Luxusn\u00e1 rohov\u00e1 sedacia s\u00faprava L LUCAS SYMETRICK\u00dd je\u00a0 rohov\u00e1 sedacia s\u00faprava s polohovate\u013en\u00fdmi z\u00e1hlavn\u00edkmi.\u00a0 Jednoduch\u00fdmi krokmi je mo\u017en\u00e9 sedaciu s\u00fapravu rozlo\u017ei\u0165, \u010d\u00edm V\u00e1m vnikne plocha pre pr\u00edle\u017eitostn\u00e9 spanie s rozmerom 128&#215;207 cm. Veci, ktor\u00e9 chcete ma\u0165 po ruke je mo\u017en\u00e9 ulo\u017ei\u0165 do \u00falo\u017en\u00e9ho priestoru, ktor\u00fd sa nach\u00e1dza v kon\u0161trukcii sedacej s\u00fapravy. Vn\u00fatro sedacej s\u00fapravy je&#8230;<\/p>\n","protected":false},"featured_media":61172,"comment_status":"closed","ping_status":"closed","template":"","meta":{"_seopress_robots_primary_cat":"140","_seopress_titles_title":"","_seopress_titles_desc":"","_seopress_robots_index":""},"product_brand":[],"product_cat":[140,250],"product_tag":[],"class_list":{"0":"post-61170","1":"product","2":"type-product","3":"status-publish","4":"has-post-thumbnail","6":"product_cat-sedacie-supravy","7":"product_cat-namieru","9":"first","10":"instock","11":"shipping-taxable","12":"purchasable","13":"product-type-variable"},"_links":{"self":[{"href":"https:\/\/nabytoklaguna.sk\/sk\/wp-json\/wp\/v2\/product\/61170","targetHints":{"allow":["GET"]}}],"collection":[{"href":"https:\/\/nabytoklaguna.sk\/sk\/wp-json\/wp\/v2\/product"}],"about":[{"href":"https:\/\/nabytoklaguna.sk\/sk\/wp-json\/wp\/v2\/types\/product"}],"replies":[{"embeddable":true,"href":"https:\/\/nabytoklaguna.sk\/sk\/wp-json\/wp\/v2\/comments?post=61170"}],"wp:featuredmedia":[{"embeddable":true,"href":"https:\/\/nabytoklaguna.sk\/sk\/wp-json\/wp\/v2\/media\/61172"}],"wp:attachment":[{"href":"https:\/\/nabytoklaguna.sk\/sk\/wp-json\/wp\/v2\/media?parent=61170"}],"wp:term":[{"taxonomy":"product_brand","embeddable":true,"href":"https:\/\/nabytoklaguna.sk\/sk\/wp-json\/wp\/v2\/product_brand?post=61170"},{"taxonomy":"product_cat","embeddable":true,"href":"https:\/\/nabytoklaguna.sk\/sk\/wp-json\/wp\/v2\/product_cat?post=61170"},{"taxonomy":"product_tag","embeddable":true,"href":"https:\/\/nabytoklaguna.sk\/sk\/wp-json\/wp\/v2\/product_tag?post=61170"}],"curies":[{"name":"wp","href":"https:\/\/api.w.org\/{rel}","templated":true}]}}